{"id":1453,"date":"2021-01-30T11:12:41","date_gmt":"2021-01-30T11:12:41","guid":{"rendered":"https:\/\/miralis.adburbs.com\/?page_id=1453"},"modified":"2025-12-25T13:13:40","modified_gmt":"2025-12-25T10:13:40","slug":"iletisim","status":"publish","type":"page","link":"https:\/\/miraliseng.com\/tr\/iletisim\/","title":{"rendered":"\u0130leti\u015fim"},"content":{"rendered":"\t\t<div data-elementor-type=\"wp-page\" data-elementor-id=\"1453\" class=\"elementor elementor-1453\">\n\t\t\t\t\t\t<section class=\"elementor-section elementor-top-section elementor-element elementor-element-eef2063 elementor-section-full_width elementor-section-content-middle sc_layouts_row sc_layouts_row_type_compact scheme_dark elementor-section-height-default elementor-section-height-default sc_fly_static\" data-id=\"eef2063\" data-element_type=\"section\" data-e-type=\"section\" data-settings=\"{&quot;background_background&quot;:&quot;classic&quot;}\">\n\t\t\t\t\t\t\t<div class=\"elementor-background-overlay\"><\/div>\n\t\t\t\t\t\t\t<div class=\"elementor-container elementor-column-gap-no\">\n\t\t\t\t\t<div class=\"elementor-column elementor-col-100 elementor-top-column elementor-element elementor-element-ea8fc55 sc_content_align_inherit sc_layouts_column_icons_position_left sc_fly_static\" data-id=\"ea8fc55\" data-element_type=\"column\" data-e-type=\"column\">\n\t\t\t<div class=\"elementor-widget-wrap elementor-element-populated\">\n\t\t\t\t\t\t<section class=\"elementor-section elementor-inner-section elementor-element elementor-element-be8fef7 elementor-section-boxed elementor-section-height-default elementor-section-height-default sc_fly_static\" data-id=\"be8fef7\" data-element_type=\"section\" data-e-type=\"section\">\n\t\t\t\t\t\t<div class=\"elementor-container elementor-column-gap-extended\">\n\t\t\t\t\t<div class=\"elementor-column elementor-col-100 elementor-inner-column elementor-element elementor-element-3424b4c sc_content_align_inherit sc_layouts_column_icons_position_left sc_fly_static\" data-id=\"3424b4c\" data-element_type=\"column\" data-e-type=\"column\">\n\t\t\t<div class=\"elementor-widget-wrap elementor-element-populated\">\n\t\t\t\t\t\t<div class=\"elementor-element elementor-element-7a12a9e sc_fly_static elementor-widget elementor-widget-spacer\" data-id=\"7a12a9e\" data-element_type=\"widget\" data-e-type=\"widget\" data-widget_type=\"spacer.default\">\n\t\t\t\t<div class=\"elementor-widget-container\">\n\t\t\t\t\t\t\t<div class=\"elementor-spacer\">\n\t\t\t<div class=\"elementor-spacer-inner\"><\/div>\n\t\t<\/div>\n\t\t\t\t\t\t<\/div>\n\t\t\t\t<\/div>\n\t\t\t\t<div class=\"elementor-element elementor-element-b52ee5f sc_fly_static elementor-widget elementor-widget-trx_sc_layouts_title\" data-id=\"b52ee5f\" data-element_type=\"widget\" data-e-type=\"widget\" data-widget_type=\"trx_sc_layouts_title.default\">\n\t\t\t\t<div class=\"elementor-widget-container\">\n\t\t\t\t\t<div class=\"sc_layouts_title sc_align_center with_content without_image without_tint\" ><div class=\"sc_layouts_title_content\"><div class=\"sc_layouts_title_title\"><h1 class=\"sc_layouts_title_caption\">\u0130leti\u015fim<\/h1><\/div><\/div><\/div>\t\t\t\t<\/div>\n\t\t\t\t<\/div>\n\t\t\t\t<div class=\"elementor-element elementor-element-aea336c sc_fly_static elementor-widget elementor-widget-spacer\" data-id=\"aea336c\" data-element_type=\"widget\" data-e-type=\"widget\" data-widget_type=\"spacer.default\">\n\t\t\t\t<div class=\"elementor-widget-container\">\n\t\t\t\t\t\t\t<div class=\"elementor-spacer\">\n\t\t\t<div class=\"elementor-spacer-inner\"><\/div>\n\t\t<\/div>\n\t\t\t\t\t\t<\/div>\n\t\t\t\t<\/div>\n\t\t\t\t<div class=\"elementor-element elementor-element-4846cca elementor-view-default sc_fly_static elementor-widget elementor-widget-icon\" data-id=\"4846cca\" data-element_type=\"widget\" data-e-type=\"widget\" data-widget_type=\"icon.default\">\n\t\t\t\t<div class=\"elementor-widget-container\">\n\t\t\t\t\t\t\t<div class=\"elementor-icon-wrapper\">\n\t\t\t<div class=\"elementor-icon\">\n\t\t\t<svg xmlns=\"http:\/\/www.w3.org\/2000\/svg\" width=\"14.626\" height=\"8.639\" viewBox=\"0 0 14.626 8.639\"><g id=\"down-arrow\" transform=\"translate(0 -70.698)\"><g id=\"Group_8820\" data-name=\"Group 8820\" transform=\"translate(0 100.698)\"><path id=\"Path_6507\" data-name=\"Path 6507\" d=\"M14.392,101.42l-.479-.482a.8.8,0,0,0-1.132,0L7.316,106.4l-5.472-5.472a.8.8,0,0,0-1.132,0l-.479.479a.8.8,0,0,0,0,1.131l6.515,6.538a.818.818,0,0,0,.567.257h0a.818.818,0,0,0,.566-.257l6.508-6.52a.808.808,0,0,0,.234-.571A.8.8,0,0,0,14.392,101.42Z\" transform=\"translate(0 -130.698)\"><\/path><\/g><\/g><\/svg>\t\t\t<\/div>\n\t\t<\/div>\n\t\t\t\t\t\t<\/div>\n\t\t\t\t<\/div>\n\t\t\t\t<div class=\"elementor-element elementor-element-ad79de9 sc_height_huge sc_fly_static elementor-widget elementor-widget-spacer\" data-id=\"ad79de9\" data-element_type=\"widget\" data-e-type=\"widget\" data-widget_type=\"spacer.default\">\n\t\t\t\t<div class=\"elementor-widget-container\">\n\t\t\t\t\t\t\t<div class=\"elementor-spacer\">\n\t\t\t<div class=\"elementor-spacer-inner\"><\/div>\n\t\t<\/div>\n\t\t\t\t\t\t<\/div>\n\t\t\t\t<\/div>\n\t\t\t\t\t<\/div>\n\t\t<\/div>\n\t\t\t\t\t<\/div>\n\t\t<\/section>\n\t\t\t\t\t<\/div>\n\t\t<\/div>\n\t\t\t\t\t<\/div>\n\t\t<\/section>\n\t\t\t\t<section class=\"elementor-section elementor-top-section elementor-element elementor-element-dfc7916 elementor-section-full_width elementor-section-height-default elementor-section-height-default sc_fly_static\" data-id=\"dfc7916\" data-element_type=\"section\" data-e-type=\"section\">\n\t\t\t\t\t\t<div class=\"elementor-container elementor-column-gap-extended\">\n\t\t\t\t\t<div class=\"elementor-column elementor-col-100 elementor-top-column elementor-element elementor-element-44ec911 sc_content_align_inherit sc_layouts_column_icons_position_left sc_fly_static\" data-id=\"44ec911\" data-element_type=\"column\" data-e-type=\"column\">\n\t\t\t<div class=\"elementor-widget-wrap elementor-element-populated\">\n\t\t\t\t\t\t<div class=\"elementor-element elementor-element-fa7e7c1 sc_fly_static elementor-widget elementor-widget-html\" data-id=\"fa7e7c1\" data-element_type=\"widget\" data-e-type=\"widget\" data-widget_type=\"html.default\">\n\t\t\t\t<div class=\"elementor-widget-container\">\n\t\t\t\t\t<section class=\"offices-section\">\n  <div class=\"office-card\">\n    <img decoding=\"async\" src=\"\/wp-content\/uploads\/2025\/10\/turkey.png\" alt=\"T\u00fcrkiye Bayra\u011f\u0131\" class=\"office-flag\">\n    <h3>Miralis M\u00fchendislik Ltd. \u015eti.<\/h3>\n    <p class=\"office-sub\">Merkez<\/p>\n    <h4>Ankara, T\u00fcrkiye<\/h4>\n    <p class=\"office-address\">\n      HAB OSB Mah. D10 Sok. No: 2D\/3<br>\n      Kahramankazan - Ankara - T\u00fcrkiye\n    <\/p>\n    <p class=\"office-contact\">\n      <a href=\"tel:+905300151401\">+90 530 015 14 01<\/a> &nbsp; || &nbsp;\n      <a href=\"mailto:miralis@miraliseng.com\">teklif@miraliseng.com<\/a>\n    <\/p>\n  <\/div>\n\n  <div class=\"office-card\">\n    <img decoding=\"async\" src=\"\/wp-content\/uploads\/2025\/10\/turkey.png\" alt=\"T\u00fcrkiye Bayra\u011f\u0131\" class=\"office-flag\">\n    <h3>Miralis M\u00fchendislik Ltd. \u015eti.\n    <p class=\"office-sub\">\u015eube<\/p>\n    <h4>\u0130stanbul, T\u00fcrkiye<\/h4>\n    <p class=\"office-address\">\n      \u00c7aml\u0131k Mah. Sevin Sok. No:2\/14<br>Daire:234 Roya Nova Residans<br>\n      \u00dcmraniye - \u0130stanbul - T\u00fcrkiye\n    <\/p>\n    <p class=\"office-contact\">\n      <a href=\"tel:+905304164066\">+90 530 416 40 66<\/a> &nbsp; || &nbsp;\n      <a href=\"mailto:sami@miraliseng.com\">sami@miraliseng.com<\/a>\n    <\/p>\n  <\/div>\n\n  <div class=\"office-card\">\n    <img decoding=\"async\" src=\"\/wp-content\/uploads\/2025\/10\/bulgaria.png\" alt=\"Bulgaristan Bayra\u011f\u0131\" class=\"office-flag\">\n    <h3>Miralis o.o.d.<\/h3>\n    <p class=\"office-sub\">Depo ve Hizmet Y\u00f6netimi<\/p>\n    <h4>Stara Zagora, Bulgaristan<\/h4>\n    <p class=\"office-address\">\n      \u0411\u042a\u041b\u0413\u0410\u0420\u0418\u042f, \u0441. \u0411\u043e\u0433\u043e\u043c\u0438\u043b\u043e\u0432\u043e,<br>\n      \u0443\u043b. \u041f\u0440\u043e\u043b\u0435\u0442, 16\n    <\/p>\n    <p class=\"office-contact\">\n      <a href=\"tel:+359890333291\">+359 890 333 291<\/a> &nbsp; || &nbsp;\n      <a href=\"mailto:miralis@miraliseng.com\">miralis@miraliseng.com<\/a>\n    <\/p>\n  <\/div>\n<\/section>\t\t\t\t<\/div>\n\t\t\t\t<\/div>\n\t\t\t\t\t<\/div>\n\t\t<\/div>\n\t\t\t\t\t<\/div>\n\t\t<\/section>\n\t\t\t\t<section class=\"elementor-section elementor-top-section elementor-element elementor-element-b35b84a elementor-section-full_width elementor-section-height-default elementor-section-height-default sc_fly_static\" data-id=\"b35b84a\" data-element_type=\"section\" data-e-type=\"section\" data-settings=\"{&quot;background_background&quot;:&quot;classic&quot;}\">\n\t\t\t\t\t\t<div class=\"elementor-container elementor-column-gap-no\">\n\t\t\t\t\t<div class=\"elementor-column elementor-col-100 elementor-top-column elementor-element elementor-element-d92b45a sc_content_align_inherit sc_layouts_column_icons_position_left sc_fly_static\" data-id=\"d92b45a\" data-element_type=\"column\" data-e-type=\"column\">\n\t\t\t<div class=\"elementor-widget-wrap elementor-element-populated\">\n\t\t\t\t\t\t<div class=\"elementor-element elementor-element-0a4c225 sc_fly_static elementor-widget elementor-widget-trx_sc_googlemap\" data-id=\"0a4c225\" data-element_type=\"widget\" data-e-type=\"widget\" data-widget_type=\"trx_sc_googlemap.default\">\n\t\t\t\t<div class=\"elementor-widget-container\">\n\t\t\t\t\t<div id=\"sc_googlemap_238948009_wrap\" class=\"sc_googlemap_wrap\"><div id=\"sc_googlemap_238948009\"\t\t\tclass=\"sc_item_content sc_map sc_googlemap sc_googlemap_default trx_addons_inline_1647391206\"\n\t\t\t \t\t\tdata-zoom=\"12\"\n\t\t\tdata-center=\"\"\n\t\t\tdata-style=\"extra\"\n\t\t\tdata-map-id=\"\"\n\t\t\tdata-cluster-icon=\"\"\n\t\t\t><iframe\n\t\t\t\t\t\tsrc=\"https:\/\/maps.google.com\/maps?t=m&output=embed&iwloc=near&z=12&q=Miralis+Engineering\"\n\t\t\t\t\t\taria-label=\"One\"><\/iframe><\/div><\/div>\t\t\t\t<\/div>\n\t\t\t\t<\/div>\n\t\t\t\t\t<\/div>\n\t\t<\/div>\n\t\t\t\t\t<\/div>\n\t\t<\/section>\n\t\t\t\t<\/div>\n\t\t","protected":false},"excerpt":{"rendered":"<p>Page (post) title Miralis M\u00fchendislik Ltd. \u015eti. Merkez Ankara, T\u00fcrkiye HAB OSB Mah. D10 Sok. No: 2D\/3 Kahramankazan &#8211; Ankara &#8211; T\u00fcrkiye +90 530 015 14 01 &nbsp; || &nbsp;&hellip;<\/p>\n","protected":false},"author":1,"featured_media":0,"parent":0,"menu_order":0,"comment_status":"closed","ping_status":"closed","template":"","meta":{"footnotes":""},"class_list":["post-1453","page","type-page","status-publish","hentry"],"_links":{"self":[{"href":"https:\/\/miraliseng.com\/tr\/wp-json\/wp\/v2\/pages\/1453","targetHints":{"allow":["GET"]}}],"collection":[{"href":"https:\/\/miraliseng.com\/tr\/wp-json\/wp\/v2\/pages"}],"about":[{"href":"https:\/\/miraliseng.com\/tr\/wp-json\/wp\/v2\/types\/page"}],"author":[{"embeddable":true,"href":"https:\/\/miraliseng.com\/tr\/wp-json\/wp\/v2\/users\/1"}],"replies":[{"embeddable":true,"href":"https:\/\/miraliseng.com\/tr\/wp-json\/wp\/v2\/comments?post=1453"}],"version-history":[{"count":23,"href":"https:\/\/miraliseng.com\/tr\/wp-json\/wp\/v2\/pages\/1453\/revisions"}],"predecessor-version":[{"id":22086,"href":"https:\/\/miraliseng.com\/tr\/wp-json\/wp\/v2\/pages\/1453\/revisions\/22086"}],"wp:attachment":[{"href":"https:\/\/miraliseng.com\/tr\/wp-json\/wp\/v2\/media?parent=1453"}],"curies":[{"name":"wp","href":"https:\/\/api.w.org\/{rel}","templated":true}]}}