{"id":21015,"date":"2025-10-21T12:45:36","date_gmt":"2025-10-21T09:45:36","guid":{"rendered":"https:\/\/miralis.adburbs.com\/?page_id=21015"},"modified":"2025-12-06T09:57:31","modified_gmt":"2025-12-06T06:57:31","slug":"hizmetlerimiz","status":"publish","type":"page","link":"https:\/\/miraliseng.com\/tr\/hizmetlerimiz\/","title":{"rendered":"Hizmetlerimiz"},"content":{"rendered":"\t\t<div data-elementor-type=\"wp-page\" data-elementor-id=\"21015\" class=\"elementor elementor-21015\">\n\t\t\t\t\t\t<section class=\"elementor-section elementor-top-section elementor-element elementor-element-10030ee elementor-section-full_width elementor-section-content-middle sc_layouts_row sc_layouts_row_type_compact scheme_dark elementor-section-height-default elementor-section-height-default sc_fly_static\" data-id=\"10030ee\" data-element_type=\"section\" data-e-type=\"section\" data-settings=\"{&quot;background_background&quot;:&quot;classic&quot;}\">\n\t\t\t\t\t\t\t<div class=\"elementor-background-overlay\"><\/div>\n\t\t\t\t\t\t\t<div class=\"elementor-container elementor-column-gap-no\">\n\t\t\t\t\t<div class=\"elementor-column elementor-col-100 elementor-top-column elementor-element elementor-element-b36b0d0 sc_content_align_inherit sc_layouts_column_icons_position_left sc_fly_static\" data-id=\"b36b0d0\" data-element_type=\"column\" data-e-type=\"column\">\n\t\t\t<div class=\"elementor-widget-wrap elementor-element-populated\">\n\t\t\t\t\t\t<section class=\"elementor-section elementor-inner-section elementor-element elementor-element-dd9870f elementor-section-boxed elementor-section-height-default elementor-section-height-default sc_fly_static\" data-id=\"dd9870f\" data-element_type=\"section\" data-e-type=\"section\">\n\t\t\t\t\t\t<div class=\"elementor-container elementor-column-gap-extended\">\n\t\t\t\t\t<div class=\"elementor-column elementor-col-100 elementor-inner-column elementor-element elementor-element-8d7e29c sc_content_align_inherit sc_layouts_column_icons_position_left sc_fly_static\" data-id=\"8d7e29c\" data-element_type=\"column\" data-e-type=\"column\">\n\t\t\t<div class=\"elementor-widget-wrap elementor-element-populated\">\n\t\t\t\t\t\t<div class=\"elementor-element elementor-element-d63aaf0 sc_fly_static elementor-widget elementor-widget-spacer\" data-id=\"d63aaf0\" data-element_type=\"widget\" data-e-type=\"widget\" data-widget_type=\"spacer.default\">\n\t\t\t\t<div class=\"elementor-widget-container\">\n\t\t\t\t\t\t\t<div class=\"elementor-spacer\">\n\t\t\t<div class=\"elementor-spacer-inner\"><\/div>\n\t\t<\/div>\n\t\t\t\t\t\t<\/div>\n\t\t\t\t<\/div>\n\t\t\t\t<div class=\"elementor-element elementor-element-224a14f sc_fly_static elementor-widget elementor-widget-trx_sc_layouts_title\" data-id=\"224a14f\" data-element_type=\"widget\" data-e-type=\"widget\" data-widget_type=\"trx_sc_layouts_title.default\">\n\t\t\t\t<div class=\"elementor-widget-container\">\n\t\t\t\t\t<div class=\"sc_layouts_title sc_align_center with_content without_image without_tint\" ><div class=\"sc_layouts_title_content\"><div class=\"sc_layouts_title_title\"><h1 class=\"sc_layouts_title_caption\">Hizmetlerimiz<\/h1><\/div><\/div><\/div>\t\t\t\t<\/div>\n\t\t\t\t<\/div>\n\t\t\t\t<div class=\"elementor-element elementor-element-520ed14 sc_fly_static elementor-widget elementor-widget-spacer\" data-id=\"520ed14\" data-element_type=\"widget\" data-e-type=\"widget\" data-widget_type=\"spacer.default\">\n\t\t\t\t<div class=\"elementor-widget-container\">\n\t\t\t\t\t\t\t<div class=\"elementor-spacer\">\n\t\t\t<div class=\"elementor-spacer-inner\"><\/div>\n\t\t<\/div>\n\t\t\t\t\t\t<\/div>\n\t\t\t\t<\/div>\n\t\t\t\t<div class=\"elementor-element elementor-element-35672a8 elementor-view-default sc_fly_static elementor-widget elementor-widget-icon\" data-id=\"35672a8\" data-element_type=\"widget\" data-e-type=\"widget\" data-widget_type=\"icon.default\">\n\t\t\t\t<div class=\"elementor-widget-container\">\n\t\t\t\t\t\t\t<div class=\"elementor-icon-wrapper\">\n\t\t\t<div class=\"elementor-icon\">\n\t\t\t<svg xmlns=\"http:\/\/www.w3.org\/2000\/svg\" width=\"14.626\" height=\"8.639\" viewBox=\"0 0 14.626 8.639\"><g id=\"down-arrow\" transform=\"translate(0 -70.698)\"><g id=\"Group_8820\" data-name=\"Group 8820\" transform=\"translate(0 100.698)\"><path id=\"Path_6507\" data-name=\"Path 6507\" d=\"M14.392,101.42l-.479-.482a.8.8,0,0,0-1.132,0L7.316,106.4l-5.472-5.472a.8.8,0,0,0-1.132,0l-.479.479a.8.8,0,0,0,0,1.131l6.515,6.538a.818.818,0,0,0,.567.257h0a.818.818,0,0,0,.566-.257l6.508-6.52a.808.808,0,0,0,.234-.571A.8.8,0,0,0,14.392,101.42Z\" transform=\"translate(0 -130.698)\"><\/path><\/g><\/g><\/svg>\t\t\t<\/div>\n\t\t<\/div>\n\t\t\t\t\t\t<\/div>\n\t\t\t\t<\/div>\n\t\t\t\t<div class=\"elementor-element elementor-element-d079756 sc_height_huge sc_fly_static elementor-widget elementor-widget-spacer\" data-id=\"d079756\" data-element_type=\"widget\" data-e-type=\"widget\" data-widget_type=\"spacer.default\">\n\t\t\t\t<div class=\"elementor-widget-container\">\n\t\t\t\t\t\t\t<div class=\"elementor-spacer\">\n\t\t\t<div class=\"elementor-spacer-inner\"><\/div>\n\t\t<\/div>\n\t\t\t\t\t\t<\/div>\n\t\t\t\t<\/div>\n\t\t\t\t\t<\/div>\n\t\t<\/div>\n\t\t\t\t\t<\/div>\n\t\t<\/section>\n\t\t\t\t\t<\/div>\n\t\t<\/div>\n\t\t\t\t\t<\/div>\n\t\t<\/section>\n\t\t\t\t<section class=\"elementor-section elementor-top-section elementor-element elementor-element-14e8278 elementor-section-boxed elementor-section-height-default elementor-section-height-default sc_fly_static\" data-id=\"14e8278\" data-element_type=\"section\" data-e-type=\"section\">\n\t\t\t\t\t\t<div class=\"elementor-container elementor-column-gap-extended\">\n\t\t\t\t\t<div class=\"elementor-column elementor-col-100 elementor-top-column elementor-element elementor-element-218e7b5 sc_content_align_inherit sc_layouts_column_icons_position_left sc_fly_static\" data-id=\"218e7b5\" data-element_type=\"column\" data-e-type=\"column\">\n\t\t\t<div class=\"elementor-widget-wrap elementor-element-populated\">\n\t\t\t\t\t\t<div class=\"elementor-element elementor-element-2372302 sc_height_medium sc_fly_static elementor-widget elementor-widget-spacer\" data-id=\"2372302\" data-element_type=\"widget\" data-e-type=\"widget\" data-widget_type=\"spacer.default\">\n\t\t\t\t<div class=\"elementor-widget-container\">\n\t\t\t\t\t\t\t<div class=\"elementor-spacer\">\n\t\t\t<div class=\"elementor-spacer-inner\"><\/div>\n\t\t<\/div>\n\t\t\t\t\t\t<\/div>\n\t\t\t\t<\/div>\n\t\t\t\t<div data-animation-type=\"block\" class=\"elementor-element elementor-element-860f710 elementor-widget__width-initial animation_type_block sc_fly_static elementor-invisible elementor-widget elementor-widget-trx_sc_title\" data-id=\"860f710\" data-element_type=\"widget\" data-e-type=\"widget\" data-settings=\"{&quot;_animation&quot;:&quot;fuse-fadeinup&quot;}\" data-widget_type=\"trx_sc_title.default\">\n\t\t\t\t<div class=\"elementor-widget-container\">\n\t\t\t\t\t<div\t\tclass=\"sc_title sc_title_default\" ><span class=\"sc_item_subtitle sc_title_subtitle sc_item_subtitle_above sc_item_title_style_default sc_item_subtitle_with_custom_color trx_addons_inline_1251187082\">M\u00fchendislikte Disiplinleraras\u0131 Uzmanl\u0131k<\/span><h1 class=\"sc_item_title sc_title_title sc_item_title_style_default sc_item_title_tag trx_addons_inline_1087673840\"\n\t\t\t><span class=\"sc_item_title_text\">Hizmetlerimiz<\/span><\/h1><\/div>\t\t\t\t<\/div>\n\t\t\t\t<\/div>\n\t\t\t\t<div class=\"elementor-element elementor-element-914c1e6 sc_fly_static elementor-widget elementor-widget-html\" data-id=\"914c1e6\" data-element_type=\"widget\" data-e-type=\"widget\" data-widget_type=\"html.default\">\n\t\t\t\t<div class=\"elementor-widget-container\">\n\t\t\t\t\t<div class=\"services-grid row\">\n\n  <!-- 1. Kart -->\n  <div class=\"col-md-6\">\n    <div class=\"steel-card\">\n      <div class=\"steel-card-content\">\n        <div>\n          <h3>\u00c7elik \u0130malat<\/h3>\n          <div class=\"steel-icon\"><i class=\"fa-solid fa-industry\"><\/i><\/div>\n          <p>Galvanizli yap\u0131sal \u00e7elik \u00e7\u00f6z\u00fcmleri; ge\u00e7ici t\u00fcnel y\u00fcr\u00fcme yollar\u0131, acil \u015faft kapaklar\u0131 ve projeye \u00f6zel platformlar.<\/p>\n          <ul class=\"steel-list\">\n            <li>Projeye \u00f6zel tasar\u0131m ve \u00fcretim<\/li>\n            <li>Korozyon \u00f6nleyici kaplama<\/li>\n            <li>H\u0131zl\u0131 ve g\u00fcvenli montaj<\/li>\n          <\/ul>\n        <\/div>\n        <a href=\"\/tr\/hizmetlerimiz\/celik-imalat\/\" class=\"read-more\">Detayl\u0131 Bilgi <span class=\"arrow\">\u2192<\/span><\/a>\n      <\/div>\n    <\/div>\n  <\/div>\n\n  <!-- 2. Kart -->\n  <div class=\"col-md-6\">\n    <div class=\"steel-card\">\n      <div class=\"steel-card-content\">\n        <div>\n          <h3>Segment Tesisleri<\/h3>\n          <div class=\"steel-icon\"><i class=\"fa-solid fa-cubes\"><\/i><\/div>\n          <p>T\u00fcnel segment \u00fcretimi i\u00e7in hat tasar\u0131m\u0131, ekipman kurulumu ve lojistik planlama ger\u00e7ekle\u015ftiriyoruz.<\/p>\n          <ul class=\"steel-list\">\n            <li>\u00dcretim d\u00f6ng\u00fcs\u00fc optimizasyonu<\/li>\n            <li>Hat yerle\u015fim ve otomasyon<\/li>\n            <li>Tedarik ve sevkiyat koordinasyonu<\/li>\n          <\/ul>\n        <\/div>\n        <a href=\"\/tr\/hizmetlerimiz\/segment-tesisleri\/\" class=\"read-more\">Detayl\u0131 Bilgi <span class=\"arrow\">\u2192<\/span><\/a>\n      <\/div>\n    <\/div>\n  <\/div>\n\n  <!-- 3. Kart -->\n  <div class=\"col-md-6\">\n    <div class=\"steel-card\">\n      <div class=\"steel-card-content\">\n        <div>\n          <h3>PAKS \u2013 Peron Ay\u0131r\u0131c\u0131 Kap\u0131 Sistemleri<\/h3>\n          <div class=\"steel-icon\"><i class=\"fa-solid fa-door-open\"><\/i><\/div>\n          <p>Platform Ay\u0131r\u0131c\u0131 Kap\u0131 Sistemlerinde tasar\u0131m, montaj, entegrasyon ve s\u00fcrd\u00fcr\u00fclebilir bak\u0131m hizmeti veriyoruz.<\/p>\n          <ul class=\"steel-list\">\n            <li>Tam\/yar\u0131m boy PSD \u00e7\u00f6z\u00fcmleri<\/li>\n            <li>SCADA ve sinyal entegrasyonu<\/li>\n            <li>Periyodik bak\u0131m ve ar\u0131za y\u00f6netimi<\/li>\n          <\/ul>\n        <\/div>\n        <a href=\"\/tr\/hizmetlerimiz\/paks-peron-ayirici-kapi-sistemleri\/\" class=\"read-more\">Detayl\u0131 Bilgi <span class=\"arrow\">\u2192<\/span><\/a>\n      <\/div>\n    <\/div>\n  <\/div>\n\n  <!-- 4. Kart -->\n  <div class=\"col-md-6\">\n    <div class=\"steel-card\">\n      <div class=\"steel-card-content\">\n        <div>\n          <h3>Elektromekanik \u0130malat ve Montaj<\/h3>\n          <div class=\"steel-icon\"><i class=\"fa-solid fa-bolt\"><\/i><\/div>\n          <p>Rayl\u0131 sistemlerde makas motoru, sinyalizasyon ve test\u2013devreye alma s\u00fcre\u00e7lerini y\u00f6netiyoruz.<\/p>\n          <ul class=\"steel-list\">\n            <li>Kurulum ve saha s\u00fcpervizyonu<\/li>\n            <li>Bak\u0131m ve ar\u0131za giderme<\/li>\n            <li>Emniyet ve i\u015flev testleri<\/li>\n          <\/ul>\n        <\/div>\n        <a href=\"\/tr\/hizmetlerimiz\/elektromekanik-imalat-ve-montaj\/\" class=\"read-more\">Detayl\u0131 Bilgi <span class=\"arrow\">\u2192<\/span><\/a>\n      <\/div>\n    <\/div>\n  <\/div>\n\n<\/div>\n\t\t\t\t<\/div>\n\t\t\t\t<\/div>\n\t\t\t\t<div class=\"elementor-element elementor-element-66c2a8e sc_height_medium sc_fly_static elementor-widget elementor-widget-spacer\" data-id=\"66c2a8e\" data-element_type=\"widget\" data-e-type=\"widget\" data-widget_type=\"spacer.default\">\n\t\t\t\t<div class=\"elementor-widget-container\">\n\t\t\t\t\t\t\t<div class=\"elementor-spacer\">\n\t\t\t<div class=\"elementor-spacer-inner\"><\/div>\n\t\t<\/div>\n\t\t\t\t\t\t<\/div>\n\t\t\t\t<\/div>\n\t\t\t\t\t<\/div>\n\t\t<\/div>\n\t\t\t\t\t<\/div>\n\t\t<\/section>\n\t\t\t\t<\/div>\n\t\t","protected":false},"excerpt":{"rendered":"<p>Page (post) title M\u00fchendislikte Disiplinleraras\u0131 Uzmanl\u0131k Hizmetlerimiz \u00c7elik \u0130malat Galvanizli yap\u0131sal \u00e7elik \u00e7\u00f6z\u00fcmleri; ge\u00e7ici t\u00fcnel y\u00fcr\u00fcme yollar\u0131, acil \u015faft kapaklar\u0131 ve projeye \u00f6zel platformlar. Projeye \u00f6zel tasar\u0131m ve \u00fcretim Korozyon&hellip;<\/p>\n","protected":false},"author":1,"featured_media":0,"parent":0,"menu_order":0,"comment_status":"closed","ping_status":"closed","template":"","meta":{"footnotes":""},"class_list":["post-21015","page","type-page","status-publish","hentry"],"_links":{"self":[{"href":"https:\/\/miraliseng.com\/tr\/wp-json\/wp\/v2\/pages\/21015","targetHints":{"allow":["GET"]}}],"collection":[{"href":"https:\/\/miraliseng.com\/tr\/wp-json\/wp\/v2\/pages"}],"about":[{"href":"https:\/\/miraliseng.com\/tr\/wp-json\/wp\/v2\/types\/page"}],"author":[{"embeddable":true,"href":"https:\/\/miraliseng.com\/tr\/wp-json\/wp\/v2\/users\/1"}],"replies":[{"embeddable":true,"href":"https:\/\/miraliseng.com\/tr\/wp-json\/wp\/v2\/comments?post=21015"}],"version-history":[{"count":27,"href":"https:\/\/miraliseng.com\/tr\/wp-json\/wp\/v2\/pages\/21015\/revisions"}],"predecessor-version":[{"id":22053,"href":"https:\/\/miraliseng.com\/tr\/wp-json\/wp\/v2\/pages\/21015\/revisions\/22053"}],"wp:attachment":[{"href":"https:\/\/miraliseng.com\/tr\/wp-json\/wp\/v2\/media?parent=21015"}],"curies":[{"name":"wp","href":"https:\/\/api.w.org\/{rel}","templated":true}]}}