{"id":21027,"date":"2025-10-21T13:03:34","date_gmt":"2025-10-21T10:03:34","guid":{"rendered":"https:\/\/miralis.adburbs.com\/?page_id=21027"},"modified":"2025-11-28T21:32:42","modified_gmt":"2025-11-28T18:32:42","slug":"projelerimiz","status":"publish","type":"page","link":"https:\/\/miraliseng.com\/tr\/projelerimiz\/","title":{"rendered":"Projelerimiz"},"content":{"rendered":"\t\t<div data-elementor-type=\"wp-page\" data-elementor-id=\"21027\" class=\"elementor elementor-21027\">\n\t\t\t\t\t\t<section class=\"elementor-section elementor-top-section elementor-element elementor-element-12d6008 elementor-section-full_width elementor-section-content-middle sc_layouts_row sc_layouts_row_type_compact scheme_dark elementor-section-height-default elementor-section-height-default sc_fly_static\" data-id=\"12d6008\" data-element_type=\"section\" data-e-type=\"section\" data-settings=\"{&quot;background_background&quot;:&quot;classic&quot;}\">\n\t\t\t\t\t\t\t<div class=\"elementor-background-overlay\"><\/div>\n\t\t\t\t\t\t\t<div class=\"elementor-container elementor-column-gap-no\">\n\t\t\t\t\t<div class=\"elementor-column elementor-col-100 elementor-top-column elementor-element elementor-element-4e8f07f sc_content_align_inherit sc_layouts_column_icons_position_left sc_fly_static\" data-id=\"4e8f07f\" data-element_type=\"column\" data-e-type=\"column\">\n\t\t\t<div class=\"elementor-widget-wrap elementor-element-populated\">\n\t\t\t\t\t\t<section class=\"elementor-section elementor-inner-section elementor-element elementor-element-d9eba30 elementor-section-boxed elementor-section-height-default elementor-section-height-default sc_fly_static\" data-id=\"d9eba30\" data-element_type=\"section\" data-e-type=\"section\">\n\t\t\t\t\t\t<div class=\"elementor-container elementor-column-gap-extended\">\n\t\t\t\t\t<div class=\"elementor-column elementor-col-100 elementor-inner-column elementor-element elementor-element-c4ad72a sc_content_align_inherit sc_layouts_column_icons_position_left sc_fly_static\" data-id=\"c4ad72a\" data-element_type=\"column\" data-e-type=\"column\">\n\t\t\t<div class=\"elementor-widget-wrap elementor-element-populated\">\n\t\t\t\t\t\t<div class=\"elementor-element elementor-element-b5ca695 sc_fly_static elementor-widget elementor-widget-spacer\" data-id=\"b5ca695\" data-element_type=\"widget\" data-e-type=\"widget\" data-widget_type=\"spacer.default\">\n\t\t\t\t<div class=\"elementor-widget-container\">\n\t\t\t\t\t\t\t<div class=\"elementor-spacer\">\n\t\t\t<div class=\"elementor-spacer-inner\"><\/div>\n\t\t<\/div>\n\t\t\t\t\t\t<\/div>\n\t\t\t\t<\/div>\n\t\t\t\t<div class=\"elementor-element elementor-element-85fd5fe sc_fly_static elementor-widget elementor-widget-trx_sc_layouts_title\" data-id=\"85fd5fe\" data-element_type=\"widget\" data-e-type=\"widget\" data-widget_type=\"trx_sc_layouts_title.default\">\n\t\t\t\t<div class=\"elementor-widget-container\">\n\t\t\t\t\t<div class=\"sc_layouts_title sc_align_center with_content without_image without_tint\" ><div class=\"sc_layouts_title_content\"><div class=\"sc_layouts_title_title\"><h1 class=\"sc_layouts_title_caption\">Projelerimiz<\/h1><\/div><\/div><\/div>\t\t\t\t<\/div>\n\t\t\t\t<\/div>\n\t\t\t\t<div class=\"elementor-element elementor-element-a00def2 sc_fly_static elementor-widget elementor-widget-spacer\" data-id=\"a00def2\" data-element_type=\"widget\" data-e-type=\"widget\" data-widget_type=\"spacer.default\">\n\t\t\t\t<div class=\"elementor-widget-container\">\n\t\t\t\t\t\t\t<div class=\"elementor-spacer\">\n\t\t\t<div class=\"elementor-spacer-inner\"><\/div>\n\t\t<\/div>\n\t\t\t\t\t\t<\/div>\n\t\t\t\t<\/div>\n\t\t\t\t<div class=\"elementor-element elementor-element-68e9249 elementor-view-default sc_fly_static elementor-widget elementor-widget-icon\" data-id=\"68e9249\" data-element_type=\"widget\" data-e-type=\"widget\" data-widget_type=\"icon.default\">\n\t\t\t\t<div class=\"elementor-widget-container\">\n\t\t\t\t\t\t\t<div class=\"elementor-icon-wrapper\">\n\t\t\t<div class=\"elementor-icon\">\n\t\t\t<svg xmlns=\"http:\/\/www.w3.org\/2000\/svg\" width=\"14.626\" height=\"8.639\" viewBox=\"0 0 14.626 8.639\"><g id=\"down-arrow\" transform=\"translate(0 -70.698)\"><g id=\"Group_8820\" data-name=\"Group 8820\" transform=\"translate(0 100.698)\"><path id=\"Path_6507\" data-name=\"Path 6507\" d=\"M14.392,101.42l-.479-.482a.8.8,0,0,0-1.132,0L7.316,106.4l-5.472-5.472a.8.8,0,0,0-1.132,0l-.479.479a.8.8,0,0,0,0,1.131l6.515,6.538a.818.818,0,0,0,.567.257h0a.818.818,0,0,0,.566-.257l6.508-6.52a.808.808,0,0,0,.234-.571A.8.8,0,0,0,14.392,101.42Z\" transform=\"translate(0 -130.698)\"><\/path><\/g><\/g><\/svg>\t\t\t<\/div>\n\t\t<\/div>\n\t\t\t\t\t\t<\/div>\n\t\t\t\t<\/div>\n\t\t\t\t<div class=\"elementor-element elementor-element-bdfff8e sc_height_huge sc_fly_static elementor-widget elementor-widget-spacer\" data-id=\"bdfff8e\" data-element_type=\"widget\" data-e-type=\"widget\" data-widget_type=\"spacer.default\">\n\t\t\t\t<div class=\"elementor-widget-container\">\n\t\t\t\t\t\t\t<div class=\"elementor-spacer\">\n\t\t\t<div class=\"elementor-spacer-inner\"><\/div>\n\t\t<\/div>\n\t\t\t\t\t\t<\/div>\n\t\t\t\t<\/div>\n\t\t\t\t\t<\/div>\n\t\t<\/div>\n\t\t\t\t\t<\/div>\n\t\t<\/section>\n\t\t\t\t\t<\/div>\n\t\t<\/div>\n\t\t\t\t\t<\/div>\n\t\t<\/section>\n\t\t\t\t<section class=\"elementor-section elementor-top-section elementor-element elementor-element-171ebe7 scheme_light elementor-section-boxed elementor-section-height-default elementor-section-height-default sc_fly_static\" data-id=\"171ebe7\" data-element_type=\"section\" data-e-type=\"section\" data-settings=\"{&quot;background_background&quot;:&quot;classic&quot;}\">\n\t\t\t\t\t\t<div class=\"elementor-container elementor-column-gap-extended\">\n\t\t\t\t\t<div class=\"elementor-column elementor-col-100 elementor-top-column elementor-element elementor-element-e7481e9 sc_layouts_column_align_center sc_layouts_column sc_content_align_inherit sc_layouts_column_icons_position_left sc_fly_static\" data-id=\"e7481e9\" data-element_type=\"column\" data-e-type=\"column\">\n\t\t\t<div class=\"elementor-widget-wrap elementor-element-populated\">\n\t\t\t\t\t\t<div class=\"elementor-element elementor-element-97347ac sc_height_medium sc_fly_static elementor-widget elementor-widget-spacer\" data-id=\"97347ac\" data-element_type=\"widget\" data-e-type=\"widget\" data-widget_type=\"spacer.default\">\n\t\t\t\t<div class=\"elementor-widget-container\">\n\t\t\t\t\t\t\t<div class=\"elementor-spacer\">\n\t\t\t<div class=\"elementor-spacer-inner\"><\/div>\n\t\t<\/div>\n\t\t\t\t\t\t<\/div>\n\t\t\t\t<\/div>\n\t\t\t\t<div class=\"elementor-element elementor-element-75d2a80 elementor-widget__width-initial sc_fly_static elementor-widget elementor-widget-trx_sc_title\" data-id=\"75d2a80\" data-element_type=\"widget\" data-e-type=\"widget\" data-widget_type=\"trx_sc_title.default\">\n\t\t\t\t<div class=\"elementor-widget-container\">\n\t\t\t\t\t<div\t\tclass=\"sc_title sc_title_default\" ><span class=\"sc_item_subtitle sc_title_subtitle sc_item_subtitle_above sc_item_title_style_default sc_item_subtitle_with_custom_color trx_addons_inline_2104499948\">Ulusal ve uluslararas\u0131 metro projelerinde kan\u0131tlanm\u0131\u015f m\u00fchendislik deneyimi<\/span><h1 class=\"sc_item_title sc_title_title sc_item_title_style_default sc_item_title_tag trx_addons_inline_67807332\"\n\t\t\t><span class=\"sc_item_title_text\">Projelerimiz<\/span><\/h1><\/div>\t\t\t\t<\/div>\n\t\t\t\t<\/div>\n\t\t\t\t\t<\/div>\n\t\t<\/div>\n\t\t\t\t\t<\/div>\n\t\t<\/section>\n\t\t\t\t<section class=\"elementor-section elementor-top-section elementor-element elementor-element-5c03264 scheme_light elementor-section-boxed elementor-section-height-default elementor-section-height-default sc_fly_static\" data-id=\"5c03264\" data-element_type=\"section\" data-e-type=\"section\" data-settings=\"{&quot;background_background&quot;:&quot;classic&quot;}\">\n\t\t\t\t\t\t<div class=\"elementor-container elementor-column-gap-extended\">\n\t\t\t\t\t<div class=\"elementor-column elementor-col-100 elementor-top-column elementor-element elementor-element-70e0b6f sc_content_align_inherit sc_layouts_column_icons_position_left sc_fly_static\" data-id=\"70e0b6f\" data-element_type=\"column\" data-e-type=\"column\">\n\t\t\t<div class=\"elementor-widget-wrap elementor-element-populated\">\n\t\t\t\t\t\t<div class=\"elementor-element elementor-element-10b63eb sc_fly_static elementor-widget elementor-widget-html\" data-id=\"10b63eb\" data-element_type=\"widget\" data-e-type=\"widget\" data-widget_type=\"html.default\">\n\t\t\t\t<div class=\"elementor-widget-container\">\n\t\t\t\t\t<section class=\"miralis-projects\">\n  <div class=\"miralis-grid\">\n\n    <div class=\"miralis-card\">\n      <div class=\"miralis-img\">\n        <img decoding=\"async\" src=\"\/wp-content\/uploads\/2025\/10\/cekmekoy-sancaktepe.avif\" alt=\"\u00c7ekmek\u00f6y Sancaktepe Sultanbeyli Metro PSD Montaj\u0131\">\n      <\/div>\n      <div class=\"miralis-info\">\n        <h3>\u00c7ekmek\u00f6y Sancaktepe Sultanbeyli Metro PAKS Montaj\u0131<\/h3>\n        <p>Miralis Engineering, \u0130stanbul\u2019daki CSS Metro Hatt\u0131\u2019n\u0131n yetkili montaj ve bak\u0131m \u015firketidir.<\/p>\n        <div class=\"info-footer\">\n          <a href=\"\/tr\/projelerimiz\/cekmekoy-sancaktepe-sultanbeyli-metro-paks-montaji\/\" class=\"btn-detail\">Detayl\u0131 Bilgi<\/a>\n        <\/div>\n      <\/div>\n    <\/div>\n\n    <div class=\"miralis-card\">\n      <div class=\"miralis-img\">\n        <img decoding=\"async\" src=\"\/wp-content\/uploads\/2025\/11\/dudullu-bostanci.jpg\" alt=\"Dudullu Bostanc\u0131 Metro PAKS Bak\u0131m\u0131\">\n      <\/div>\n      <div class=\"miralis-info\">\n        <h3>Dudullu Bostanc\u0131 Metro PAKS Bak\u0131m\u0131<\/h3>\n        <p>Miralis Engineering, \u0130stanbul\u2019daki DB Metro Hatt\u0131\u2019n\u0131n yetkili montaj ve bak\u0131m \u015firketidir.<\/p>\n        <div class=\"info-footer\">\n          <a href=\"\/tr\/projelerimiz\/dudullu-bostanci-metro-paks-bakimi\/\" class=\"btn-detail\">Detayl\u0131 Bilgi<\/a>\n        <\/div>\n      <\/div>\n    <\/div>\n\n    <div class=\"miralis-card\">\n      <div class=\"miralis-img\">\n        <img decoding=\"async\" src=\"\/wp-content\/uploads\/2025\/10\/dudullu-bostanci-2.avif\" alt=\"Dudullu Bostanc\u0131 Metro PAKS Tasar\u0131m ve M\u00fchendislik\">\n      <\/div>\n      <div class=\"miralis-info\">\n        <h3>Dudullu Bostanc\u0131 Metro PAKS Tasar\u0131m ve M\u00fchendislik<\/h3>\n        <p>Miralis Engineering, \u0130stanbul\u2019daki DB Metro Hatt\u0131 i\u00e7in tasar\u0131m ve m\u00fchendislik dan\u0131\u015fmanl\u0131\u011f\u0131 sa\u011flam\u0131\u015ft\u0131r.<\/p>\n        <div class=\"info-footer\">\n          <a href=\"\/tr\/projelerimiz\/dudullu-bostanci-metro-paks-tasarim-muhendislik\/\" class=\"btn-detail\">Detayl\u0131 Bilgi<\/a>\n        <\/div>\n      <\/div>\n    <\/div>\n\n    <div class=\"miralis-card\">\n      <div class=\"miralis-img\">\n        <img decoding=\"async\" src=\"\/wp-content\/uploads\/2025\/10\/dudullu-bostanci-3.avif\" alt=\"Dudullu Bostanc\u0131 Metro PAKS Testi ve Devreye Alma\">\n      <\/div>\n      <div class=\"miralis-info\">\n        <h3>Dudullu Bostanc\u0131 Metro PAKS Testi ve Devreye Alma<\/h3>\n        <p>Miralis Engineering, \u0130stanbul\u2019daki DB Metro Hatt\u0131\u2019n\u0131n yetkili montaj ve bak\u0131m \u015firketidir.<\/p>\n        <div class=\"info-footer\">\n          <a href=\"\/tr\/projelerimiz\/dudullu-bostanci-metro-paks-test-ve-devreye-alma\/\" class=\"btn-detail\">Detayl\u0131 Bilgi<\/a>\n        <\/div>\n      <\/div>\n    <\/div>\n\n    <div class=\"miralis-card\">\n      <div class=\"miralis-img\">\n        <img decoding=\"async\" src=\"\/wp-content\/uploads\/2025\/10\/istanbul-airport.avif\" alt=\"Istanbul Airport Metro - PAKS Bak\u0131m\u0131\">\n      <\/div>\n      <div class=\"miralis-info\">\n        <h3>Istanbul Airport Metro - PAKS Bak\u0131m\u0131<\/h3>\n        <p>Miralis Engineering, \u0130stanbul\u2019daki Gayrettepe \u2013 Yeni Havaliman\u0131 Metro Hatt\u0131\u2019n\u0131n yetkili bak\u0131m \u015firketidir.<\/p>\n        <div class=\"info-footer\">\n          <a href=\"\/tr\/projelerimiz\/istanbul-havalimani-metro-paks-bakimi\/\" class=\"btn-detail\">Detayl\u0131 Bilgi<\/a>\n        <\/div>\n      <\/div>\n    <\/div>\n\n    <div class=\"miralis-card\">\n      <div class=\"miralis-img\" style=\"background:#0b2b5e; display:flex; align-items:center; justify-content:center;\">\n        <span style=\"color:#fff; font-weight:600;\">Sofya Metrosu PAKS Montaj Denetimi<\/span>\n      <\/div>\n      <div class=\"miralis-info\">\n        <h3>Sofya Metrosu PAKS Montaj Denetimi<\/h3>\n        <p>Miralis Engineering, Bulgaristan\u2019daki Sofya Metro Projesi\u2019nde PSD montaj denetimi ger\u00e7ekle\u015ftirmi\u015ftir.<\/p>\n        <div class=\"info-footer\">\n          <a href=\"\/tr\/projelerimiz\/sofya-metrosu-paks-montaj-denetimi\/\" class=\"btn-detail\">Detayl\u0131 Bilgi<\/a>\n        <\/div>\n      <\/div>\n    <\/div>\n\n    <div class=\"miralis-card\">\n      <div class=\"miralis-img\">\n        <img decoding=\"async\" src=\"\/wp-content\/uploads\/2025\/10\/uskudar-umraniye.avif\" alt=\"\u00dcsk\u00fcdar \u00dcmraniye \u00c7ekmek\u00f6y Metro PAKS Montaj\u0131\">\n      <\/div>\n      <div class=\"miralis-info\">\n        <h3>\u00dcsk\u00fcdar \u00dcmraniye \u00c7ekmek\u00f6y Metro PAKS Montaj\u0131<\/h3>\n        <p>Miralis Engineering, \u0130stanbul\u2019daki U\u00dc\u00c7 Metro Hatt\u0131\u2019n\u0131n yetkili montaj ve bak\u0131m \u015firketidir.<\/p>\n        <div class=\"info-footer\">\n          <a href=\"\/tr\/projelerimiz\/uskudar-umraniye-cekmekoy-metro-paks-bakimi\/\" class=\"btn-detail\">Detayl\u0131 Bilgi<\/a>\n        <\/div>\n      <\/div>\n    <\/div>\n\n    <div class=\"miralis-card\">\n      <div class=\"miralis-img\">\n        <img decoding=\"async\" src=\"\/wp-content\/uploads\/2025\/10\/uskudar-umraniye-2.avif\" alt=\"\u00dcsk\u00fcdar \u00dcmraniye \u00c7ekmek\u00f6y Metro Projesi PAKS Bak\u0131m\u0131\">\n      <\/div>\n      <div class=\"miralis-info\">\n        <h3>\u00dcsk\u00fcdar \u00dcmraniye \u00c7ekmek\u00f6y Metro Projesi PAKS Bak\u0131m\u0131<\/h3>\n        <p>Miralis Engineering, \u0130stanbul\u2019daki U\u00dc\u00c7 Metro Hatt\u0131\u2019n\u0131n yetkili montaj ve bak\u0131m \u015firketidir.<\/p>\n        <div class=\"info-footer\">\n          <a href=\"\/tr\/projelerimiz\/uskudar-umraniye-cekmekoy-metro-paks-montaji\/\" class=\"btn-detail\">Detayl\u0131 Bilgi<\/a>\n        <\/div>\n      <\/div>\n    <\/div>\n\n  <\/div>\n<\/section>\t\t\t\t<\/div>\n\t\t\t\t<\/div>\n\t\t\t\t<div class=\"elementor-element elementor-element-31ee303 sc_height_medium sc_fly_static elementor-widget elementor-widget-spacer\" data-id=\"31ee303\" data-element_type=\"widget\" data-e-type=\"widget\" data-widget_type=\"spacer.default\">\n\t\t\t\t<div class=\"elementor-widget-container\">\n\t\t\t\t\t\t\t<div class=\"elementor-spacer\">\n\t\t\t<div class=\"elementor-spacer-inner\"><\/div>\n\t\t<\/div>\n\t\t\t\t\t\t<\/div>\n\t\t\t\t<\/div>\n\t\t\t\t\t<\/div>\n\t\t<\/div>\n\t\t\t\t\t<\/div>\n\t\t<\/section>\n\t\t\t\t<\/div>\n\t\t","protected":false},"excerpt":{"rendered":"<p>Page (post) title Ulusal ve uluslararas\u0131 metro projelerinde kan\u0131tlanm\u0131\u015f m\u00fchendislik deneyimi Projelerimiz \u00c7ekmek\u00f6y Sancaktepe Sultanbeyli Metro PAKS Montaj\u0131 Miralis Engineering, \u0130stanbul\u2019daki CSS Metro Hatt\u0131\u2019n\u0131n yetkili montaj ve bak\u0131m \u015firketidir. Detayl\u0131&hellip;<\/p>\n","protected":false},"author":1,"featured_media":0,"parent":0,"menu_order":0,"comment_status":"closed","ping_status":"closed","template":"","meta":{"footnotes":""},"class_list":["post-21027","page","type-page","status-publish","hentry"],"_links":{"self":[{"href":"https:\/\/miraliseng.com\/tr\/wp-json\/wp\/v2\/pages\/21027","targetHints":{"allow":["GET"]}}],"collection":[{"href":"https:\/\/miraliseng.com\/tr\/wp-json\/wp\/v2\/pages"}],"about":[{"href":"https:\/\/miraliseng.com\/tr\/wp-json\/wp\/v2\/types\/page"}],"author":[{"embeddable":true,"href":"https:\/\/miraliseng.com\/tr\/wp-json\/wp\/v2\/users\/1"}],"replies":[{"embeddable":true,"href":"https:\/\/miraliseng.com\/tr\/wp-json\/wp\/v2\/comments?post=21027"}],"version-history":[{"count":59,"href":"https:\/\/miraliseng.com\/tr\/wp-json\/wp\/v2\/pages\/21027\/revisions"}],"predecessor-version":[{"id":22025,"href":"https:\/\/miraliseng.com\/tr\/wp-json\/wp\/v2\/pages\/21027\/revisions\/22025"}],"wp:attachment":[{"href":"https:\/\/miraliseng.com\/tr\/wp-json\/wp\/v2\/media?parent=21027"}],"curies":[{"name":"wp","href":"https:\/\/api.w.org\/{rel}","templated":true}]}}