{"id":21085,"date":"2025-10-21T13:19:41","date_gmt":"2025-10-21T10:19:41","guid":{"rendered":"https:\/\/miralis.adburbs.com\/?page_id=21085"},"modified":"2025-11-17T09:09:59","modified_gmt":"2025-11-17T06:09:59","slug":"cekmekoy-sancaktepe-sultanbeyli-metro-paks-montaji","status":"publish","type":"page","link":"https:\/\/miraliseng.com\/tr\/projelerimiz\/cekmekoy-sancaktepe-sultanbeyli-metro-paks-montaji\/","title":{"rendered":"\u00c7ekmek\u00f6y Sancaktepe Sultanbeyli Metro PAKS Montaj\u0131"},"content":{"rendered":"\t\t<div data-elementor-type=\"wp-page\" data-elementor-id=\"21085\" class=\"elementor elementor-21085\">\n\t\t\t\t\t\t<section class=\"elementor-section elementor-top-section elementor-element elementor-element-ecbc02c elementor-section-full_width elementor-section-content-middle sc_layouts_row sc_layouts_row_type_compact scheme_dark elementor-section-height-default elementor-section-height-default sc_fly_static\" data-id=\"ecbc02c\" data-element_type=\"section\" data-e-type=\"section\" data-settings=\"{&quot;background_background&quot;:&quot;classic&quot;}\">\n\t\t\t\t\t\t\t<div class=\"elementor-background-overlay\"><\/div>\n\t\t\t\t\t\t\t<div class=\"elementor-container elementor-column-gap-no\">\n\t\t\t\t\t<div class=\"elementor-column elementor-col-100 elementor-top-column elementor-element elementor-element-9d86790 sc_content_align_inherit sc_layouts_column_icons_position_left sc_fly_static\" data-id=\"9d86790\" data-element_type=\"column\" data-e-type=\"column\">\n\t\t\t<div class=\"elementor-widget-wrap elementor-element-populated\">\n\t\t\t\t\t\t<section class=\"elementor-section elementor-inner-section elementor-element elementor-element-86b711e elementor-section-boxed elementor-section-height-default elementor-section-height-default sc_fly_static\" data-id=\"86b711e\" data-element_type=\"section\" data-e-type=\"section\">\n\t\t\t\t\t\t<div class=\"elementor-container elementor-column-gap-extended\">\n\t\t\t\t\t<div class=\"elementor-column elementor-col-100 elementor-inner-column elementor-element elementor-element-6642aaf sc_content_align_inherit sc_layouts_column_icons_position_left sc_fly_static\" data-id=\"6642aaf\" data-element_type=\"column\" data-e-type=\"column\">\n\t\t\t<div class=\"elementor-widget-wrap elementor-element-populated\">\n\t\t\t\t\t\t<div class=\"elementor-element elementor-element-b9951eb sc_fly_static elementor-widget elementor-widget-spacer\" data-id=\"b9951eb\" data-element_type=\"widget\" data-e-type=\"widget\" data-widget_type=\"spacer.default\">\n\t\t\t\t<div class=\"elementor-widget-container\">\n\t\t\t\t\t\t\t<div class=\"elementor-spacer\">\n\t\t\t<div class=\"elementor-spacer-inner\"><\/div>\n\t\t<\/div>\n\t\t\t\t\t\t<\/div>\n\t\t\t\t<\/div>\n\t\t\t\t<div class=\"elementor-element elementor-element-72b3c15 sc_fly_static elementor-widget elementor-widget-trx_sc_layouts_title\" data-id=\"72b3c15\" data-element_type=\"widget\" data-e-type=\"widget\" data-widget_type=\"trx_sc_layouts_title.default\">\n\t\t\t\t<div class=\"elementor-widget-container\">\n\t\t\t\t\t<div class=\"sc_layouts_title sc_align_center with_content without_image without_tint\" ><div class=\"sc_layouts_title_content\"><div class=\"sc_layouts_title_title\"><h1 class=\"sc_layouts_title_caption\">\u00c7ekmek\u00f6y Sancaktepe Sultanbeyli Metro PAKS Montaj\u0131<\/h1><\/div><\/div><\/div>\t\t\t\t<\/div>\n\t\t\t\t<\/div>\n\t\t\t\t<div class=\"elementor-element elementor-element-9bea14a sc_fly_static elementor-widget elementor-widget-spacer\" data-id=\"9bea14a\" data-element_type=\"widget\" data-e-type=\"widget\" data-widget_type=\"spacer.default\">\n\t\t\t\t<div class=\"elementor-widget-container\">\n\t\t\t\t\t\t\t<div class=\"elementor-spacer\">\n\t\t\t<div class=\"elementor-spacer-inner\"><\/div>\n\t\t<\/div>\n\t\t\t\t\t\t<\/div>\n\t\t\t\t<\/div>\n\t\t\t\t<div class=\"elementor-element elementor-element-3c14cba elementor-view-default sc_fly_static elementor-widget elementor-widget-icon\" data-id=\"3c14cba\" data-element_type=\"widget\" data-e-type=\"widget\" data-widget_type=\"icon.default\">\n\t\t\t\t<div class=\"elementor-widget-container\">\n\t\t\t\t\t\t\t<div class=\"elementor-icon-wrapper\">\n\t\t\t<div class=\"elementor-icon\">\n\t\t\t<svg xmlns=\"http:\/\/www.w3.org\/2000\/svg\" width=\"14.626\" height=\"8.639\" viewBox=\"0 0 14.626 8.639\"><g id=\"down-arrow\" transform=\"translate(0 -70.698)\"><g id=\"Group_8820\" data-name=\"Group 8820\" transform=\"translate(0 100.698)\"><path id=\"Path_6507\" data-name=\"Path 6507\" d=\"M14.392,101.42l-.479-.482a.8.8,0,0,0-1.132,0L7.316,106.4l-5.472-5.472a.8.8,0,0,0-1.132,0l-.479.479a.8.8,0,0,0,0,1.131l6.515,6.538a.818.818,0,0,0,.567.257h0a.818.818,0,0,0,.566-.257l6.508-6.52a.808.808,0,0,0,.234-.571A.8.8,0,0,0,14.392,101.42Z\" transform=\"translate(0 -130.698)\"><\/path><\/g><\/g><\/svg>\t\t\t<\/div>\n\t\t<\/div>\n\t\t\t\t\t\t<\/div>\n\t\t\t\t<\/div>\n\t\t\t\t<div class=\"elementor-element elementor-element-062fef4 sc_height_huge sc_fly_static elementor-widget elementor-widget-spacer\" data-id=\"062fef4\" data-element_type=\"widget\" data-e-type=\"widget\" data-widget_type=\"spacer.default\">\n\t\t\t\t<div class=\"elementor-widget-container\">\n\t\t\t\t\t\t\t<div class=\"elementor-spacer\">\n\t\t\t<div class=\"elementor-spacer-inner\"><\/div>\n\t\t<\/div>\n\t\t\t\t\t\t<\/div>\n\t\t\t\t<\/div>\n\t\t\t\t\t<\/div>\n\t\t<\/div>\n\t\t\t\t\t<\/div>\n\t\t<\/section>\n\t\t\t\t\t<\/div>\n\t\t<\/div>\n\t\t\t\t\t<\/div>\n\t\t<\/section>\n\t\t\t\t<section class=\"elementor-section elementor-top-section elementor-element elementor-element-5c03264 scheme_light elementor-section-boxed elementor-section-height-default elementor-section-height-default sc_fly_static\" data-id=\"5c03264\" data-element_type=\"section\" data-e-type=\"section\" data-settings=\"{&quot;background_background&quot;:&quot;classic&quot;}\">\n\t\t\t\t\t\t<div class=\"elementor-container elementor-column-gap-extended\">\n\t\t\t\t\t<div class=\"elementor-column elementor-col-100 elementor-top-column elementor-element elementor-element-70e0b6f sc_content_align_inherit sc_layouts_column_icons_position_left sc_fly_static\" data-id=\"70e0b6f\" data-element_type=\"column\" data-e-type=\"column\">\n\t\t\t<div class=\"elementor-widget-wrap elementor-element-populated\">\n\t\t\t\t\t\t<div class=\"elementor-element elementor-element-10b63eb sc_fly_static elementor-widget elementor-widget-html\" data-id=\"10b63eb\" data-element_type=\"widget\" data-e-type=\"widget\" data-widget_type=\"html.default\">\n\t\t\t\t<div class=\"elementor-widget-container\">\n\t\t\t\t\t<section class=\"project-detail\">\n\n  <!-- \u00dcst Bilgi Alan\u0131 -->\n  <div class=\"project-header\">\n    <h2 class=\"project-title\">\u00c7ekmek\u00f6y Sancaktepe Sultanbeyli Metro PAKS Montaj\u0131<\/h2>\n    <p class=\"project-desc\">\n      Miralis Engineering, \u0130stanbul\u2019daki CSS Metro Hatt\u0131\u2019n\u0131n yetkili montaj ve bak\u0131m \u015firketidir.\n    <\/p>\n    <span class=\"project-status ongoing\">Devam Ediyor<\/span>\n  <\/div>\n\n  <!-- \u0130statistikler -->\n  <div class=\"project-stats\">\n    <div class=\"stat-item\">\n      <i class=\"fa-solid fa-chalkboard-user\"><\/i>\n      <h3>3<\/h3>\n      <p>Programlar<\/p>\n    <\/div>\n    <div class=\"stat-item\">\n      <i class=\"fa-solid fa-hard-hat\"><\/i>\n      <h3>22<\/h3>\n      <p>Konumlar<\/p>\n    <\/div>\n    <div class=\"stat-item\">\n      <i class=\"fa-solid fa-gear\"><\/i>\n      <h3>Devam Ediyor<\/h3>\n      <p>02.05.2023 \u2014 18:57<\/p>\n    <\/div>\n  <\/div>\n\n  <!-- Galeri Ba\u015fl\u0131\u011f\u0131 -->\n  <h2 class=\"gallery-title\">Proje Galerisi<\/h2>\n\n  <!-- G\u00f6rseller -->\n  <div class=\"project-gallery\">\n    <div class=\"gallery-item\">\n      <img decoding=\"async\" src=\"\/wp-content\/uploads\/2025\/10\/1.avif\" alt=\"T\u00fcnel i\u00e7i ray sistemi - Miralis Engineering\" onclick=\"openLightbox(this.src)\">\n    <\/div>\n    <div class=\"gallery-item\">\n      <img decoding=\"async\" src=\"\/wp-content\/uploads\/2025\/10\/2.avif\" alt=\"Metro hatt\u0131 in\u015faat s\u00fcreci - Miralis Engineering\" onclick=\"openLightbox(this.src)\">\n    <\/div>\n    <div class=\"gallery-item\">\n      <img decoding=\"async\" src=\"\/wp-content\/uploads\/2025\/10\/3.avif\" alt=\"Peron in\u015faat\u0131 - Miralis Engineering\" onclick=\"openLightbox(this.src)\">\n    <\/div>\n  <\/div>\n\n  <!-- Lightbox (b\u00fcy\u00fctme alan\u0131) -->\n  <div id=\"lightbox\" class=\"lightbox\" onclick=\"closeLightbox()\">\n    <span class=\"close-btn\">&times;<\/span>\n    <img id=\"lightbox-img\" class=\"lightbox-img\" alt=\"B\u00fcy\u00fck G\u00f6rsel\">\n  <\/div>\n\n<\/section>\n\n<script>\nfunction openLightbox(src) {\n  document.getElementById('lightbox-img').src = src;\n  document.getElementById('lightbox').style.display = 'flex';\n}\n\nfunction closeLightbox() {\n  document.getElementById('lightbox').style.display = 'none';\n}\n<\/script>\t\t\t\t<\/div>\n\t\t\t\t<\/div>\n\t\t\t\t<div class=\"elementor-element elementor-element-31ee303 sc_height_medium sc_fly_static elementor-widget elementor-widget-spacer\" data-id=\"31ee303\" data-element_type=\"widget\" data-e-type=\"widget\" data-widget_type=\"spacer.default\">\n\t\t\t\t<div class=\"elementor-widget-container\">\n\t\t\t\t\t\t\t<div class=\"elementor-spacer\">\n\t\t\t<div class=\"elementor-spacer-inner\"><\/div>\n\t\t<\/div>\n\t\t\t\t\t\t<\/div>\n\t\t\t\t<\/div>\n\t\t\t\t\t<\/div>\n\t\t<\/div>\n\t\t\t\t\t<\/div>\n\t\t<\/section>\n\t\t\t\t<\/div>\n\t\t","protected":false},"excerpt":{"rendered":"<p>Page (post) title \u00c7ekmek\u00f6y Sancaktepe Sultanbeyli Metro PAKS Montaj\u0131 Miralis Engineering, \u0130stanbul\u2019daki CSS Metro Hatt\u0131\u2019n\u0131n yetkili montaj ve bak\u0131m \u015firketidir. Devam Ediyor 3 Programlar 22 Konumlar Devam Ediyor 02.05.2023 \u2014&hellip;<\/p>\n","protected":false},"author":1,"featured_media":0,"parent":21027,"menu_order":0,"comment_status":"closed","ping_status":"closed","template":"","meta":{"footnotes":""},"class_list":["post-21085","page","type-page","status-publish","hentry"],"_links":{"self":[{"href":"https:\/\/miraliseng.com\/tr\/wp-json\/wp\/v2\/pages\/21085","targetHints":{"allow":["GET"]}}],"collection":[{"href":"https:\/\/miraliseng.com\/tr\/wp-json\/wp\/v2\/pages"}],"about":[{"href":"https:\/\/miraliseng.com\/tr\/wp-json\/wp\/v2\/types\/page"}],"author":[{"embeddable":true,"href":"https:\/\/miraliseng.com\/tr\/wp-json\/wp\/v2\/users\/1"}],"replies":[{"embeddable":true,"href":"https:\/\/miraliseng.com\/tr\/wp-json\/wp\/v2\/comments?post=21085"}],"version-history":[{"count":26,"href":"https:\/\/miraliseng.com\/tr\/wp-json\/wp\/v2\/pages\/21085\/revisions"}],"predecessor-version":[{"id":21606,"href":"https:\/\/miraliseng.com\/tr\/wp-json\/wp\/v2\/pages\/21085\/revisions\/21606"}],"up":[{"embeddable":true,"href":"https:\/\/miraliseng.com\/tr\/wp-json\/wp\/v2\/pages\/21027"}],"wp:attachment":[{"href":"https:\/\/miraliseng.com\/tr\/wp-json\/wp\/v2\/media?parent=21085"}],"curies":[{"name":"wp","href":"https:\/\/api.w.org\/{rel}","templated":true}]}}