{"id":21145,"date":"2025-10-21T14:27:17","date_gmt":"2025-10-21T11:27:17","guid":{"rendered":"https:\/\/miralis.adburbs.com\/?page_id=21145"},"modified":"2025-11-17T09:18:56","modified_gmt":"2025-11-17T06:18:56","slug":"dudullu-bostanci-metro-paks-bakimi","status":"publish","type":"page","link":"https:\/\/miraliseng.com\/tr\/projelerimiz\/dudullu-bostanci-metro-paks-bakimi\/","title":{"rendered":"Dudullu Bostanc\u0131 Metro PAKS Bak\u0131m\u0131"},"content":{"rendered":"\t\t<div data-elementor-type=\"wp-page\" data-elementor-id=\"21145\" class=\"elementor elementor-21145\">\n\t\t\t\t\t\t<section class=\"elementor-section elementor-top-section elementor-element elementor-element-b05f88b elementor-section-full_width elementor-section-content-middle sc_layouts_row sc_layouts_row_type_compact scheme_dark elementor-section-height-default elementor-section-height-default sc_fly_static\" data-id=\"b05f88b\" data-element_type=\"section\" data-e-type=\"section\" data-settings=\"{&quot;background_background&quot;:&quot;classic&quot;}\">\n\t\t\t\t\t\t\t<div class=\"elementor-background-overlay\"><\/div>\n\t\t\t\t\t\t\t<div class=\"elementor-container elementor-column-gap-no\">\n\t\t\t\t\t<div class=\"elementor-column elementor-col-100 elementor-top-column elementor-element elementor-element-35bf85d sc_content_align_inherit sc_layouts_column_icons_position_left sc_fly_static\" data-id=\"35bf85d\" data-element_type=\"column\" data-e-type=\"column\">\n\t\t\t<div class=\"elementor-widget-wrap elementor-element-populated\">\n\t\t\t\t\t\t<section class=\"elementor-section elementor-inner-section elementor-element elementor-element-ed8da2d elementor-section-boxed elementor-section-height-default elementor-section-height-default sc_fly_static\" data-id=\"ed8da2d\" data-element_type=\"section\" data-e-type=\"section\">\n\t\t\t\t\t\t<div class=\"elementor-container elementor-column-gap-extended\">\n\t\t\t\t\t<div class=\"elementor-column elementor-col-100 elementor-inner-column elementor-element elementor-element-bacaacc sc_content_align_inherit sc_layouts_column_icons_position_left sc_fly_static\" data-id=\"bacaacc\" data-element_type=\"column\" data-e-type=\"column\">\n\t\t\t<div class=\"elementor-widget-wrap elementor-element-populated\">\n\t\t\t\t\t\t<div class=\"elementor-element elementor-element-002d1ca sc_fly_static elementor-widget elementor-widget-spacer\" data-id=\"002d1ca\" data-element_type=\"widget\" data-e-type=\"widget\" data-widget_type=\"spacer.default\">\n\t\t\t\t<div class=\"elementor-widget-container\">\n\t\t\t\t\t\t\t<div class=\"elementor-spacer\">\n\t\t\t<div class=\"elementor-spacer-inner\"><\/div>\n\t\t<\/div>\n\t\t\t\t\t\t<\/div>\n\t\t\t\t<\/div>\n\t\t\t\t<div class=\"elementor-element elementor-element-8da9966 sc_fly_static elementor-widget elementor-widget-trx_sc_layouts_title\" data-id=\"8da9966\" data-element_type=\"widget\" data-e-type=\"widget\" data-widget_type=\"trx_sc_layouts_title.default\">\n\t\t\t\t<div class=\"elementor-widget-container\">\n\t\t\t\t\t<div class=\"sc_layouts_title sc_align_center with_content without_image without_tint\" ><div class=\"sc_layouts_title_content\"><div class=\"sc_layouts_title_title\"><h1 class=\"sc_layouts_title_caption\">Dudullu Bostanc\u0131 Metro PAKS Bak\u0131m\u0131<\/h1><\/div><\/div><\/div>\t\t\t\t<\/div>\n\t\t\t\t<\/div>\n\t\t\t\t<div class=\"elementor-element elementor-element-f31c34f sc_fly_static elementor-widget elementor-widget-spacer\" data-id=\"f31c34f\" data-element_type=\"widget\" data-e-type=\"widget\" data-widget_type=\"spacer.default\">\n\t\t\t\t<div class=\"elementor-widget-container\">\n\t\t\t\t\t\t\t<div class=\"elementor-spacer\">\n\t\t\t<div class=\"elementor-spacer-inner\"><\/div>\n\t\t<\/div>\n\t\t\t\t\t\t<\/div>\n\t\t\t\t<\/div>\n\t\t\t\t<div class=\"elementor-element elementor-element-aa3225a elementor-view-default sc_fly_static elementor-widget elementor-widget-icon\" data-id=\"aa3225a\" data-element_type=\"widget\" data-e-type=\"widget\" data-widget_type=\"icon.default\">\n\t\t\t\t<div class=\"elementor-widget-container\">\n\t\t\t\t\t\t\t<div class=\"elementor-icon-wrapper\">\n\t\t\t<div class=\"elementor-icon\">\n\t\t\t<svg xmlns=\"http:\/\/www.w3.org\/2000\/svg\" width=\"14.626\" height=\"8.639\" viewBox=\"0 0 14.626 8.639\"><g id=\"down-arrow\" transform=\"translate(0 -70.698)\"><g id=\"Group_8820\" data-name=\"Group 8820\" transform=\"translate(0 100.698)\"><path id=\"Path_6507\" data-name=\"Path 6507\" d=\"M14.392,101.42l-.479-.482a.8.8,0,0,0-1.132,0L7.316,106.4l-5.472-5.472a.8.8,0,0,0-1.132,0l-.479.479a.8.8,0,0,0,0,1.131l6.515,6.538a.818.818,0,0,0,.567.257h0a.818.818,0,0,0,.566-.257l6.508-6.52a.808.808,0,0,0,.234-.571A.8.8,0,0,0,14.392,101.42Z\" transform=\"translate(0 -130.698)\"><\/path><\/g><\/g><\/svg>\t\t\t<\/div>\n\t\t<\/div>\n\t\t\t\t\t\t<\/div>\n\t\t\t\t<\/div>\n\t\t\t\t<div class=\"elementor-element elementor-element-829843b sc_height_huge sc_fly_static elementor-widget elementor-widget-spacer\" data-id=\"829843b\" data-element_type=\"widget\" data-e-type=\"widget\" data-widget_type=\"spacer.default\">\n\t\t\t\t<div class=\"elementor-widget-container\">\n\t\t\t\t\t\t\t<div class=\"elementor-spacer\">\n\t\t\t<div class=\"elementor-spacer-inner\"><\/div>\n\t\t<\/div>\n\t\t\t\t\t\t<\/div>\n\t\t\t\t<\/div>\n\t\t\t\t\t<\/div>\n\t\t<\/div>\n\t\t\t\t\t<\/div>\n\t\t<\/section>\n\t\t\t\t\t<\/div>\n\t\t<\/div>\n\t\t\t\t\t<\/div>\n\t\t<\/section>\n\t\t\t\t<section class=\"elementor-section elementor-top-section elementor-element elementor-element-5c03264 scheme_light elementor-section-boxed elementor-section-height-default elementor-section-height-default sc_fly_static\" data-id=\"5c03264\" data-element_type=\"section\" data-e-type=\"section\" data-settings=\"{&quot;background_background&quot;:&quot;classic&quot;}\">\n\t\t\t\t\t\t<div class=\"elementor-container elementor-column-gap-extended\">\n\t\t\t\t\t<div class=\"elementor-column elementor-col-100 elementor-top-column elementor-element elementor-element-70e0b6f sc_content_align_inherit sc_layouts_column_icons_position_left sc_fly_static\" data-id=\"70e0b6f\" data-element_type=\"column\" data-e-type=\"column\">\n\t\t\t<div class=\"elementor-widget-wrap elementor-element-populated\">\n\t\t\t\t\t\t<div class=\"elementor-element elementor-element-10b63eb sc_fly_static elementor-widget elementor-widget-html\" data-id=\"10b63eb\" data-element_type=\"widget\" data-e-type=\"widget\" data-widget_type=\"html.default\">\n\t\t\t\t<div class=\"elementor-widget-container\">\n\t\t\t\t\t<section class=\"project-detail\">\n\n  <!-- \u00dcst Bilgi -->\n  <div class=\"project-header\">\n    <h2 class=\"project-title\">Dudullu Bostanc\u0131 Metro PAKS Bak\u0131m\u0131<\/h2>\n    <p class=\"project-desc\">\n      Miralis Engineering, \u0130stanbul DB Metro Hatt\u0131\u2019n\u0131n sertifikal\u0131 montaj ve bak\u0131m y\u00fcklenicisidir.\n    <\/p>\n    <span class=\"project-status ongoing\">Devam Ediyor<\/span>\n  <\/div>\n\n  <!-- Proje A\u00e7\u0131klamas\u0131 -->\n  <div class=\"project-body\">\n    <p>\n      PAKS sistemleri (\u00f6zellikle tam boy\/kapal\u0131 sistemlerde) y\u00fcksek piston etkisine maruz kald\u0131\u011f\u0131ndan dolay\u0131\n      ar\u0131za oranlar\u0131 artmaktad\u0131r. Ancak Miralis Engineering olarak sahada edindi\u011fimiz deneyimle geli\u015ftirdi\u011fimiz\n      etkili \u00f6nleyici bak\u0131m y\u00f6ntemleri sayesinde ekipman ar\u0131za seviyelerini minimumda tutuyoruz.\n      \u0130\u015fletme firmas\u0131 personeli ile ekibimiz aras\u0131nda kurulan g\u00fc\u00e7l\u00fc ileti\u015fim, sistemin y\u00fcksek verimlilikle\n      ve s\u00fcreklilikle \u00e7al\u0131\u015fmas\u0131n\u0131 sa\u011flamaktad\u0131r.\n    <\/p>\n\n    <p>\n      Metro i\u015fletmesi devam ederken tren kontrol merkezi ve SCADA ekibi gibi ana birimlerle y\u00fcksek koordinasyon\n      i\u00e7erisinde \u00e7al\u0131\u015f\u0131yor, olas\u0131 sorunlar\u0131n en k\u0131sa s\u00fcrede tespit edilip \u00e7\u00f6z\u00fclmesini sa\u011fl\u0131yoruz.\n      T\u00fcm PSD \u00fcnitelerinin kontrollerini ve eksikliklerini takip ediyor, sistem mimarisinin i\u015fletme personeli\n      taraf\u0131ndan do\u011fru \u015fekilde anla\u015f\u0131lmas\u0131n\u0131 garanti alt\u0131na al\u0131yoruz.\n    <\/p>\n\n    <p>\n      H\u00e2lihaz\u0131rda \u00e7al\u0131\u015fmalar\u0131n\u0131 y\u00fcr\u00fctt\u00fc\u011f\u00fcm\u00fcz M5 Metrosu\u2019nda, i\u015fletme kurumu, idare ve m\u00fc\u015favir talepleri do\u011frultusunda\n      olu\u015fturulan ge\u00e7ici kabul eksiklikleri kapsam\u0131nda yer alan t\u00fcm PSD ba\u011flant\u0131l\u0131 maddeler Miralis taraf\u0131ndan\n      tamamen giderilmi\u015ftir.\n    <\/p>\n\n    <p>\n      Elektromekanikle ilgili 10.000 kalemden yaln\u0131zca 40 tanesi PSD sistemine ba\u011fl\u0131yd\u0131. Miralis taraf\u0131ndan bu 40 maddenin\n      tamam\u0131 giderilmi\u015f ve M5 Hatt\u0131\u2019ndaki PSD sistemi, \u0130stanbul\u2019daki eksiksiz \u00e7al\u0131\u015fan tek elektromekanik sistem h\u00e2line gelmi\u015ftir.\n    <\/p>\n  <\/div>\n\n  <!-- Say\u0131sal Bilgiler -->\n  <div class=\"project-stats\">\n    <div class=\"stat-item\">\n      <i class=\"fa-solid fa-chalkboard-user\"><\/i>\n      <h3>4<\/h3>\n      <p>Programlar<\/p>\n    <\/div>\n    <div class=\"stat-item\">\n      <i class=\"fa-solid fa-hard-hat\"><\/i>\n      <h3>26<\/h3>\n      <p>Konumlar<\/p>\n    <\/div>\n    <div class=\"stat-item\">\n      <i class=\"fa-solid fa-spinner\"><\/i>\n      <h3>Devam Ediyor<\/h3>\n      <p>02.05.2023 \u2014 18:46<\/p>\n    <\/div>\n  <\/div>\n\n  <!-- Galeri Ba\u015fl\u0131\u011f\u0131 -->\n  <h2 class=\"gallery-title\">Proje Galerisi<\/h2>\n\n  <!-- Masonry Grid -->\n  <div class=\"masonry-grid\" id=\"project-gallery\"><\/div>\n\n  <!-- Lightbox -->\n  <div id=\"lightbox\" class=\"lightbox\" onclick=\"closeLightbox()\">\n    <span class=\"close-btn\">&times;<\/span>\n    <img id=\"lightbox-img\" class=\"lightbox-img\" alt=\"B\u00fcy\u00fck G\u00f6rsel\">\n  <\/div>\n\n<\/section>\n\n<!-- Masonry JS -->\n<script>\nconst galleryContainer = document.getElementById('project-gallery');\n\n\/\/ 4'ten 35'e kadar t\u00fcm g\u00f6rselleri ekle\nfor (let i = 4; i <= 34; i++) {\n  const item = document.createElement('div');\n  item.classList.add('masonry-item');\n\n  const img = document.createElement('img');\n  img.src = `\/wp-content\/uploads\/2025\/10\/${i}.avif`;\n  img.alt = `Dudullu Bostanc\u0131 Metro PSD G\u00f6rseli ${i}`;\n  img.loading = \"lazy\";\n  img.onclick = () => openLightbox(img.src);\n\n  item.appendChild(img);\n  galleryContainer.appendChild(item);\n}\n\nfunction openLightbox(src) {\n  document.getElementById('lightbox-img').src = src;\n  document.getElementById('lightbox').style.display = 'flex';\n}\n\nfunction closeLightbox() {\n  document.getElementById('lightbox').style.display = 'none';\n}\n<\/script>\t\t\t\t<\/div>\n\t\t\t\t<\/div>\n\t\t\t\t<div class=\"elementor-element elementor-element-31ee303 sc_height_medium sc_fly_static elementor-widget elementor-widget-spacer\" data-id=\"31ee303\" data-element_type=\"widget\" data-e-type=\"widget\" data-widget_type=\"spacer.default\">\n\t\t\t\t<div class=\"elementor-widget-container\">\n\t\t\t\t\t\t\t<div class=\"elementor-spacer\">\n\t\t\t<div class=\"elementor-spacer-inner\"><\/div>\n\t\t<\/div>\n\t\t\t\t\t\t<\/div>\n\t\t\t\t<\/div>\n\t\t\t\t\t<\/div>\n\t\t<\/div>\n\t\t\t\t\t<\/div>\n\t\t<\/section>\n\t\t\t\t<\/div>\n\t\t","protected":false},"excerpt":{"rendered":"<p>Page (post) title Dudullu Bostanc\u0131 Metro PAKS Bak\u0131m\u0131 Miralis Engineering, \u0130stanbul DB Metro Hatt\u0131\u2019n\u0131n sertifikal\u0131 montaj ve bak\u0131m y\u00fcklenicisidir. Devam Ediyor PAKS sistemleri (\u00f6zellikle tam boy\/kapal\u0131 sistemlerde) y\u00fcksek piston etkisine&hellip;<\/p>\n","protected":false},"author":1,"featured_media":0,"parent":21027,"menu_order":0,"comment_status":"closed","ping_status":"closed","template":"","meta":{"footnotes":""},"class_list":["post-21145","page","type-page","status-publish","hentry"],"_links":{"self":[{"href":"https:\/\/miraliseng.com\/tr\/wp-json\/wp\/v2\/pages\/21145","targetHints":{"allow":["GET"]}}],"collection":[{"href":"https:\/\/miraliseng.com\/tr\/wp-json\/wp\/v2\/pages"}],"about":[{"href":"https:\/\/miraliseng.com\/tr\/wp-json\/wp\/v2\/types\/page"}],"author":[{"embeddable":true,"href":"https:\/\/miraliseng.com\/tr\/wp-json\/wp\/v2\/users\/1"}],"replies":[{"embeddable":true,"href":"https:\/\/miraliseng.com\/tr\/wp-json\/wp\/v2\/comments?post=21145"}],"version-history":[{"count":32,"href":"https:\/\/miraliseng.com\/tr\/wp-json\/wp\/v2\/pages\/21145\/revisions"}],"predecessor-version":[{"id":21641,"href":"https:\/\/miraliseng.com\/tr\/wp-json\/wp\/v2\/pages\/21145\/revisions\/21641"}],"up":[{"embeddable":true,"href":"https:\/\/miraliseng.com\/tr\/wp-json\/wp\/v2\/pages\/21027"}],"wp:attachment":[{"href":"https:\/\/miraliseng.com\/tr\/wp-json\/wp\/v2\/media?parent=21145"}],"curies":[{"name":"wp","href":"https:\/\/api.w.org\/{rel}","templated":true}]}}