{"id":21172,"date":"2025-10-21T14:38:58","date_gmt":"2025-10-21T11:38:58","guid":{"rendered":"https:\/\/miralis.adburbs.com\/?page_id=21172"},"modified":"2025-11-17T09:11:53","modified_gmt":"2025-11-17T06:11:53","slug":"dudullu-bostanci-metro-paks-tasarim-muhendislik","status":"publish","type":"page","link":"https:\/\/miraliseng.com\/tr\/projelerimiz\/dudullu-bostanci-metro-paks-tasarim-muhendislik\/","title":{"rendered":"Dudullu Bostanc\u0131 Metro PAKS Tasar\u0131m &amp; M\u00fchendislik"},"content":{"rendered":"\t\t<div data-elementor-type=\"wp-page\" data-elementor-id=\"21172\" class=\"elementor elementor-21172\">\n\t\t\t\t\t\t<section class=\"elementor-section elementor-top-section elementor-element elementor-element-31392b6 elementor-section-full_width elementor-section-content-middle sc_layouts_row sc_layouts_row_type_compact scheme_dark elementor-section-height-default elementor-section-height-default sc_fly_static\" data-id=\"31392b6\" data-element_type=\"section\" data-e-type=\"section\" data-settings=\"{&quot;background_background&quot;:&quot;classic&quot;}\">\n\t\t\t\t\t\t\t<div class=\"elementor-background-overlay\"><\/div>\n\t\t\t\t\t\t\t<div class=\"elementor-container elementor-column-gap-no\">\n\t\t\t\t\t<div class=\"elementor-column elementor-col-100 elementor-top-column elementor-element elementor-element-985fea0 sc_content_align_inherit sc_layouts_column_icons_position_left sc_fly_static\" data-id=\"985fea0\" data-element_type=\"column\" data-e-type=\"column\">\n\t\t\t<div class=\"elementor-widget-wrap elementor-element-populated\">\n\t\t\t\t\t\t<section class=\"elementor-section elementor-inner-section elementor-element elementor-element-f0fe8ab elementor-section-boxed elementor-section-height-default elementor-section-height-default sc_fly_static\" data-id=\"f0fe8ab\" data-element_type=\"section\" data-e-type=\"section\">\n\t\t\t\t\t\t<div class=\"elementor-container elementor-column-gap-extended\">\n\t\t\t\t\t<div class=\"elementor-column elementor-col-100 elementor-inner-column elementor-element elementor-element-39dcb29 sc_content_align_inherit sc_layouts_column_icons_position_left sc_fly_static\" data-id=\"39dcb29\" data-element_type=\"column\" data-e-type=\"column\">\n\t\t\t<div class=\"elementor-widget-wrap elementor-element-populated\">\n\t\t\t\t\t\t<div class=\"elementor-element elementor-element-d40e613 sc_fly_static elementor-widget elementor-widget-spacer\" data-id=\"d40e613\" data-element_type=\"widget\" data-e-type=\"widget\" data-widget_type=\"spacer.default\">\n\t\t\t\t<div class=\"elementor-widget-container\">\n\t\t\t\t\t\t\t<div class=\"elementor-spacer\">\n\t\t\t<div class=\"elementor-spacer-inner\"><\/div>\n\t\t<\/div>\n\t\t\t\t\t\t<\/div>\n\t\t\t\t<\/div>\n\t\t\t\t<div class=\"elementor-element elementor-element-be906ea sc_fly_static elementor-widget elementor-widget-trx_sc_layouts_title\" data-id=\"be906ea\" data-element_type=\"widget\" data-e-type=\"widget\" data-widget_type=\"trx_sc_layouts_title.default\">\n\t\t\t\t<div class=\"elementor-widget-container\">\n\t\t\t\t\t<div class=\"sc_layouts_title sc_align_center with_content without_image without_tint\" ><div class=\"sc_layouts_title_content\"><div class=\"sc_layouts_title_title\"><h1 class=\"sc_layouts_title_caption\">Dudullu Bostanc\u0131 Metro PAKS Tasar\u0131m &amp; M\u00fchendislik<\/h1><\/div><\/div><\/div>\t\t\t\t<\/div>\n\t\t\t\t<\/div>\n\t\t\t\t<div class=\"elementor-element elementor-element-f968fd2 sc_fly_static elementor-widget elementor-widget-spacer\" data-id=\"f968fd2\" data-element_type=\"widget\" data-e-type=\"widget\" data-widget_type=\"spacer.default\">\n\t\t\t\t<div class=\"elementor-widget-container\">\n\t\t\t\t\t\t\t<div class=\"elementor-spacer\">\n\t\t\t<div class=\"elementor-spacer-inner\"><\/div>\n\t\t<\/div>\n\t\t\t\t\t\t<\/div>\n\t\t\t\t<\/div>\n\t\t\t\t<div class=\"elementor-element elementor-element-deacf33 elementor-view-default sc_fly_static elementor-widget elementor-widget-icon\" data-id=\"deacf33\" data-element_type=\"widget\" data-e-type=\"widget\" data-widget_type=\"icon.default\">\n\t\t\t\t<div class=\"elementor-widget-container\">\n\t\t\t\t\t\t\t<div class=\"elementor-icon-wrapper\">\n\t\t\t<div class=\"elementor-icon\">\n\t\t\t<svg xmlns=\"http:\/\/www.w3.org\/2000\/svg\" width=\"14.626\" height=\"8.639\" viewBox=\"0 0 14.626 8.639\"><g id=\"down-arrow\" transform=\"translate(0 -70.698)\"><g id=\"Group_8820\" data-name=\"Group 8820\" transform=\"translate(0 100.698)\"><path id=\"Path_6507\" data-name=\"Path 6507\" d=\"M14.392,101.42l-.479-.482a.8.8,0,0,0-1.132,0L7.316,106.4l-5.472-5.472a.8.8,0,0,0-1.132,0l-.479.479a.8.8,0,0,0,0,1.131l6.515,6.538a.818.818,0,0,0,.567.257h0a.818.818,0,0,0,.566-.257l6.508-6.52a.808.808,0,0,0,.234-.571A.8.8,0,0,0,14.392,101.42Z\" transform=\"translate(0 -130.698)\"><\/path><\/g><\/g><\/svg>\t\t\t<\/div>\n\t\t<\/div>\n\t\t\t\t\t\t<\/div>\n\t\t\t\t<\/div>\n\t\t\t\t<div class=\"elementor-element elementor-element-bdca773 sc_height_huge sc_fly_static elementor-widget elementor-widget-spacer\" data-id=\"bdca773\" data-element_type=\"widget\" data-e-type=\"widget\" data-widget_type=\"spacer.default\">\n\t\t\t\t<div class=\"elementor-widget-container\">\n\t\t\t\t\t\t\t<div class=\"elementor-spacer\">\n\t\t\t<div class=\"elementor-spacer-inner\"><\/div>\n\t\t<\/div>\n\t\t\t\t\t\t<\/div>\n\t\t\t\t<\/div>\n\t\t\t\t\t<\/div>\n\t\t<\/div>\n\t\t\t\t\t<\/div>\n\t\t<\/section>\n\t\t\t\t\t<\/div>\n\t\t<\/div>\n\t\t\t\t\t<\/div>\n\t\t<\/section>\n\t\t\t\t<section class=\"elementor-section elementor-top-section elementor-element elementor-element-5c03264 scheme_light elementor-section-boxed elementor-section-height-default elementor-section-height-default sc_fly_static\" data-id=\"5c03264\" data-element_type=\"section\" data-e-type=\"section\" data-settings=\"{&quot;background_background&quot;:&quot;classic&quot;}\">\n\t\t\t\t\t\t<div class=\"elementor-container elementor-column-gap-extended\">\n\t\t\t\t\t<div class=\"elementor-column elementor-col-100 elementor-top-column elementor-element elementor-element-70e0b6f sc_content_align_inherit sc_layouts_column_icons_position_left sc_fly_static\" data-id=\"70e0b6f\" data-element_type=\"column\" data-e-type=\"column\">\n\t\t\t<div class=\"elementor-widget-wrap elementor-element-populated\">\n\t\t\t\t\t\t<div class=\"elementor-element elementor-element-10b63eb sc_fly_static elementor-widget elementor-widget-html\" data-id=\"10b63eb\" data-element_type=\"widget\" data-e-type=\"widget\" data-widget_type=\"html.default\">\n\t\t\t\t<div class=\"elementor-widget-container\">\n\t\t\t\t\t<section class=\"project-detail\">\n\n  <!-- \u00dcST B\u0130LG\u0130 -->\n  <div class=\"project-header\">\n    <h2 class=\"project-title\">Dudullu Bostanc\u0131 Metro PAKS Tasar\u0131m & M\u00fchendislik<\/h2>\n    <p class=\"project-desc\">\n      Miralis Engineering, \u0130stanbul\u2019daki DB Metro Hatt\u0131\u2019n\u0131n tasar\u0131m ve m\u00fchendislik \u00e7al\u0131\u015fmalar\u0131 i\u00e7in teknik dan\u0131\u015fmanl\u0131k sa\u011flam\u0131\u015ft\u0131r.\n    <\/p>\n    <span class=\"project-status completed\">Tamamland\u0131<\/span>\n  <\/div>\n\n  <!-- PROJE A\u00c7IKLAMASI -->\n  <div class=\"project-content\">\n    <p>\n      Dudullu \u2013 Bostanc\u0131 Metro Projesi kapsam\u0131nda (13 istasyon, e\u011frisel istasyonlar dahil),\n      PSD sisteminin tasar\u0131m\u0131, m\u00fchendisli\u011fi ve kalite dok\u00fcmantasyonu i\u00e7in teknik dan\u0131\u015fmanl\u0131k hizmeti verdik.\n    <\/p>\n    <p>\n      M\u00fc\u015fteri, y\u00fcklenici, dan\u0131\u015fman ve \u00fcretici firma aras\u0131ndaki organizasyon ve i\u015f birli\u011fi s\u00fcre\u00e7lerini y\u00f6nettik.\n      T\u00fcm aray\u00fczler ve gereksinimler ilgili taraflar aras\u0131nda koordine edilerek onay s\u00fcre\u00e7lerindeki ileti\u015fim\n      kopukluklar\u0131n\u0131n \u00f6n\u00fcne ge\u00e7ildi. PSD sisteminin onay a\u015famalar\u0131nda t\u00fcm s\u00fcre\u00e7leri merkezden y\u00f6nettik.\n    <\/p>\n    <p>\n      Sorumlulu\u011fumuz dahilinde, PSD Sistemi\u2019ne entegre olan \u0130n\u015faat, Enerji, Sinyalizasyon, Scada,\n      PID ve Eri\u015fim Kontrol\u00fc gibi aray\u00fczlere s\u00fcperviz\u00f6rl\u00fck deste\u011fi sa\u011flad\u0131k.\n    <\/p>\n  <\/div>\n\n  <!-- SAYILAR -->\n  <div class=\"project-stats\">\n    <div class=\"stat-item\">\n      <i class=\"fa-solid fa-chalkboard-user\"><\/i>\n      <h3>1<\/h3>\n      <p>Programlar<\/p>\n    <\/div>\n    <div class=\"stat-item\">\n      <i class=\"fa-solid fa-hard-hat\"><\/i>\n      <h3>26<\/h3>\n      <p>Konumlar<\/p>\n    <\/div>\n    <div class=\"stat-item\">\n      <i class=\"fa-solid fa-check\"><\/i>\n      <h3>Tamamland\u0131<\/h3>\n      <p>02.05.2023 \u2014 18:47<\/p>\n    <\/div>\n  <\/div>\n\n  <!-- GALER\u0130 BA\u015eLI\u011eI -->\n  <h2 class=\"gallery-title\">Proje G\u00f6rseli<\/h2>\n\n  <!-- G\u00d6RSEL -->\n  <div class=\"project-gallery masonry-grid\">\n    <div class=\"masonry-item\">\n      <img decoding=\"async\" src=\"\/wp-content\/uploads\/2025\/10\/36.avif\" \n           alt=\"Dudullu Bostanc\u0131 Metro PSD Tasar\u0131m ve M\u00fchendislik - Miralis Engineering\" \n           onclick=\"openLightbox(this.src)\">\n    <\/div>\n  <\/div>\n\n  <!-- LIGHTBOX -->\n  <div id=\"lightbox\" class=\"lightbox\" onclick=\"closeLightbox()\">\n    <span class=\"close-btn\">&times;<\/span>\n    <img id=\"lightbox-img\" class=\"lightbox-img\" alt=\"B\u00fcy\u00fck G\u00f6rsel\">\n  <\/div>\n\n<\/section>\n\n<script>\n  function openLightbox(src) {\n    document.getElementById(\"lightbox\").style.display = \"flex\";\n    document.getElementById(\"lightbox-img\").src = src;\n  }\n\n  function closeLightbox() {\n    document.getElementById(\"lightbox\").style.display = \"none\";\n  }\n<\/script>\t\t\t\t<\/div>\n\t\t\t\t<\/div>\n\t\t\t\t<div class=\"elementor-element elementor-element-31ee303 sc_height_medium sc_fly_static elementor-widget elementor-widget-spacer\" data-id=\"31ee303\" data-element_type=\"widget\" data-e-type=\"widget\" data-widget_type=\"spacer.default\">\n\t\t\t\t<div class=\"elementor-widget-container\">\n\t\t\t\t\t\t\t<div class=\"elementor-spacer\">\n\t\t\t<div class=\"elementor-spacer-inner\"><\/div>\n\t\t<\/div>\n\t\t\t\t\t\t<\/div>\n\t\t\t\t<\/div>\n\t\t\t\t\t<\/div>\n\t\t<\/div>\n\t\t\t\t\t<\/div>\n\t\t<\/section>\n\t\t\t\t<\/div>\n\t\t","protected":false},"excerpt":{"rendered":"<p>Page (post) title Dudullu Bostanc\u0131 Metro PAKS Tasar\u0131m &#038; M\u00fchendislik Miralis Engineering, \u0130stanbul\u2019daki DB Metro Hatt\u0131\u2019n\u0131n tasar\u0131m ve m\u00fchendislik \u00e7al\u0131\u015fmalar\u0131 i\u00e7in teknik dan\u0131\u015fmanl\u0131k sa\u011flam\u0131\u015ft\u0131r. Tamamland\u0131 Dudullu \u2013 Bostanc\u0131 Metro Projesi&hellip;<\/p>\n","protected":false},"author":1,"featured_media":0,"parent":21027,"menu_order":0,"comment_status":"closed","ping_status":"closed","template":"","meta":{"footnotes":""},"class_list":["post-21172","page","type-page","status-publish","hentry"],"_links":{"self":[{"href":"https:\/\/miraliseng.com\/tr\/wp-json\/wp\/v2\/pages\/21172","targetHints":{"allow":["GET"]}}],"collection":[{"href":"https:\/\/miraliseng.com\/tr\/wp-json\/wp\/v2\/pages"}],"about":[{"href":"https:\/\/miraliseng.com\/tr\/wp-json\/wp\/v2\/types\/page"}],"author":[{"embeddable":true,"href":"https:\/\/miraliseng.com\/tr\/wp-json\/wp\/v2\/users\/1"}],"replies":[{"embeddable":true,"href":"https:\/\/miraliseng.com\/tr\/wp-json\/wp\/v2\/comments?post=21172"}],"version-history":[{"count":14,"href":"https:\/\/miraliseng.com\/tr\/wp-json\/wp\/v2\/pages\/21172\/revisions"}],"predecessor-version":[{"id":21619,"href":"https:\/\/miraliseng.com\/tr\/wp-json\/wp\/v2\/pages\/21172\/revisions\/21619"}],"up":[{"embeddable":true,"href":"https:\/\/miraliseng.com\/tr\/wp-json\/wp\/v2\/pages\/21027"}],"wp:attachment":[{"href":"https:\/\/miraliseng.com\/tr\/wp-json\/wp\/v2\/media?parent=21172"}],"curies":[{"name":"wp","href":"https:\/\/api.w.org\/{rel}","templated":true}]}}