{"id":21203,"date":"2025-10-21T14:50:25","date_gmt":"2025-10-21T11:50:25","guid":{"rendered":"https:\/\/miralis.adburbs.com\/?page_id=21203"},"modified":"2025-11-17T09:12:02","modified_gmt":"2025-11-17T06:12:02","slug":"dudullu-bostanci-metro-paks-test-ve-devreye-alma","status":"publish","type":"page","link":"https:\/\/miraliseng.com\/tr\/projelerimiz\/dudullu-bostanci-metro-paks-test-ve-devreye-alma\/","title":{"rendered":"Dudullu Bostanc\u0131 Metro PAKS Test ve Devreye Alma"},"content":{"rendered":"\t\t<div data-elementor-type=\"wp-page\" data-elementor-id=\"21203\" class=\"elementor elementor-21203\">\n\t\t\t\t\t\t<section class=\"elementor-section elementor-top-section elementor-element elementor-element-f047c6b elementor-section-full_width elementor-section-content-middle sc_layouts_row sc_layouts_row_type_compact scheme_dark elementor-section-height-default elementor-section-height-default sc_fly_static\" data-id=\"f047c6b\" data-element_type=\"section\" data-e-type=\"section\" data-settings=\"{&quot;background_background&quot;:&quot;classic&quot;}\">\n\t\t\t\t\t\t\t<div class=\"elementor-background-overlay\"><\/div>\n\t\t\t\t\t\t\t<div class=\"elementor-container elementor-column-gap-no\">\n\t\t\t\t\t<div class=\"elementor-column elementor-col-100 elementor-top-column elementor-element elementor-element-d9d1d87 sc_content_align_inherit sc_layouts_column_icons_position_left sc_fly_static\" data-id=\"d9d1d87\" data-element_type=\"column\" data-e-type=\"column\">\n\t\t\t<div class=\"elementor-widget-wrap elementor-element-populated\">\n\t\t\t\t\t\t<section class=\"elementor-section elementor-inner-section elementor-element elementor-element-54e882f elementor-section-boxed elementor-section-height-default elementor-section-height-default sc_fly_static\" data-id=\"54e882f\" data-element_type=\"section\" data-e-type=\"section\">\n\t\t\t\t\t\t<div class=\"elementor-container elementor-column-gap-extended\">\n\t\t\t\t\t<div class=\"elementor-column elementor-col-100 elementor-inner-column elementor-element elementor-element-b35da67 sc_content_align_inherit sc_layouts_column_icons_position_left sc_fly_static\" data-id=\"b35da67\" data-element_type=\"column\" data-e-type=\"column\">\n\t\t\t<div class=\"elementor-widget-wrap elementor-element-populated\">\n\t\t\t\t\t\t<div class=\"elementor-element elementor-element-68efcd1 sc_fly_static elementor-widget elementor-widget-spacer\" data-id=\"68efcd1\" data-element_type=\"widget\" data-e-type=\"widget\" data-widget_type=\"spacer.default\">\n\t\t\t\t<div class=\"elementor-widget-container\">\n\t\t\t\t\t\t\t<div class=\"elementor-spacer\">\n\t\t\t<div class=\"elementor-spacer-inner\"><\/div>\n\t\t<\/div>\n\t\t\t\t\t\t<\/div>\n\t\t\t\t<\/div>\n\t\t\t\t<div class=\"elementor-element elementor-element-7c4db74 sc_fly_static elementor-widget elementor-widget-trx_sc_layouts_title\" data-id=\"7c4db74\" data-element_type=\"widget\" data-e-type=\"widget\" data-widget_type=\"trx_sc_layouts_title.default\">\n\t\t\t\t<div class=\"elementor-widget-container\">\n\t\t\t\t\t<div class=\"sc_layouts_title sc_align_center with_content without_image without_tint\" ><div class=\"sc_layouts_title_content\"><div class=\"sc_layouts_title_title\"><h1 class=\"sc_layouts_title_caption\">Dudullu Bostanc\u0131 Metro PAKS Test ve Devreye Alma<\/h1><\/div><\/div><\/div>\t\t\t\t<\/div>\n\t\t\t\t<\/div>\n\t\t\t\t<div class=\"elementor-element elementor-element-43e8aaa sc_fly_static elementor-widget elementor-widget-spacer\" data-id=\"43e8aaa\" data-element_type=\"widget\" data-e-type=\"widget\" data-widget_type=\"spacer.default\">\n\t\t\t\t<div class=\"elementor-widget-container\">\n\t\t\t\t\t\t\t<div class=\"elementor-spacer\">\n\t\t\t<div class=\"elementor-spacer-inner\"><\/div>\n\t\t<\/div>\n\t\t\t\t\t\t<\/div>\n\t\t\t\t<\/div>\n\t\t\t\t<div class=\"elementor-element elementor-element-495eb4e elementor-view-default sc_fly_static elementor-widget elementor-widget-icon\" data-id=\"495eb4e\" data-element_type=\"widget\" data-e-type=\"widget\" data-widget_type=\"icon.default\">\n\t\t\t\t<div class=\"elementor-widget-container\">\n\t\t\t\t\t\t\t<div class=\"elementor-icon-wrapper\">\n\t\t\t<div class=\"elementor-icon\">\n\t\t\t<svg xmlns=\"http:\/\/www.w3.org\/2000\/svg\" width=\"14.626\" height=\"8.639\" viewBox=\"0 0 14.626 8.639\"><g id=\"down-arrow\" transform=\"translate(0 -70.698)\"><g id=\"Group_8820\" data-name=\"Group 8820\" transform=\"translate(0 100.698)\"><path id=\"Path_6507\" data-name=\"Path 6507\" d=\"M14.392,101.42l-.479-.482a.8.8,0,0,0-1.132,0L7.316,106.4l-5.472-5.472a.8.8,0,0,0-1.132,0l-.479.479a.8.8,0,0,0,0,1.131l6.515,6.538a.818.818,0,0,0,.567.257h0a.818.818,0,0,0,.566-.257l6.508-6.52a.808.808,0,0,0,.234-.571A.8.8,0,0,0,14.392,101.42Z\" transform=\"translate(0 -130.698)\"><\/path><\/g><\/g><\/svg>\t\t\t<\/div>\n\t\t<\/div>\n\t\t\t\t\t\t<\/div>\n\t\t\t\t<\/div>\n\t\t\t\t<div class=\"elementor-element elementor-element-b9e2236 sc_height_huge sc_fly_static elementor-widget elementor-widget-spacer\" data-id=\"b9e2236\" data-element_type=\"widget\" data-e-type=\"widget\" data-widget_type=\"spacer.default\">\n\t\t\t\t<div class=\"elementor-widget-container\">\n\t\t\t\t\t\t\t<div class=\"elementor-spacer\">\n\t\t\t<div class=\"elementor-spacer-inner\"><\/div>\n\t\t<\/div>\n\t\t\t\t\t\t<\/div>\n\t\t\t\t<\/div>\n\t\t\t\t\t<\/div>\n\t\t<\/div>\n\t\t\t\t\t<\/div>\n\t\t<\/section>\n\t\t\t\t\t<\/div>\n\t\t<\/div>\n\t\t\t\t\t<\/div>\n\t\t<\/section>\n\t\t\t\t<section class=\"elementor-section elementor-top-section elementor-element elementor-element-5c03264 scheme_light elementor-section-boxed elementor-section-height-default elementor-section-height-default sc_fly_static\" data-id=\"5c03264\" data-element_type=\"section\" data-e-type=\"section\" data-settings=\"{&quot;background_background&quot;:&quot;classic&quot;}\">\n\t\t\t\t\t\t<div class=\"elementor-container elementor-column-gap-extended\">\n\t\t\t\t\t<div class=\"elementor-column elementor-col-100 elementor-top-column elementor-element elementor-element-70e0b6f sc_content_align_inherit sc_layouts_column_icons_position_left sc_fly_static\" data-id=\"70e0b6f\" data-element_type=\"column\" data-e-type=\"column\">\n\t\t\t<div class=\"elementor-widget-wrap elementor-element-populated\">\n\t\t\t\t\t\t<div class=\"elementor-element elementor-element-10b63eb sc_fly_static elementor-widget elementor-widget-html\" data-id=\"10b63eb\" data-element_type=\"widget\" data-e-type=\"widget\" data-widget_type=\"html.default\">\n\t\t\t\t<div class=\"elementor-widget-container\">\n\t\t\t\t\t<section class=\"project-detail\">\n\n  <!-- \u00dcst Bilgi -->\n  <div class=\"project-header\">\n    <h2 class=\"project-title\">Dudullu Bostanc\u0131 Metro PAKS Test ve Devreye Alma<\/h2>\n    <p class=\"project-desc\">\n      Miralis Engineering, \u0130stanbul\u2019daki DB Metro Hatt\u0131\u2019n\u0131n yetkili montaj ve bak\u0131m \u015firketidir.\n    <\/p>\n    <span class=\"project-status completed\">Tamamland\u0131<\/span>\n  <\/div>\n\n  <!-- Proje A\u00e7\u0131klamas\u0131 -->\n  <div class=\"project-body\">\n    <p>\n      Geli\u015fmi\u015f tan\u0131 ara\u00e7lar\u0131yla ger\u00e7ek zamanl\u0131 sorun tespiti yap\u0131lmaktad\u0131r.\n    <\/p>\n\n    <ul>\n      <li>Olaylar\u0131n k\u00f6k nedenlerini tespit ederek toplam ar\u0131za oranlar\u0131n\u0131 azaltmak,<\/li>\n      <li>Sistemin MTTR ve MTBF de\u011ferlerini korumak,<\/li>\n      <li>Ar\u0131zalar\u0131 erken tespit edip \u00e7\u00f6zerek yolcu memnuniyetini art\u0131rmak.<\/li>\n    <\/ul>\n\n    <p>\n      Ray veya tren \u00fczerindeki titre\u015fimlerden etkilenebilecek t\u00fcm elektriksel, elektronik ve mekanik\n      par\u00e7alar kontrol edilmekte, olas\u0131 ar\u0131zalar\u0131 \u00f6nlemek amac\u0131yla ek \u00f6nlemler al\u0131nmaktad\u0131r.\n    <\/p>\n\n    <p>\n      Sahada uygulad\u0131\u011f\u0131m\u0131z \u00f6zel kurallar sayesinde yedek par\u00e7alar\u0131n \u00f6mr\u00fcn\u00fc uzat\u0131yor ve sistemin\n      kullan\u0131labilirli\u011fini art\u0131r\u0131yoruz.\n    <\/p>\n\n    <p>\n      Miralis, i\u015fletme \u015firketinin yeni operat\u00f6rleri ve \u00e7ok g\u00f6revli personelleri i\u00e7in d\u00fczenli e\u011fitimler\n      vermektedir. Bu e\u011fitimler, sistemin daha iyi anla\u015f\u0131lmas\u0131n\u0131 ve daha verimli bir i\u015fletme s\u00fcreci\n      y\u00fcr\u00fct\u00fclmesini sa\u011flamaktad\u0131r.\n    <\/p>\n\n    <p><strong>Verilen e\u011fitimler:<\/strong><\/p>\n    <ul>\n      <li>Yasal zorunlu e\u011fitimler,<\/li>\n      <li>\u0130\u015f g\u00fcvenli\u011fi e\u011fitimleri,<\/li>\n      <li>E\u011fitim kitap\u00e7\u0131klar\u0131.<\/li>\n    <\/ul>\n\n    <p>\n      E\u011fitim talimatlar\u0131 bak\u0131m k\u0131lavuzuna dayanmakta ve g\u00fcnl\u00fck bak\u0131m i\u015flemlerini de kapsamaktad\u0131r.\n      Bu uygulamalar, metro i\u015fletme \u015firketinin hat genelinde verimlili\u011fi art\u0131rmas\u0131 a\u00e7\u0131s\u0131ndan zorunludur.\n    <\/p>\n  <\/div>\n\n  <!-- Say\u0131sal Bilgiler -->\n  <div class=\"project-stats\">\n    <div class=\"stat-item\">\n      <i class=\"fa-solid fa-chalkboard-user\"><\/i>\n      <h3>1<\/h3>\n      <p>Programlar<\/p>\n    <\/div>\n    <div class=\"stat-item\">\n      <i class=\"fa-solid fa-hard-hat\"><\/i>\n      <h3>26<\/h3>\n      <p>Konumlar<\/p>\n    <\/div>\n    <div class=\"stat-item\">\n      <i class=\"fa-solid fa-check\"><\/i>\n      <h3>Tamamland\u0131<\/h3>\n      <p>02.05.2023 \u2014 18:49<\/p>\n    <\/div>\n  <\/div>\n\n  <!-- Galeri Ba\u015fl\u0131\u011f\u0131 -->\n  <h2 class=\"gallery-title\">Proje Galerisi<\/h2>\n\n  <!-- Masonry Grid -->\n  <div class=\"masonry-grid\" id=\"project-gallery\"><\/div>\n\n  <!-- Lightbox -->\n  <div id=\"lightbox\" class=\"lightbox\" onclick=\"closeLightbox()\">\n    <span class=\"close-btn\">&times;<\/span>\n    <img id=\"lightbox-img\" class=\"lightbox-img\" alt=\"B\u00fcy\u00fck G\u00f6rsel\">\n  <\/div>\n\n<\/section>\n\n<!-- Masonry JS -->\n<script>\nconst galleryContainer = document.getElementById('project-gallery');\n\n\/\/ 39'dan 43'e kadar olan g\u00f6rselleri otomatik ekle\nfor (let i = 39; i <= 43; i++) {\n  const item = document.createElement('div');\n  item.classList.add('masonry-item');\n\n  const img = document.createElement('img');\n  img.src = `\/wp-content\/uploads\/2025\/10\/${i}.avif`;\n  img.alt = `Dudullu Bostanc\u0131 Metro PSD Test G\u00f6rseli ${i}`;\n  img.loading = \"lazy\";\n  img.onclick = () => openLightbox(img.src);\n\n  item.appendChild(img);\n  galleryContainer.appendChild(item);\n}\n\nfunction openLightbox(src) {\n  document.getElementById('lightbox-img').src = src;\n  document.getElementById('lightbox').style.display = 'flex';\n}\n\nfunction closeLightbox() {\n  document.getElementById('lightbox').style.display = 'none';\n}\n<\/script>\t\t\t\t<\/div>\n\t\t\t\t<\/div>\n\t\t\t\t<div class=\"elementor-element elementor-element-31ee303 sc_height_medium sc_fly_static elementor-widget elementor-widget-spacer\" data-id=\"31ee303\" data-element_type=\"widget\" data-e-type=\"widget\" data-widget_type=\"spacer.default\">\n\t\t\t\t<div class=\"elementor-widget-container\">\n\t\t\t\t\t\t\t<div class=\"elementor-spacer\">\n\t\t\t<div class=\"elementor-spacer-inner\"><\/div>\n\t\t<\/div>\n\t\t\t\t\t\t<\/div>\n\t\t\t\t<\/div>\n\t\t\t\t\t<\/div>\n\t\t<\/div>\n\t\t\t\t\t<\/div>\n\t\t<\/section>\n\t\t\t\t<\/div>\n\t\t","protected":false},"excerpt":{"rendered":"<p>Page (post) title Dudullu Bostanc\u0131 Metro PAKS Test ve Devreye Alma Miralis Engineering, \u0130stanbul\u2019daki DB Metro Hatt\u0131\u2019n\u0131n yetkili montaj ve bak\u0131m \u015firketidir. Tamamland\u0131 Geli\u015fmi\u015f tan\u0131 ara\u00e7lar\u0131yla ger\u00e7ek zamanl\u0131 sorun tespiti&hellip;<\/p>\n","protected":false},"author":1,"featured_media":0,"parent":21027,"menu_order":0,"comment_status":"closed","ping_status":"closed","template":"","meta":{"footnotes":""},"class_list":["post-21203","page","type-page","status-publish","hentry"],"_links":{"self":[{"href":"https:\/\/miraliseng.com\/tr\/wp-json\/wp\/v2\/pages\/21203","targetHints":{"allow":["GET"]}}],"collection":[{"href":"https:\/\/miraliseng.com\/tr\/wp-json\/wp\/v2\/pages"}],"about":[{"href":"https:\/\/miraliseng.com\/tr\/wp-json\/wp\/v2\/types\/page"}],"author":[{"embeddable":true,"href":"https:\/\/miraliseng.com\/tr\/wp-json\/wp\/v2\/users\/1"}],"replies":[{"embeddable":true,"href":"https:\/\/miraliseng.com\/tr\/wp-json\/wp\/v2\/comments?post=21203"}],"version-history":[{"count":20,"href":"https:\/\/miraliseng.com\/tr\/wp-json\/wp\/v2\/pages\/21203\/revisions"}],"predecessor-version":[{"id":21622,"href":"https:\/\/miraliseng.com\/tr\/wp-json\/wp\/v2\/pages\/21203\/revisions\/21622"}],"up":[{"embeddable":true,"href":"https:\/\/miraliseng.com\/tr\/wp-json\/wp\/v2\/pages\/21027"}],"wp:attachment":[{"href":"https:\/\/miraliseng.com\/tr\/wp-json\/wp\/v2\/media?parent=21203"}],"curies":[{"name":"wp","href":"https:\/\/api.w.org\/{rel}","templated":true}]}}