{"id":21217,"date":"2025-10-21T15:33:27","date_gmt":"2025-10-21T12:33:27","guid":{"rendered":"https:\/\/miralis.adburbs.com\/?page_id=21217"},"modified":"2025-11-17T09:12:07","modified_gmt":"2025-11-17T06:12:07","slug":"istanbul-havalimani-metro-paks-bakimi","status":"publish","type":"page","link":"https:\/\/miraliseng.com\/tr\/projelerimiz\/istanbul-havalimani-metro-paks-bakimi\/","title":{"rendered":"\u0130stanbul Havaliman\u0131 Metro &#8211; PAKS Bak\u0131m\u0131"},"content":{"rendered":"\t\t<div data-elementor-type=\"wp-page\" data-elementor-id=\"21217\" class=\"elementor elementor-21217\">\n\t\t\t\t\t\t<section class=\"elementor-section elementor-top-section elementor-element elementor-element-637bc59 elementor-section-full_width elementor-section-content-middle sc_layouts_row sc_layouts_row_type_compact scheme_dark elementor-section-height-default elementor-section-height-default sc_fly_static\" data-id=\"637bc59\" data-element_type=\"section\" data-e-type=\"section\" data-settings=\"{&quot;background_background&quot;:&quot;classic&quot;}\">\n\t\t\t\t\t\t\t<div class=\"elementor-background-overlay\"><\/div>\n\t\t\t\t\t\t\t<div class=\"elementor-container elementor-column-gap-no\">\n\t\t\t\t\t<div class=\"elementor-column elementor-col-100 elementor-top-column elementor-element elementor-element-0636e72 sc_content_align_inherit sc_layouts_column_icons_position_left sc_fly_static\" data-id=\"0636e72\" data-element_type=\"column\" data-e-type=\"column\">\n\t\t\t<div class=\"elementor-widget-wrap elementor-element-populated\">\n\t\t\t\t\t\t<section class=\"elementor-section elementor-inner-section elementor-element elementor-element-96decde elementor-section-boxed elementor-section-height-default elementor-section-height-default sc_fly_static\" data-id=\"96decde\" data-element_type=\"section\" data-e-type=\"section\">\n\t\t\t\t\t\t<div class=\"elementor-container elementor-column-gap-extended\">\n\t\t\t\t\t<div class=\"elementor-column elementor-col-100 elementor-inner-column elementor-element elementor-element-bd59e05 sc_content_align_inherit sc_layouts_column_icons_position_left sc_fly_static\" data-id=\"bd59e05\" data-element_type=\"column\" data-e-type=\"column\">\n\t\t\t<div class=\"elementor-widget-wrap elementor-element-populated\">\n\t\t\t\t\t\t<div class=\"elementor-element elementor-element-8da64f4 sc_fly_static elementor-widget elementor-widget-spacer\" data-id=\"8da64f4\" data-element_type=\"widget\" data-e-type=\"widget\" data-widget_type=\"spacer.default\">\n\t\t\t\t<div class=\"elementor-widget-container\">\n\t\t\t\t\t\t\t<div class=\"elementor-spacer\">\n\t\t\t<div class=\"elementor-spacer-inner\"><\/div>\n\t\t<\/div>\n\t\t\t\t\t\t<\/div>\n\t\t\t\t<\/div>\n\t\t\t\t<div class=\"elementor-element elementor-element-fe13199 sc_fly_static elementor-widget elementor-widget-trx_sc_layouts_title\" data-id=\"fe13199\" data-element_type=\"widget\" data-e-type=\"widget\" data-widget_type=\"trx_sc_layouts_title.default\">\n\t\t\t\t<div class=\"elementor-widget-container\">\n\t\t\t\t\t<div class=\"sc_layouts_title sc_align_center with_content without_image without_tint\" ><div class=\"sc_layouts_title_content\"><div class=\"sc_layouts_title_title\"><h1 class=\"sc_layouts_title_caption\">\u0130stanbul Havaliman\u0131 Metro &#8211; PAKS Bak\u0131m\u0131<\/h1><\/div><\/div><\/div>\t\t\t\t<\/div>\n\t\t\t\t<\/div>\n\t\t\t\t<div class=\"elementor-element elementor-element-006218e sc_fly_static elementor-widget elementor-widget-spacer\" data-id=\"006218e\" data-element_type=\"widget\" data-e-type=\"widget\" data-widget_type=\"spacer.default\">\n\t\t\t\t<div class=\"elementor-widget-container\">\n\t\t\t\t\t\t\t<div class=\"elementor-spacer\">\n\t\t\t<div class=\"elementor-spacer-inner\"><\/div>\n\t\t<\/div>\n\t\t\t\t\t\t<\/div>\n\t\t\t\t<\/div>\n\t\t\t\t<div class=\"elementor-element elementor-element-89c774e elementor-view-default sc_fly_static elementor-widget elementor-widget-icon\" data-id=\"89c774e\" data-element_type=\"widget\" data-e-type=\"widget\" data-widget_type=\"icon.default\">\n\t\t\t\t<div class=\"elementor-widget-container\">\n\t\t\t\t\t\t\t<div class=\"elementor-icon-wrapper\">\n\t\t\t<div class=\"elementor-icon\">\n\t\t\t<svg xmlns=\"http:\/\/www.w3.org\/2000\/svg\" width=\"14.626\" height=\"8.639\" viewBox=\"0 0 14.626 8.639\"><g id=\"down-arrow\" transform=\"translate(0 -70.698)\"><g id=\"Group_8820\" data-name=\"Group 8820\" transform=\"translate(0 100.698)\"><path id=\"Path_6507\" data-name=\"Path 6507\" d=\"M14.392,101.42l-.479-.482a.8.8,0,0,0-1.132,0L7.316,106.4l-5.472-5.472a.8.8,0,0,0-1.132,0l-.479.479a.8.8,0,0,0,0,1.131l6.515,6.538a.818.818,0,0,0,.567.257h0a.818.818,0,0,0,.566-.257l6.508-6.52a.808.808,0,0,0,.234-.571A.8.8,0,0,0,14.392,101.42Z\" transform=\"translate(0 -130.698)\"><\/path><\/g><\/g><\/svg>\t\t\t<\/div>\n\t\t<\/div>\n\t\t\t\t\t\t<\/div>\n\t\t\t\t<\/div>\n\t\t\t\t<div class=\"elementor-element elementor-element-00f6051 sc_height_huge sc_fly_static elementor-widget elementor-widget-spacer\" data-id=\"00f6051\" data-element_type=\"widget\" data-e-type=\"widget\" data-widget_type=\"spacer.default\">\n\t\t\t\t<div class=\"elementor-widget-container\">\n\t\t\t\t\t\t\t<div class=\"elementor-spacer\">\n\t\t\t<div class=\"elementor-spacer-inner\"><\/div>\n\t\t<\/div>\n\t\t\t\t\t\t<\/div>\n\t\t\t\t<\/div>\n\t\t\t\t\t<\/div>\n\t\t<\/div>\n\t\t\t\t\t<\/div>\n\t\t<\/section>\n\t\t\t\t\t<\/div>\n\t\t<\/div>\n\t\t\t\t\t<\/div>\n\t\t<\/section>\n\t\t\t\t<section class=\"elementor-section elementor-top-section elementor-element elementor-element-5c03264 scheme_light elementor-section-boxed elementor-section-height-default elementor-section-height-default sc_fly_static\" data-id=\"5c03264\" data-element_type=\"section\" data-e-type=\"section\" data-settings=\"{&quot;background_background&quot;:&quot;classic&quot;}\">\n\t\t\t\t\t\t<div class=\"elementor-container elementor-column-gap-extended\">\n\t\t\t\t\t<div class=\"elementor-column elementor-col-100 elementor-top-column elementor-element elementor-element-70e0b6f sc_content_align_inherit sc_layouts_column_icons_position_left sc_fly_static\" data-id=\"70e0b6f\" data-element_type=\"column\" data-e-type=\"column\">\n\t\t\t<div class=\"elementor-widget-wrap elementor-element-populated\">\n\t\t\t\t\t\t<div class=\"elementor-element elementor-element-10b63eb sc_fly_static elementor-widget elementor-widget-html\" data-id=\"10b63eb\" data-element_type=\"widget\" data-e-type=\"widget\" data-widget_type=\"html.default\">\n\t\t\t\t<div class=\"elementor-widget-container\">\n\t\t\t\t\t<section class=\"project-detail\">\n\n  <!-- \u00dcst Bilgi -->\n  <div class=\"project-header\">\n    <h2 class=\"project-title\">\u0130stanbul Havaliman\u0131 Metro - PAKS Bak\u0131m\u0131<\/h2>\n    <p class=\"project-desc\">\n      Miralis Engineering, \u0130stanbul Gayrettepe - Yeni Havaliman\u0131 Metro Hatt\u0131\u2019n\u0131n yetkili bak\u0131m y\u00fcklenicisidir.\n    <\/p>\n    <span class=\"project-status ongoing\">Devam Ediyor<\/span>\n  <\/div>\n\n  <!-- Proje A\u00e7\u0131klamas\u0131 -->\n  <div class=\"project-body\">\n    <p>\n      2023 y\u0131l\u0131 itibar\u0131yla Miralis Engineering, \u0130stanbul Yeni Havaliman\u0131 Metro Hatt\u0131\u2019nda bulunan 9 farkl\u0131 istasyonda,\n      her istasyonda 2 peron olmak \u00fczere bak\u0131m \u00e7al\u0131\u015fmalar\u0131n\u0131 y\u00fcr\u00fctmeye ba\u015flam\u0131\u015ft\u0131r.\n    <\/p>\n\n    <p>\n      PSD sistemleri, hat \u00fczerindeki yolcu g\u00fcvenli\u011fi ve operasyonel s\u00fcreklilik a\u00e7\u0131s\u0131ndan kritik bir role sahiptir.\n      Miralis Engineering, sistemin maksimum verimlilikle \u00e7al\u0131\u015fmas\u0131 i\u00e7in \u00f6nleyici bak\u0131m stratejilerini uygulayarak\n      olas\u0131 ar\u0131zalar\u0131n olu\u015fmadan engellenmesini sa\u011flar.\n    <\/p>\n\n    <p>\n      Sahada g\u00f6rev yapan teknik ekiplerimiz, SCADA ve tren kontrol merkezleriyle tam koordinasyon i\u00e7inde \u00e7al\u0131\u015farak,\n      olas\u0131 teknik aksakl\u0131klar\u0131 an\u0131nda tespit edip \u00e7\u00f6zmektedir. B\u00f6ylece sistemin s\u00fcrekli \u00e7al\u0131\u015fabilirli\u011fi ve\n      yolcu memnuniyeti en \u00fcst seviyede tutulmaktad\u0131r.\n    <\/p>\n  <\/div>\n\n  <!-- Say\u0131sal Bilgiler -->\n  <div class=\"project-stats\">\n    <div class=\"stat-item\">\n      <i class=\"fa-solid fa-chalkboard-user\"><\/i>\n      <h3>5<\/h3>\n      <p>Programlar<\/p>\n    <\/div>\n    <div class=\"stat-item\">\n      <i class=\"fa-solid fa-hard-hat\"><\/i>\n      <h3>18<\/h3>\n      <p>Konumlar<\/p>\n    <\/div>\n    <div class=\"stat-item\">\n      <i class=\"fa-solid fa-spinner\"><\/i>\n      <h3>Devam Ediyor<\/h3>\n      <p>02.05.2023 \u2014 18:49<\/p>\n    <\/div>\n  <\/div>\n\n  <!-- Galeri Ba\u015fl\u0131\u011f\u0131 -->\n  <h2 class=\"gallery-title\">Proje Galerisi<\/h2>\n\n  <!-- Masonry Grid -->\n  <div class=\"masonry-grid\" id=\"project-gallery\"><\/div>\n\n  <!-- Lightbox -->\n  <div id=\"lightbox\" class=\"lightbox\" onclick=\"closeLightbox()\">\n    <span class=\"close-btn\">&times;<\/span>\n    <img id=\"lightbox-img\" class=\"lightbox-img\" alt=\"B\u00fcy\u00fck G\u00f6rsel\">\n  <\/div>\n\n<\/section>\n\n<!-- Masonry JS -->\n<script>\nconst galleryContainer = document.getElementById('project-gallery');\n\n\/\/ 44'ten 82'ye kadar olan g\u00f6rselleri otomatik ekle\nfor (let i = 44; i <= 82; i++) {\n  const item = document.createElement('div');\n  item.classList.add('masonry-item');\n\n  const img = document.createElement('img');\n  img.src = `\/wp-content\/uploads\/2025\/10\/${i}.avif`;\n  img.alt = `\u0130stanbul Havaliman\u0131 Metro PSD G\u00f6rseli ${i}`;\n  img.loading = \"lazy\";\n  img.onclick = () => openLightbox(img.src);\n\n  item.appendChild(img);\n  galleryContainer.appendChild(item);\n}\n\nfunction openLightbox(src) {\n  document.getElementById('lightbox-img').src = src;\n  document.getElementById('lightbox').style.display = 'flex';\n}\n\nfunction closeLightbox() {\n  document.getElementById('lightbox').style.display = 'none';\n}\n<\/script>\t\t\t\t<\/div>\n\t\t\t\t<\/div>\n\t\t\t\t<div class=\"elementor-element elementor-element-31ee303 sc_height_medium sc_fly_static elementor-widget elementor-widget-spacer\" data-id=\"31ee303\" data-element_type=\"widget\" data-e-type=\"widget\" data-widget_type=\"spacer.default\">\n\t\t\t\t<div class=\"elementor-widget-container\">\n\t\t\t\t\t\t\t<div class=\"elementor-spacer\">\n\t\t\t<div class=\"elementor-spacer-inner\"><\/div>\n\t\t<\/div>\n\t\t\t\t\t\t<\/div>\n\t\t\t\t<\/div>\n\t\t\t\t\t<\/div>\n\t\t<\/div>\n\t\t\t\t\t<\/div>\n\t\t<\/section>\n\t\t\t\t<\/div>\n\t\t","protected":false},"excerpt":{"rendered":"<p>Page (post) title \u0130stanbul Havaliman\u0131 Metro &#8211; PAKS Bak\u0131m\u0131 Miralis Engineering, \u0130stanbul Gayrettepe &#8211; Yeni Havaliman\u0131 Metro Hatt\u0131\u2019n\u0131n yetkili bak\u0131m y\u00fcklenicisidir. Devam Ediyor 2023 y\u0131l\u0131 itibar\u0131yla Miralis Engineering, \u0130stanbul Yeni&hellip;<\/p>\n","protected":false},"author":1,"featured_media":0,"parent":21027,"menu_order":0,"comment_status":"closed","ping_status":"closed","template":"","meta":{"footnotes":""},"class_list":["post-21217","page","type-page","status-publish","hentry"],"_links":{"self":[{"href":"https:\/\/miraliseng.com\/tr\/wp-json\/wp\/v2\/pages\/21217","targetHints":{"allow":["GET"]}}],"collection":[{"href":"https:\/\/miraliseng.com\/tr\/wp-json\/wp\/v2\/pages"}],"about":[{"href":"https:\/\/miraliseng.com\/tr\/wp-json\/wp\/v2\/types\/page"}],"author":[{"embeddable":true,"href":"https:\/\/miraliseng.com\/tr\/wp-json\/wp\/v2\/users\/1"}],"replies":[{"embeddable":true,"href":"https:\/\/miraliseng.com\/tr\/wp-json\/wp\/v2\/comments?post=21217"}],"version-history":[{"count":11,"href":"https:\/\/miraliseng.com\/tr\/wp-json\/wp\/v2\/pages\/21217\/revisions"}],"predecessor-version":[{"id":21625,"href":"https:\/\/miraliseng.com\/tr\/wp-json\/wp\/v2\/pages\/21217\/revisions\/21625"}],"up":[{"embeddable":true,"href":"https:\/\/miraliseng.com\/tr\/wp-json\/wp\/v2\/pages\/21027"}],"wp:attachment":[{"href":"https:\/\/miraliseng.com\/tr\/wp-json\/wp\/v2\/media?parent=21217"}],"curies":[{"name":"wp","href":"https:\/\/api.w.org\/{rel}","templated":true}]}}