{"id":21261,"date":"2025-10-21T15:34:39","date_gmt":"2025-10-21T12:34:39","guid":{"rendered":"https:\/\/miralis.adburbs.com\/?page_id=21261"},"modified":"2025-11-17T09:12:13","modified_gmt":"2025-11-17T06:12:13","slug":"sofya-metrosu-paks-montaj-denetimi","status":"publish","type":"page","link":"https:\/\/miraliseng.com\/tr\/projelerimiz\/sofya-metrosu-paks-montaj-denetimi\/","title":{"rendered":"Sofya Metrosu PAKS Montaj Denetimi"},"content":{"rendered":"\t\t<div data-elementor-type=\"wp-page\" data-elementor-id=\"21261\" class=\"elementor elementor-21261\">\n\t\t\t\t\t\t<section class=\"elementor-section elementor-top-section elementor-element elementor-element-34309b6 elementor-section-full_width elementor-section-content-middle sc_layouts_row sc_layouts_row_type_compact scheme_dark elementor-section-height-default elementor-section-height-default sc_fly_static\" data-id=\"34309b6\" data-element_type=\"section\" data-e-type=\"section\" data-settings=\"{&quot;background_background&quot;:&quot;classic&quot;}\">\n\t\t\t\t\t\t\t<div class=\"elementor-background-overlay\"><\/div>\n\t\t\t\t\t\t\t<div class=\"elementor-container elementor-column-gap-no\">\n\t\t\t\t\t<div class=\"elementor-column elementor-col-100 elementor-top-column elementor-element elementor-element-06d9699 sc_content_align_inherit sc_layouts_column_icons_position_left sc_fly_static\" data-id=\"06d9699\" data-element_type=\"column\" data-e-type=\"column\">\n\t\t\t<div class=\"elementor-widget-wrap elementor-element-populated\">\n\t\t\t\t\t\t<section class=\"elementor-section elementor-inner-section elementor-element elementor-element-24bbe22 elementor-section-boxed elementor-section-height-default elementor-section-height-default sc_fly_static\" data-id=\"24bbe22\" data-element_type=\"section\" data-e-type=\"section\">\n\t\t\t\t\t\t<div class=\"elementor-container elementor-column-gap-extended\">\n\t\t\t\t\t<div class=\"elementor-column elementor-col-100 elementor-inner-column elementor-element elementor-element-3a74d03 sc_content_align_inherit sc_layouts_column_icons_position_left sc_fly_static\" data-id=\"3a74d03\" data-element_type=\"column\" data-e-type=\"column\">\n\t\t\t<div class=\"elementor-widget-wrap elementor-element-populated\">\n\t\t\t\t\t\t<div class=\"elementor-element elementor-element-9ee8f90 sc_fly_static elementor-widget elementor-widget-spacer\" data-id=\"9ee8f90\" data-element_type=\"widget\" data-e-type=\"widget\" data-widget_type=\"spacer.default\">\n\t\t\t\t<div class=\"elementor-widget-container\">\n\t\t\t\t\t\t\t<div class=\"elementor-spacer\">\n\t\t\t<div class=\"elementor-spacer-inner\"><\/div>\n\t\t<\/div>\n\t\t\t\t\t\t<\/div>\n\t\t\t\t<\/div>\n\t\t\t\t<div class=\"elementor-element elementor-element-c7c9bcc sc_fly_static elementor-widget elementor-widget-trx_sc_layouts_title\" data-id=\"c7c9bcc\" data-element_type=\"widget\" data-e-type=\"widget\" data-widget_type=\"trx_sc_layouts_title.default\">\n\t\t\t\t<div class=\"elementor-widget-container\">\n\t\t\t\t\t<div class=\"sc_layouts_title sc_align_center with_content without_image without_tint\" ><div class=\"sc_layouts_title_content\"><div class=\"sc_layouts_title_title\"><h1 class=\"sc_layouts_title_caption\">Sofya Metrosu PAKS Montaj Denetimi<\/h1><\/div><\/div><\/div>\t\t\t\t<\/div>\n\t\t\t\t<\/div>\n\t\t\t\t<div class=\"elementor-element elementor-element-278404f sc_fly_static elementor-widget elementor-widget-spacer\" data-id=\"278404f\" data-element_type=\"widget\" data-e-type=\"widget\" data-widget_type=\"spacer.default\">\n\t\t\t\t<div class=\"elementor-widget-container\">\n\t\t\t\t\t\t\t<div class=\"elementor-spacer\">\n\t\t\t<div class=\"elementor-spacer-inner\"><\/div>\n\t\t<\/div>\n\t\t\t\t\t\t<\/div>\n\t\t\t\t<\/div>\n\t\t\t\t<div class=\"elementor-element elementor-element-3bb327b elementor-view-default sc_fly_static elementor-widget elementor-widget-icon\" data-id=\"3bb327b\" data-element_type=\"widget\" data-e-type=\"widget\" data-widget_type=\"icon.default\">\n\t\t\t\t<div class=\"elementor-widget-container\">\n\t\t\t\t\t\t\t<div class=\"elementor-icon-wrapper\">\n\t\t\t<div class=\"elementor-icon\">\n\t\t\t<svg xmlns=\"http:\/\/www.w3.org\/2000\/svg\" width=\"14.626\" height=\"8.639\" viewBox=\"0 0 14.626 8.639\"><g id=\"down-arrow\" transform=\"translate(0 -70.698)\"><g id=\"Group_8820\" data-name=\"Group 8820\" transform=\"translate(0 100.698)\"><path id=\"Path_6507\" data-name=\"Path 6507\" d=\"M14.392,101.42l-.479-.482a.8.8,0,0,0-1.132,0L7.316,106.4l-5.472-5.472a.8.8,0,0,0-1.132,0l-.479.479a.8.8,0,0,0,0,1.131l6.515,6.538a.818.818,0,0,0,.567.257h0a.818.818,0,0,0,.566-.257l6.508-6.52a.808.808,0,0,0,.234-.571A.8.8,0,0,0,14.392,101.42Z\" transform=\"translate(0 -130.698)\"><\/path><\/g><\/g><\/svg>\t\t\t<\/div>\n\t\t<\/div>\n\t\t\t\t\t\t<\/div>\n\t\t\t\t<\/div>\n\t\t\t\t<div class=\"elementor-element elementor-element-2dfadc6 sc_height_huge sc_fly_static elementor-widget elementor-widget-spacer\" data-id=\"2dfadc6\" data-element_type=\"widget\" data-e-type=\"widget\" data-widget_type=\"spacer.default\">\n\t\t\t\t<div class=\"elementor-widget-container\">\n\t\t\t\t\t\t\t<div class=\"elementor-spacer\">\n\t\t\t<div class=\"elementor-spacer-inner\"><\/div>\n\t\t<\/div>\n\t\t\t\t\t\t<\/div>\n\t\t\t\t<\/div>\n\t\t\t\t\t<\/div>\n\t\t<\/div>\n\t\t\t\t\t<\/div>\n\t\t<\/section>\n\t\t\t\t\t<\/div>\n\t\t<\/div>\n\t\t\t\t\t<\/div>\n\t\t<\/section>\n\t\t\t\t<section class=\"elementor-section elementor-top-section elementor-element elementor-element-5c03264 scheme_light elementor-section-boxed elementor-section-height-default elementor-section-height-default sc_fly_static\" data-id=\"5c03264\" data-element_type=\"section\" data-e-type=\"section\" data-settings=\"{&quot;background_background&quot;:&quot;classic&quot;}\">\n\t\t\t\t\t\t<div class=\"elementor-container elementor-column-gap-extended\">\n\t\t\t\t\t<div class=\"elementor-column elementor-col-100 elementor-top-column elementor-element elementor-element-70e0b6f sc_content_align_inherit sc_layouts_column_icons_position_left sc_fly_static\" data-id=\"70e0b6f\" data-element_type=\"column\" data-e-type=\"column\">\n\t\t\t<div class=\"elementor-widget-wrap elementor-element-populated\">\n\t\t\t\t\t\t<div class=\"elementor-element elementor-element-10b63eb sc_fly_static elementor-widget elementor-widget-html\" data-id=\"10b63eb\" data-element_type=\"widget\" data-e-type=\"widget\" data-widget_type=\"html.default\">\n\t\t\t\t<div class=\"elementor-widget-container\">\n\t\t\t\t\t<section class=\"project-detail\">\n\n  <!-- \u00dcst Bilgi -->\n  <div class=\"project-header\">\n    <h2 class=\"project-title\">Sofya Metrosu PAKS Montaj Denetimi<\/h2>\n    <p class=\"project-desc\">\n      Miralis Engineering, Bulgaristan\u2019daki Sofya Metro hatt\u0131nda PSD montaj denetimi \u00e7al\u0131\u015fmalar\u0131n\u0131 y\u00fcr\u00fctm\u00fc\u015ft\u00fcr.\n    <\/p>\n    <span class=\"project-status completed\">Tamamland\u0131<\/span>\n  <\/div>\n\n  <!-- Proje A\u00e7\u0131klamas\u0131 -->\n  <div class=\"project-body\">\n    <p>\n      Miralis Engineering olarak en b\u00fcy\u00fck g\u00fcc\u00fcm\u00fcz insan kayna\u011f\u0131m\u0131zd\u0131r. Elektronik, mekatronik, mekanik m\u00fchendislerinden\n      olu\u015fan bir ekibin yan\u0131 s\u0131ra deneyimli elektrik ve mekanik teknisyenlerinden olu\u015fan g\u00fc\u00e7l\u00fc bir teknik kadroya sahibiz.\n    <\/p>\n\n    <p>\n      M\u00fchendis ve teknisyen ekibimizin k\u00f6keni t\u00fcnel delme makineleri (TBM) alan\u0131ndan gelmektedir. Ancak 2015 y\u0131l\u0131ndan bu yana\n      Platform Screen Door (PSD) sistemlerinin montaj\u0131, i\u015fletimi, bak\u0131m\u0131 ve ar\u0131za giderimi konusunda sekt\u00f6rdeki en deneyimli\n      ekiplerden biri haline geldik.\n    <\/p>\n\n    <p>\n      Kurulu\u015fumuzdan bu yana \u00e7ekirdek ekibimiz de\u011fi\u015fmeden \u00e7al\u0131\u015fmalar\u0131n\u0131 s\u00fcrd\u00fcrmektedir. Edindi\u011fimiz tecr\u00fcbe, y\u00fcksek kalite\n      standartlar\u0131na ba\u011fl\u0131l\u0131\u011f\u0131m\u0131z ve disiplinli \u00e7al\u0131\u015fma k\u00fclt\u00fcr\u00fcm\u00fcz sayesinde yeni projelere her zaman haz\u0131r\u0131z.\n    <\/p>\n  <\/div>\n\n  <!-- Say\u0131sal Bilgiler -->\n  <div class=\"project-stats\">\n    <div class=\"stat-item\">\n      <i class=\"fa-solid fa-chalkboard-user\"><\/i>\n      <h3>1<\/h3>\n      <p>Programlar<\/p>\n    <\/div>\n    <div class=\"stat-item\">\n      <i class=\"fa-solid fa-hard-hat\"><\/i>\n      <h3>14<\/h3>\n      <p>Konumlar<\/p>\n    <\/div>\n    <div class=\"stat-item\">\n      <i class=\"fa-solid fa-check\"><\/i>\n      <h3>Tamamland\u0131<\/h3>\n      <p>02.05.2023 \u2014 18:45<\/p>\n    <\/div>\n  <\/div>\n\n<\/section>\t\t\t\t<\/div>\n\t\t\t\t<\/div>\n\t\t\t\t<div class=\"elementor-element elementor-element-31ee303 sc_height_medium sc_fly_static elementor-widget elementor-widget-spacer\" data-id=\"31ee303\" data-element_type=\"widget\" data-e-type=\"widget\" data-widget_type=\"spacer.default\">\n\t\t\t\t<div class=\"elementor-widget-container\">\n\t\t\t\t\t\t\t<div class=\"elementor-spacer\">\n\t\t\t<div class=\"elementor-spacer-inner\"><\/div>\n\t\t<\/div>\n\t\t\t\t\t\t<\/div>\n\t\t\t\t<\/div>\n\t\t\t\t\t<\/div>\n\t\t<\/div>\n\t\t\t\t\t<\/div>\n\t\t<\/section>\n\t\t\t\t<\/div>\n\t\t","protected":false},"excerpt":{"rendered":"<p>Page (post) title Sofya Metrosu PAKS Montaj Denetimi Miralis Engineering, Bulgaristan\u2019daki Sofya Metro hatt\u0131nda PSD montaj denetimi \u00e7al\u0131\u015fmalar\u0131n\u0131 y\u00fcr\u00fctm\u00fc\u015ft\u00fcr. Tamamland\u0131 Miralis Engineering olarak en b\u00fcy\u00fck g\u00fcc\u00fcm\u00fcz insan kayna\u011f\u0131m\u0131zd\u0131r. Elektronik, mekatronik,&hellip;<\/p>\n","protected":false},"author":1,"featured_media":0,"parent":21027,"menu_order":0,"comment_status":"closed","ping_status":"closed","template":"","meta":{"footnotes":""},"class_list":["post-21261","page","type-page","status-publish","hentry"],"_links":{"self":[{"href":"https:\/\/miraliseng.com\/tr\/wp-json\/wp\/v2\/pages\/21261","targetHints":{"allow":["GET"]}}],"collection":[{"href":"https:\/\/miraliseng.com\/tr\/wp-json\/wp\/v2\/pages"}],"about":[{"href":"https:\/\/miraliseng.com\/tr\/wp-json\/wp\/v2\/types\/page"}],"author":[{"embeddable":true,"href":"https:\/\/miraliseng.com\/tr\/wp-json\/wp\/v2\/users\/1"}],"replies":[{"embeddable":true,"href":"https:\/\/miraliseng.com\/tr\/wp-json\/wp\/v2\/comments?post=21261"}],"version-history":[{"count":11,"href":"https:\/\/miraliseng.com\/tr\/wp-json\/wp\/v2\/pages\/21261\/revisions"}],"predecessor-version":[{"id":21628,"href":"https:\/\/miraliseng.com\/tr\/wp-json\/wp\/v2\/pages\/21261\/revisions\/21628"}],"up":[{"embeddable":true,"href":"https:\/\/miraliseng.com\/tr\/wp-json\/wp\/v2\/pages\/21027"}],"wp:attachment":[{"href":"https:\/\/miraliseng.com\/tr\/wp-json\/wp\/v2\/media?parent=21261"}],"curies":[{"name":"wp","href":"https:\/\/api.w.org\/{rel}","templated":true}]}}