{"id":21522,"date":"2025-10-23T15:29:33","date_gmt":"2025-10-23T12:29:33","guid":{"rendered":"https:\/\/miralis.adburbs.com\/?page_id=21522"},"modified":"2025-12-06T10:02:27","modified_gmt":"2025-12-06T07:02:27","slug":"elektromekanik-imalat-ve-montaj","status":"publish","type":"page","link":"https:\/\/miraliseng.com\/tr\/hizmetlerimiz\/elektromekanik-imalat-ve-montaj\/","title":{"rendered":"Elektromekanik \u0130malat ve Montaj"},"content":{"rendered":"\t\t<div data-elementor-type=\"wp-page\" data-elementor-id=\"21522\" class=\"elementor elementor-21522\">\n\t\t\t\t\t\t<section class=\"elementor-section elementor-top-section elementor-element elementor-element-10030ee elementor-section-full_width elementor-section-content-middle sc_layouts_row sc_layouts_row_type_compact scheme_dark elementor-section-height-default elementor-section-height-default sc_fly_static\" data-id=\"10030ee\" data-element_type=\"section\" data-e-type=\"section\" data-settings=\"{&quot;background_background&quot;:&quot;classic&quot;}\">\n\t\t\t\t\t\t\t<div class=\"elementor-background-overlay\"><\/div>\n\t\t\t\t\t\t\t<div class=\"elementor-container elementor-column-gap-no\">\n\t\t\t\t\t<div class=\"elementor-column elementor-col-100 elementor-top-column elementor-element elementor-element-b36b0d0 sc_content_align_inherit sc_layouts_column_icons_position_left sc_fly_static\" data-id=\"b36b0d0\" data-element_type=\"column\" data-e-type=\"column\">\n\t\t\t<div class=\"elementor-widget-wrap elementor-element-populated\">\n\t\t\t\t\t\t<section class=\"elementor-section elementor-inner-section elementor-element elementor-element-dd9870f elementor-section-boxed elementor-section-height-default elementor-section-height-default sc_fly_static\" data-id=\"dd9870f\" data-element_type=\"section\" data-e-type=\"section\">\n\t\t\t\t\t\t<div class=\"elementor-container elementor-column-gap-extended\">\n\t\t\t\t\t<div class=\"elementor-column elementor-col-100 elementor-inner-column elementor-element elementor-element-8d7e29c sc_content_align_inherit sc_layouts_column_icons_position_left sc_fly_static\" data-id=\"8d7e29c\" data-element_type=\"column\" data-e-type=\"column\">\n\t\t\t<div class=\"elementor-widget-wrap elementor-element-populated\">\n\t\t\t\t\t\t<div class=\"elementor-element elementor-element-d63aaf0 sc_fly_static elementor-widget elementor-widget-spacer\" data-id=\"d63aaf0\" data-element_type=\"widget\" data-e-type=\"widget\" data-widget_type=\"spacer.default\">\n\t\t\t\t<div class=\"elementor-widget-container\">\n\t\t\t\t\t\t\t<div class=\"elementor-spacer\">\n\t\t\t<div class=\"elementor-spacer-inner\"><\/div>\n\t\t<\/div>\n\t\t\t\t\t\t<\/div>\n\t\t\t\t<\/div>\n\t\t\t\t<div class=\"elementor-element elementor-element-224a14f sc_fly_static elementor-widget elementor-widget-trx_sc_layouts_title\" data-id=\"224a14f\" data-element_type=\"widget\" data-e-type=\"widget\" data-widget_type=\"trx_sc_layouts_title.default\">\n\t\t\t\t<div class=\"elementor-widget-container\">\n\t\t\t\t\t<div class=\"sc_layouts_title sc_align_center with_content without_image without_tint\" ><div class=\"sc_layouts_title_content\"><div class=\"sc_layouts_title_title\"><h1 class=\"sc_layouts_title_caption\">Elektromekanik \u0130malat ve Montaj<\/h1><\/div><\/div><\/div>\t\t\t\t<\/div>\n\t\t\t\t<\/div>\n\t\t\t\t<div class=\"elementor-element elementor-element-520ed14 sc_fly_static elementor-widget elementor-widget-spacer\" data-id=\"520ed14\" data-element_type=\"widget\" data-e-type=\"widget\" data-widget_type=\"spacer.default\">\n\t\t\t\t<div class=\"elementor-widget-container\">\n\t\t\t\t\t\t\t<div class=\"elementor-spacer\">\n\t\t\t<div class=\"elementor-spacer-inner\"><\/div>\n\t\t<\/div>\n\t\t\t\t\t\t<\/div>\n\t\t\t\t<\/div>\n\t\t\t\t<div class=\"elementor-element elementor-element-35672a8 elementor-view-default sc_fly_static elementor-widget elementor-widget-icon\" data-id=\"35672a8\" data-element_type=\"widget\" data-e-type=\"widget\" data-widget_type=\"icon.default\">\n\t\t\t\t<div class=\"elementor-widget-container\">\n\t\t\t\t\t\t\t<div class=\"elementor-icon-wrapper\">\n\t\t\t<div class=\"elementor-icon\">\n\t\t\t<svg xmlns=\"http:\/\/www.w3.org\/2000\/svg\" width=\"14.626\" height=\"8.639\" viewBox=\"0 0 14.626 8.639\"><g id=\"down-arrow\" transform=\"translate(0 -70.698)\"><g id=\"Group_8820\" data-name=\"Group 8820\" transform=\"translate(0 100.698)\"><path id=\"Path_6507\" data-name=\"Path 6507\" d=\"M14.392,101.42l-.479-.482a.8.8,0,0,0-1.132,0L7.316,106.4l-5.472-5.472a.8.8,0,0,0-1.132,0l-.479.479a.8.8,0,0,0,0,1.131l6.515,6.538a.818.818,0,0,0,.567.257h0a.818.818,0,0,0,.566-.257l6.508-6.52a.808.808,0,0,0,.234-.571A.8.8,0,0,0,14.392,101.42Z\" transform=\"translate(0 -130.698)\"><\/path><\/g><\/g><\/svg>\t\t\t<\/div>\n\t\t<\/div>\n\t\t\t\t\t\t<\/div>\n\t\t\t\t<\/div>\n\t\t\t\t<div class=\"elementor-element elementor-element-d079756 sc_height_huge sc_fly_static elementor-widget elementor-widget-spacer\" data-id=\"d079756\" data-element_type=\"widget\" data-e-type=\"widget\" data-widget_type=\"spacer.default\">\n\t\t\t\t<div class=\"elementor-widget-container\">\n\t\t\t\t\t\t\t<div class=\"elementor-spacer\">\n\t\t\t<div class=\"elementor-spacer-inner\"><\/div>\n\t\t<\/div>\n\t\t\t\t\t\t<\/div>\n\t\t\t\t<\/div>\n\t\t\t\t\t<\/div>\n\t\t<\/div>\n\t\t\t\t\t<\/div>\n\t\t<\/section>\n\t\t\t\t\t<\/div>\n\t\t<\/div>\n\t\t\t\t\t<\/div>\n\t\t<\/section>\n\t\t\t\t<section class=\"elementor-section elementor-top-section elementor-element elementor-element-14e8278 elementor-section-boxed elementor-section-height-default elementor-section-height-default sc_fly_static\" data-id=\"14e8278\" data-element_type=\"section\" data-e-type=\"section\">\n\t\t\t\t\t\t<div class=\"elementor-container elementor-column-gap-extended\">\n\t\t\t\t\t<div class=\"elementor-column elementor-col-50 elementor-top-column elementor-element elementor-element-218e7b5 sc_content_align_inherit sc_layouts_column_icons_position_left sc_fly_static\" data-id=\"218e7b5\" data-element_type=\"column\" data-e-type=\"column\">\n\t\t\t<div class=\"elementor-widget-wrap elementor-element-populated\">\n\t\t\t\t\t\t<div class=\"elementor-element elementor-element-2372302 sc_height_medium sc_fly_static elementor-widget elementor-widget-spacer\" data-id=\"2372302\" data-element_type=\"widget\" data-e-type=\"widget\" data-widget_type=\"spacer.default\">\n\t\t\t\t<div class=\"elementor-widget-container\">\n\t\t\t\t\t\t\t<div class=\"elementor-spacer\">\n\t\t\t<div class=\"elementor-spacer-inner\"><\/div>\n\t\t<\/div>\n\t\t\t\t\t\t<\/div>\n\t\t\t\t<\/div>\n\t\t\t\t<div class=\"elementor-element elementor-element-3225f7d sc_fly_static elementor-widget elementor-widget-text-editor\" data-id=\"3225f7d\" data-element_type=\"widget\" data-e-type=\"widget\" data-widget_type=\"text-editor.default\">\n\t\t\t\t<div class=\"elementor-widget-container\">\n\t\t\t\t\t\t\t\t\t<p class=\"s4\">Frankfurt ve \u0130stanbul\u2019da yer alan rayl\u0131 sistemlerde yer alan makas motorlar\u0131nda hem montaj, ticari i\u015fletme d\u00f6neminde bak\u0131m ve ar\u0131za giderme hizmetleri sa\u011flamaktay\u0131z.<\/p><p class=\"s4\">TCDD\u2019ye ait Eski\u015fehir-K\u00fctahya-Bal\u0131kesir hatt\u0131nda sinyalizasyonun yenilenmesi kapsam\u0131nda hat boyunda yer alan t\u00fcm sinyal odalar\u0131n\u0131n kurulumu test ve devreye alma i\u015flerini tamamlad\u0131k<\/p><p class=\"s4\">Frankfurt Havaliman\u0131nda yer alan rayl\u0131 sistemde Siemens\u2019in sinyalizasyon altyap\u0131s\u0131 imalat\u0131n\u0131 tamamlad\u0131k.<\/p>\t\t\t\t\t\t\t\t<\/div>\n\t\t\t\t<\/div>\n\t\t\t\t<div data-animation-type=\"block\" class=\"elementor-element elementor-element-77c1cc2 animation_type_block sc_fly_static elementor-invisible elementor-widget elementor-widget-trx_sc_title\" data-id=\"77c1cc2\" data-element_type=\"widget\" data-e-type=\"widget\" data-settings=\"{&quot;_animation&quot;:&quot;fuse-fadeinup&quot;}\" data-widget_type=\"trx_sc_title.default\">\n\t\t\t\t<div class=\"elementor-widget-container\">\n\t\t\t\t\t<div\t\tclass=\"sc_title sc_title_default\" ><h2 class=\"sc_item_title sc_title_title sc_item_title_style_default sc_item_title_tag trx_addons_inline_178402079\"\n\t\t\t><span class=\"sc_item_title_text\">Elektromekanik \u0130malat ve Montaj S\u00f6zle\u015fmeleri<\/span><\/h2><\/div>\t\t\t\t<\/div>\n\t\t\t\t<\/div>\n\t\t\t\t<div class=\"elementor-element elementor-element-e68fe2e sc_fly_static elementor-widget elementor-widget-text-editor\" data-id=\"e68fe2e\" data-element_type=\"widget\" data-e-type=\"widget\" data-widget_type=\"text-editor.default\">\n\t\t\t\t<div class=\"elementor-widget-container\">\n\t\t\t\t\t\t\t\t\t<div class=\"s8\"><span class=\"s7\">\u2022 <\/span>CSS Metro Projesi &#8211; Do\u011fu\u015f \u0130n\u015faat<\/div><div class=\"s8\"><span class=\"s7\">\u2022 <\/span>Frankfurt Havaalan\u0131 Montaj S\u00f6zle\u015fmesi (Panasonic)<\/div><div class=\"s8\"><span class=\"s7\">\u2022 <\/span>UUC Metro Projesi, Istanbul \u2013 TURKEY<\/div><div class=\"s8\"><span class=\"s7\">\u2022 <\/span>DB Metro Projesi, Istanbul &#8211; TURKEY<\/div>\t\t\t\t\t\t\t\t<\/div>\n\t\t\t\t<\/div>\n\t\t\t\t<div class=\"elementor-element elementor-element-66c2a8e sc_height_medium sc_fly_static elementor-widget elementor-widget-spacer\" data-id=\"66c2a8e\" data-element_type=\"widget\" data-e-type=\"widget\" data-widget_type=\"spacer.default\">\n\t\t\t\t<div class=\"elementor-widget-container\">\n\t\t\t\t\t\t\t<div class=\"elementor-spacer\">\n\t\t\t<div class=\"elementor-spacer-inner\"><\/div>\n\t\t<\/div>\n\t\t\t\t\t\t<\/div>\n\t\t\t\t<\/div>\n\t\t\t\t\t<\/div>\n\t\t<\/div>\n\t\t\t\t<div class=\"elementor-column elementor-col-50 elementor-top-column elementor-element elementor-element-141e074 sc_content_align_inherit sc_layouts_column_icons_position_left sc_fly_static\" data-id=\"141e074\" data-element_type=\"column\" data-e-type=\"column\">\n\t\t\t<div class=\"elementor-widget-wrap elementor-element-populated\">\n\t\t\t\t\t\t<div class=\"elementor-element elementor-element-f610c0e sc_height_medium sc_fly_static elementor-widget elementor-widget-spacer\" data-id=\"f610c0e\" data-element_type=\"widget\" data-e-type=\"widget\" data-widget_type=\"spacer.default\">\n\t\t\t\t<div class=\"elementor-widget-container\">\n\t\t\t\t\t\t\t<div class=\"elementor-spacer\">\n\t\t\t<div class=\"elementor-spacer-inner\"><\/div>\n\t\t<\/div>\n\t\t\t\t\t\t<\/div>\n\t\t\t\t<\/div>\n\t\t\t\t<div class=\"sidebar elementor-element elementor-element-951c70f sc_fly_static elementor-widget elementor-widget-trx_sc_layouts_widgets\" data-id=\"951c70f\" data-element_type=\"widget\" data-e-type=\"widget\" data-widget_type=\"trx_sc_layouts_widgets.default\">\n\t\t\t\t<div class=\"elementor-widget-container\">\n\t\t\t\t\t<div class=\"sc_layouts_widgets widget_area\" ><div class=\"sc_layouts_widgets_inner widget_area_inner\"><aside class=\"widget_text widget widget_custom_html\"><div class=\"textwidget custom-html-widget\"><div class=\"service-menu\">\r\n  <h3 class=\"menu-title\">Hizmetlerimiz<\/h3>\r\n  <ul class=\"service-list\">\r\n    <li><a href=\"\/tr\/hizmetlerimiz\/celik-imalat\/\">\u00c7elik \u0130malat<\/a><\/li>\r\n    <li><a href=\"\/tr\/hizmetlerimiz\/elektromekanik-imalat-ve-montaj\/\">Elektromekanik \u0130malat ve Montaj<\/a><\/li>\r\n    <li><a href=\"\/tr\/hizmetlerimiz\/paks-peron-ayirici-kapi-sistemleri\/\">PAKS \u2013 Peron Ay\u0131r\u0131c\u0131 Kap\u0131 Sistemleri<\/a><\/li>\r\n    <li><a href=\"\/tr\/hizmetlerimiz\/segment-tesisleri\/\">Segment Tesisleri<\/a><\/li>\r\n  <\/ul>\r\n<\/div>\r\n\r\n<style>\r\n.service-menu {\r\n  background-color: #1E2F5C; \/* Koyu mavi arka plan *\/\r\n  padding: 32px;\r\n  border-radius: 12px;\r\n}\r\n\r\n.menu-title {\r\n  color: #ffffff;\r\n  font-size: 20px;\r\n  font-weight: 600;\r\n  margin-bottom: 16px;\r\n  letter-spacing: 0.5px;\r\n}\r\n\r\n.service-list {\r\n  list-style: none;\r\n  margin: 0;\r\n  padding: 0;\r\n}\r\n\r\n.service-list li {\r\n  margin-bottom: 10px;\r\n}\r\n\r\n.service-list a {\r\n  color: #ffffff;\r\n  text-decoration: none;\r\n  font-weight: 500;\r\n  font-size: 16px;\r\n  transition: all 0.25s ease;\r\n  display: inline-block;\r\n}\r\n\r\n.service-list a:hover {\r\n  color: #ff6d1e; \/* Turuncu hover rengi *\/\r\n  transform: translateX(4px);\r\n}\r\n<\/style><\/div><\/aside>\t\t\t<\/div>\n\t\t<\/div>\n\t\t\t\t\t\t<\/div>\n\t\t\t\t<\/div>\n\t\t\t\t<div class=\"elementor-element elementor-element-3b2de36 sc_height_medium sc_fly_static elementor-widget elementor-widget-spacer\" data-id=\"3b2de36\" data-element_type=\"widget\" data-e-type=\"widget\" data-widget_type=\"spacer.default\">\n\t\t\t\t<div class=\"elementor-widget-container\">\n\t\t\t\t\t\t\t<div class=\"elementor-spacer\">\n\t\t\t<div class=\"elementor-spacer-inner\"><\/div>\n\t\t<\/div>\n\t\t\t\t\t\t<\/div>\n\t\t\t\t<\/div>\n\t\t\t\t\t<\/div>\n\t\t<\/div>\n\t\t\t\t\t<\/div>\n\t\t<\/section>\n\t\t\t\t<\/div>\n\t\t","protected":false},"excerpt":{"rendered":"<p>Page (post) title Frankfurt ve \u0130stanbul\u2019da yer alan rayl\u0131 sistemlerde yer alan makas motorlar\u0131nda hem montaj, ticari i\u015fletme d\u00f6neminde bak\u0131m ve ar\u0131za giderme hizmetleri sa\u011flamaktay\u0131z. TCDD\u2019ye ait Eski\u015fehir-K\u00fctahya-Bal\u0131kesir hatt\u0131nda sinyalizasyonun&hellip;<\/p>\n","protected":false},"author":1,"featured_media":0,"parent":21015,"menu_order":0,"comment_status":"closed","ping_status":"closed","template":"","meta":{"footnotes":""},"class_list":["post-21522","page","type-page","status-publish","hentry"],"_links":{"self":[{"href":"https:\/\/miraliseng.com\/tr\/wp-json\/wp\/v2\/pages\/21522","targetHints":{"allow":["GET"]}}],"collection":[{"href":"https:\/\/miraliseng.com\/tr\/wp-json\/wp\/v2\/pages"}],"about":[{"href":"https:\/\/miraliseng.com\/tr\/wp-json\/wp\/v2\/types\/page"}],"author":[{"embeddable":true,"href":"https:\/\/miraliseng.com\/tr\/wp-json\/wp\/v2\/users\/1"}],"replies":[{"embeddable":true,"href":"https:\/\/miraliseng.com\/tr\/wp-json\/wp\/v2\/comments?post=21522"}],"version-history":[{"count":13,"href":"https:\/\/miraliseng.com\/tr\/wp-json\/wp\/v2\/pages\/21522\/revisions"}],"predecessor-version":[{"id":22060,"href":"https:\/\/miraliseng.com\/tr\/wp-json\/wp\/v2\/pages\/21522\/revisions\/22060"}],"up":[{"embeddable":true,"href":"https:\/\/miraliseng.com\/tr\/wp-json\/wp\/v2\/pages\/21015"}],"wp:attachment":[{"href":"https:\/\/miraliseng.com\/tr\/wp-json\/wp\/v2\/media?parent=21522"}],"curies":[{"name":"wp","href":"https:\/\/api.w.org\/{rel}","templated":true}]}}