{"id":21527,"date":"2025-10-23T15:30:41","date_gmt":"2025-10-23T12:30:41","guid":{"rendered":"https:\/\/miralis.adburbs.com\/?page_id=21527"},"modified":"2025-11-28T20:31:02","modified_gmt":"2025-11-28T17:31:02","slug":"paks-peron-ayirici-kapi-sistemleri","status":"publish","type":"page","link":"https:\/\/miraliseng.com\/tr\/hizmetlerimiz\/paks-peron-ayirici-kapi-sistemleri\/","title":{"rendered":"PAKS &#8211; Peron Ay\u0131r\u0131c\u0131 Kap\u0131 Sistemleri"},"content":{"rendered":"\t\t<div data-elementor-type=\"wp-page\" data-elementor-id=\"21527\" class=\"elementor elementor-21527\">\n\t\t\t\t\t\t<section class=\"elementor-section elementor-top-section elementor-element elementor-element-10030ee elementor-section-full_width elementor-section-content-middle sc_layouts_row sc_layouts_row_type_compact scheme_dark elementor-section-height-default elementor-section-height-default sc_fly_static\" data-id=\"10030ee\" data-element_type=\"section\" data-e-type=\"section\" data-settings=\"{&quot;background_background&quot;:&quot;classic&quot;}\">\n\t\t\t\t\t\t\t<div class=\"elementor-background-overlay\"><\/div>\n\t\t\t\t\t\t\t<div class=\"elementor-container elementor-column-gap-no\">\n\t\t\t\t\t<div class=\"elementor-column elementor-col-100 elementor-top-column elementor-element elementor-element-b36b0d0 sc_content_align_inherit sc_layouts_column_icons_position_left sc_fly_static\" data-id=\"b36b0d0\" data-element_type=\"column\" data-e-type=\"column\">\n\t\t\t<div class=\"elementor-widget-wrap elementor-element-populated\">\n\t\t\t\t\t\t<section class=\"elementor-section elementor-inner-section elementor-element elementor-element-dd9870f elementor-section-boxed elementor-section-height-default elementor-section-height-default sc_fly_static\" data-id=\"dd9870f\" data-element_type=\"section\" data-e-type=\"section\">\n\t\t\t\t\t\t<div class=\"elementor-container elementor-column-gap-extended\">\n\t\t\t\t\t<div class=\"elementor-column elementor-col-100 elementor-inner-column elementor-element elementor-element-8d7e29c sc_content_align_inherit sc_layouts_column_icons_position_left sc_fly_static\" data-id=\"8d7e29c\" data-element_type=\"column\" data-e-type=\"column\">\n\t\t\t<div class=\"elementor-widget-wrap elementor-element-populated\">\n\t\t\t\t\t\t<div class=\"elementor-element elementor-element-d63aaf0 sc_fly_static elementor-widget elementor-widget-spacer\" data-id=\"d63aaf0\" data-element_type=\"widget\" data-e-type=\"widget\" data-widget_type=\"spacer.default\">\n\t\t\t\t<div class=\"elementor-widget-container\">\n\t\t\t\t\t\t\t<div class=\"elementor-spacer\">\n\t\t\t<div class=\"elementor-spacer-inner\"><\/div>\n\t\t<\/div>\n\t\t\t\t\t\t<\/div>\n\t\t\t\t<\/div>\n\t\t\t\t<div class=\"elementor-element elementor-element-224a14f sc_fly_static elementor-widget elementor-widget-trx_sc_layouts_title\" data-id=\"224a14f\" data-element_type=\"widget\" data-e-type=\"widget\" data-widget_type=\"trx_sc_layouts_title.default\">\n\t\t\t\t<div class=\"elementor-widget-container\">\n\t\t\t\t\t<div class=\"sc_layouts_title sc_align_center with_content without_image without_tint\" ><div class=\"sc_layouts_title_content\"><div class=\"sc_layouts_title_title\"><h1 class=\"sc_layouts_title_caption\">PAKS &#8211; Peron Ay\u0131r\u0131c\u0131 Kap\u0131 Sistemleri<\/h1><\/div><\/div><\/div>\t\t\t\t<\/div>\n\t\t\t\t<\/div>\n\t\t\t\t<div class=\"elementor-element elementor-element-520ed14 sc_fly_static elementor-widget elementor-widget-spacer\" data-id=\"520ed14\" data-element_type=\"widget\" data-e-type=\"widget\" data-widget_type=\"spacer.default\">\n\t\t\t\t<div class=\"elementor-widget-container\">\n\t\t\t\t\t\t\t<div class=\"elementor-spacer\">\n\t\t\t<div class=\"elementor-spacer-inner\"><\/div>\n\t\t<\/div>\n\t\t\t\t\t\t<\/div>\n\t\t\t\t<\/div>\n\t\t\t\t<div class=\"elementor-element elementor-element-35672a8 elementor-view-default sc_fly_static elementor-widget elementor-widget-icon\" data-id=\"35672a8\" data-element_type=\"widget\" data-e-type=\"widget\" data-widget_type=\"icon.default\">\n\t\t\t\t<div class=\"elementor-widget-container\">\n\t\t\t\t\t\t\t<div class=\"elementor-icon-wrapper\">\n\t\t\t<div class=\"elementor-icon\">\n\t\t\t<svg xmlns=\"http:\/\/www.w3.org\/2000\/svg\" width=\"14.626\" height=\"8.639\" viewBox=\"0 0 14.626 8.639\"><g id=\"down-arrow\" transform=\"translate(0 -70.698)\"><g id=\"Group_8820\" data-name=\"Group 8820\" transform=\"translate(0 100.698)\"><path id=\"Path_6507\" data-name=\"Path 6507\" d=\"M14.392,101.42l-.479-.482a.8.8,0,0,0-1.132,0L7.316,106.4l-5.472-5.472a.8.8,0,0,0-1.132,0l-.479.479a.8.8,0,0,0,0,1.131l6.515,6.538a.818.818,0,0,0,.567.257h0a.818.818,0,0,0,.566-.257l6.508-6.52a.808.808,0,0,0,.234-.571A.8.8,0,0,0,14.392,101.42Z\" transform=\"translate(0 -130.698)\"><\/path><\/g><\/g><\/svg>\t\t\t<\/div>\n\t\t<\/div>\n\t\t\t\t\t\t<\/div>\n\t\t\t\t<\/div>\n\t\t\t\t<div class=\"elementor-element elementor-element-d079756 sc_height_huge sc_fly_static elementor-widget elementor-widget-spacer\" data-id=\"d079756\" data-element_type=\"widget\" data-e-type=\"widget\" data-widget_type=\"spacer.default\">\n\t\t\t\t<div class=\"elementor-widget-container\">\n\t\t\t\t\t\t\t<div class=\"elementor-spacer\">\n\t\t\t<div class=\"elementor-spacer-inner\"><\/div>\n\t\t<\/div>\n\t\t\t\t\t\t<\/div>\n\t\t\t\t<\/div>\n\t\t\t\t\t<\/div>\n\t\t<\/div>\n\t\t\t\t\t<\/div>\n\t\t<\/section>\n\t\t\t\t\t<\/div>\n\t\t<\/div>\n\t\t\t\t\t<\/div>\n\t\t<\/section>\n\t\t\t\t<section class=\"elementor-section elementor-top-section elementor-element elementor-element-14e8278 elementor-section-boxed elementor-section-height-default elementor-section-height-default sc_fly_static\" data-id=\"14e8278\" data-element_type=\"section\" data-e-type=\"section\">\n\t\t\t\t\t\t<div class=\"elementor-container elementor-column-gap-extended\">\n\t\t\t\t\t<div class=\"elementor-column elementor-col-50 elementor-top-column elementor-element elementor-element-218e7b5 sc_content_align_inherit sc_layouts_column_icons_position_left sc_fly_static\" data-id=\"218e7b5\" data-element_type=\"column\" data-e-type=\"column\">\n\t\t\t<div class=\"elementor-widget-wrap elementor-element-populated\">\n\t\t\t\t\t\t<div class=\"elementor-element elementor-element-2372302 sc_height_medium sc_fly_static elementor-widget elementor-widget-spacer\" data-id=\"2372302\" data-element_type=\"widget\" data-e-type=\"widget\" data-widget_type=\"spacer.default\">\n\t\t\t\t<div class=\"elementor-widget-container\">\n\t\t\t\t\t\t\t<div class=\"elementor-spacer\">\n\t\t\t<div class=\"elementor-spacer-inner\"><\/div>\n\t\t<\/div>\n\t\t\t\t\t\t<\/div>\n\t\t\t\t<\/div>\n\t\t\t\t<div data-animation-type=\"block\" class=\"elementor-element elementor-element-cb11410 animation_type_block sc_fly_static elementor-invisible elementor-widget elementor-widget-trx_sc_title\" data-id=\"cb11410\" data-element_type=\"widget\" data-e-type=\"widget\" data-settings=\"{&quot;_animation&quot;:&quot;fuse-fadeinup&quot;}\" data-widget_type=\"trx_sc_title.default\">\n\t\t\t\t<div class=\"elementor-widget-container\">\n\t\t\t\t\t<div\t\tclass=\"sc_title sc_title_default\" ><h2 class=\"sc_item_title sc_title_title sc_item_title_style_default sc_item_title_tag trx_addons_inline_1212295849\"\n\t\t\t><span class=\"sc_item_title_text\">Tasar\u0131m \/ M\u00fchendislik<\/span><\/h2><\/div>\t\t\t\t<\/div>\n\t\t\t\t<\/div>\n\t\t\t\t<div class=\"elementor-element elementor-element-beb141f sc_fly_static elementor-widget elementor-widget-text-editor\" data-id=\"beb141f\" data-element_type=\"widget\" data-e-type=\"widget\" data-widget_type=\"text-editor.default\">\n\t\t\t\t<div class=\"elementor-widget-container\">\n\t\t\t\t\t\t\t\t\t<p class=\"s4\">Dudullu \u2013 Bostanc\u0131 Metro Projesinde (kurplu istasyonlar d\u00e2hil), PAKS tasar\u0131m\u0131, m\u00fchendisli\u011fi ve kalite dok\u00fcmantasyonu i\u00e7in teknik dan\u0131\u015fmanl\u0131k hizmeti sa\u011flad\u0131k. Organizasyonu y\u00f6netimi ve m\u00fc\u015fteri, y\u00fcklenici, dan\u0131\u015fman ve yap\u0131mc\u0131 firma ile i\u015f birli\u011fi yapt\u0131k. Aray\u00fczler ve gereksinimler t\u00fcm taraflar aras\u0131nda denetlendi\u011fi i\u00e7in onay a\u015famas\u0131ndaki her t\u00fcrl\u00fc yanl\u0131\u015f anla\u015f\u0131lma ve yava\u015fl\u0131ktan kurtulmak i\u00e7in bir merkez olarak \u00e7al\u0131\u015ft\u0131k.<\/p><p class=\"s4\">PAKS ile ilgili sorumlulu\u011fumuzun bir par\u00e7as\u0131 olarak \u0130n\u015fai, G\u00fc\u00e7, Sinyal, SCADA, YolcuBilgilendirme, Eri\u015fim Kontrol ara y\u00fcz\u00fc gibi entegre ara y\u00fczlerin y\u00fcr\u00fct\u00fclmesinde aktif olarakg\u00f6rev ald\u0131k.<\/p>\t\t\t\t\t\t\t\t<\/div>\n\t\t\t\t<\/div>\n\t\t\t\t<div data-animation-type=\"block\" class=\"elementor-element elementor-element-57a7711 animation_type_block sc_fly_static elementor-invisible elementor-widget elementor-widget-trx_sc_title\" data-id=\"57a7711\" data-element_type=\"widget\" data-e-type=\"widget\" data-settings=\"{&quot;_animation&quot;:&quot;fuse-fadeinup&quot;}\" data-widget_type=\"trx_sc_title.default\">\n\t\t\t\t<div class=\"elementor-widget-container\">\n\t\t\t\t\t<div\t\tclass=\"sc_title sc_title_default\" ><h2 class=\"sc_item_title sc_title_title sc_item_title_style_default sc_item_title_tag trx_addons_inline_304454768\"\n\t\t\t><span class=\"sc_item_title_text\">Montaj<\/span><\/h2><\/div>\t\t\t\t<\/div>\n\t\t\t\t<\/div>\n\t\t\t\t<div class=\"elementor-element elementor-element-9f3f19b sc_fly_static elementor-widget elementor-widget-text-editor\" data-id=\"9f3f19b\" data-element_type=\"widget\" data-e-type=\"widget\" data-widget_type=\"text-editor.default\">\n\t\t\t\t<div class=\"elementor-widget-container\">\n\t\t\t\t\t\t\t\t\t<p class=\"s4\">T\u00fcrkiye&#8217;nin ilk s\u00fcr\u00fcc\u00fcs\u00fcz metrosu olan M5 \u00dcsk\u00fcdar &#8211; \u00dcmraniye &#8211; \u00c7ekmek\u00f6y hatt\u0131nda \u00a0yar\u0131mboy peron ay\u0131r\u0131c\u0131 kap\u0131 sisteminin montaj\u0131n\u0131 tamamlad\u0131k.<\/p><p class=\"s4\">Almanya\u2013Frankfurt\u2019ta Havaliman\u0131 hatt\u0131nda tam boy PAKS montaj\u0131 ve s\u00fcpervizyonu hizmetisa\u011flamaktay\u0131z.<\/p><p class=\"s4\">A\u00e7\u0131k ve\/veya kapal\u0131 devre hatlarda her t\u00fcrl\u00fc PAKS projesini ve i\u015fletmedeki hatlar\u0131n peronay\u0131r\u0131c\u0131 kap\u0131 sistemleri montaj\u0131n\u0131 tam boy\/yar\u0131m boy ger\u00e7ekle\u015ftirebilmekteyiz.<\/p><p class=\"s4\">Tercih sebebi olmam\u0131z\u0131 sa\u011flayan baz\u0131 \u00f6zelliklerimizi s\u0131ralamam\u0131z gerekirse,<\/p><div class=\"s8\"><span class=\"s7\">\u2022 <\/span>Y\u00fcr\u00fcrl\u00fckteki t\u00fcm yasa ve y\u00f6netmeliklere uyma konusunda tam odakl\u0131.<\/div><div class=\"s8\"><span class=\"s7\">\u2022 <\/span>Yar\u0131m boy ve tam boy PSD&#8217;ler i\u00e7in birbirinden farkl\u0131 montaj \u00e7izelgeleri.<\/div><div class=\"s8\"><span class=\"s7\">\u2022 <\/span>Saha i\u015flerinde y\u00fcklenici ve di\u011fer alt y\u00fckleniciler ile tam koordinasyon.<\/div><div class=\"s8\"><span class=\"s7\">\u2022 <\/span>Kar\u015f\u0131la\u015f\u0131labilecek problemleri \u00f6nceden tespit mekanizmas\u0131n\u0131 aktif kullanarak montajprogram\u0131ndan sapma ya\u015fanmadan imalat tamamland\u0131.<\/div>\t\t\t\t\t\t\t\t<\/div>\n\t\t\t\t<\/div>\n\t\t\t\t<div data-animation-type=\"block\" class=\"elementor-element elementor-element-2d40f03 animation_type_block sc_fly_static elementor-invisible elementor-widget elementor-widget-trx_sc_title\" data-id=\"2d40f03\" data-element_type=\"widget\" data-e-type=\"widget\" data-settings=\"{&quot;_animation&quot;:&quot;fuse-fadeinup&quot;}\" data-widget_type=\"trx_sc_title.default\">\n\t\t\t\t<div class=\"elementor-widget-container\">\n\t\t\t\t\t<div\t\tclass=\"sc_title sc_title_default\" ><h2 class=\"sc_item_title sc_title_title sc_item_title_style_default sc_item_title_tag trx_addons_inline_1944064138\"\n\t\t\t><span class=\"sc_item_title_text\">Bak\u0131m<\/span><\/h2><\/div>\t\t\t\t<\/div>\n\t\t\t\t<\/div>\n\t\t\t\t<div class=\"elementor-element elementor-element-0c5774b sc_fly_static elementor-widget elementor-widget-text-editor\" data-id=\"0c5774b\" data-element_type=\"widget\" data-e-type=\"widget\" data-widget_type=\"text-editor.default\">\n\t\t\t\t<div class=\"elementor-widget-container\">\n\t\t\t\t\t\t\t\t\t<p class=\"s4\">Be\u015feri sermayemiz en geli\u015fmi\u015f g\u00fcc\u00fcm\u00fczd\u00fcr. Elektronik, mekatronik, makine m\u00fchendisleri, elektrik ve mekanik teknikerlerinden olu\u015fan bir ekiple \u00e7al\u0131\u015f\u0131yoruz. M\u00fchendis ve teknisyenlerimizin altyap\u0131s\u0131 T\u00fcnel A\u00e7ma makinesinden gelmektedir ancak 2016-2023 y\u0131llar\u0131 aras\u0131ndaki 7 y\u0131ll\u0131k tecr\u00fcbenin ard\u0131ndan art\u0131k Peron Ay\u0131r\u0131c\u0131 Kap\u0131lar\u0131n montaj\u0131, i\u015fletimi, bak\u0131m\u0131 ve ar\u0131za tespiti konusunda T\u00fcrkiye&#8217;nin en deneyimli kadrosuna sahibiz. Ba\u015flang\u0131\u00e7tan bug\u00fcne \u00e7ekirdek kadromuz de\u011fi\u015fmedi ve yeni bir deneyime haz\u0131r\u0131z.<\/p>\t\t\t\t\t\t\t\t<\/div>\n\t\t\t\t<\/div>\n\t\t\t\t<div data-animation-type=\"block\" class=\"elementor-element elementor-element-3dcf4c1 animation_type_block sc_fly_static elementor-invisible elementor-widget elementor-widget-trx_sc_title\" data-id=\"3dcf4c1\" data-element_type=\"widget\" data-e-type=\"widget\" data-settings=\"{&quot;_animation&quot;:&quot;fuse-fadeinup&quot;}\" data-widget_type=\"trx_sc_title.default\">\n\t\t\t\t<div class=\"elementor-widget-container\">\n\t\t\t\t\t<div\t\tclass=\"sc_title sc_title_default\" ><h2 class=\"sc_item_title sc_title_title sc_item_title_style_default sc_item_title_tag trx_addons_inline_1745657844\"\n\t\t\t><span class=\"sc_item_title_text\">PAKS (Bak\u0131m Ar\u0131za S\u00f6zle\u015fmeleri)<\/span><\/h2><\/div>\t\t\t\t<\/div>\n\t\t\t\t<\/div>\n\t\t\t\t<div class=\"elementor-element elementor-element-cec6898 sc_fly_static elementor-widget elementor-widget-text-editor\" data-id=\"cec6898\" data-element_type=\"widget\" data-e-type=\"widget\" data-widget_type=\"text-editor.default\">\n\t\t\t\t<div class=\"elementor-widget-container\">\n\t\t\t\t\t\t\t\t\t<div class=\"s8\"><span class=\"s7\">\u2022 <\/span>Metro \u0130stanbul M5 Bak\u0131m-Ar\u0131za S\u00f6zle\u015fmesi<\/div><div class=\"s8\"><span class=\"s7\">\u2022 <\/span>Metro \u0130stanbul M8 PAKS (Peron ay\u0131r\u0131c\u0131 kap\u0131 sistemleri) Bak\u0131m S\u00f6zle\u015fmesi<\/div><div class=\"s8\"><span class=\"s7\">\u2022 <\/span>TCDD Gayrettepe-Havaliman\u0131 metro hatt\u0131 bak\u0131m s\u00f6zle\u015fmesi (GYH)\u200b<\/div><div class=\"s8\"><span class=\"s7\">\u2022 <\/span>\u015eenbay Kolin Kalyoncu Dudullu Bostanc\u0131 Metro Yap\u0131m\u0131- M8 PAKS Ar\u0131za S\u00f6zle\u015fmesi<\/div>\t\t\t\t\t\t\t\t<\/div>\n\t\t\t\t<\/div>\n\t\t\t\t<div class=\"elementor-element elementor-element-66c2a8e sc_height_medium sc_fly_static elementor-widget elementor-widget-spacer\" data-id=\"66c2a8e\" data-element_type=\"widget\" data-e-type=\"widget\" data-widget_type=\"spacer.default\">\n\t\t\t\t<div class=\"elementor-widget-container\">\n\t\t\t\t\t\t\t<div class=\"elementor-spacer\">\n\t\t\t<div class=\"elementor-spacer-inner\"><\/div>\n\t\t<\/div>\n\t\t\t\t\t\t<\/div>\n\t\t\t\t<\/div>\n\t\t\t\t\t<\/div>\n\t\t<\/div>\n\t\t\t\t<div class=\"elementor-column elementor-col-50 elementor-top-column elementor-element elementor-element-141e074 sc_content_align_inherit sc_layouts_column_icons_position_left sc_fly_static\" data-id=\"141e074\" data-element_type=\"column\" data-e-type=\"column\">\n\t\t\t<div class=\"elementor-widget-wrap elementor-element-populated\">\n\t\t\t\t\t\t<div class=\"elementor-element elementor-element-f610c0e sc_height_medium sc_fly_static elementor-widget elementor-widget-spacer\" data-id=\"f610c0e\" data-element_type=\"widget\" data-e-type=\"widget\" data-widget_type=\"spacer.default\">\n\t\t\t\t<div class=\"elementor-widget-container\">\n\t\t\t\t\t\t\t<div class=\"elementor-spacer\">\n\t\t\t<div class=\"elementor-spacer-inner\"><\/div>\n\t\t<\/div>\n\t\t\t\t\t\t<\/div>\n\t\t\t\t<\/div>\n\t\t\t\t<div class=\"sidebar elementor-element elementor-element-3878316 sc_fly_static elementor-widget elementor-widget-trx_sc_layouts_widgets\" data-id=\"3878316\" data-element_type=\"widget\" data-e-type=\"widget\" data-widget_type=\"trx_sc_layouts_widgets.default\">\n\t\t\t\t<div class=\"elementor-widget-container\">\n\t\t\t\t\t<div class=\"sc_layouts_widgets widget_area\" ><div class=\"sc_layouts_widgets_inner widget_area_inner\"><aside class=\"widget_text widget widget_custom_html\"><div class=\"textwidget custom-html-widget\"><div class=\"service-menu\">\r\n  <h3 class=\"menu-title\">Hizmetlerimiz<\/h3>\r\n  <ul class=\"service-list\">\r\n    <li><a href=\"\/tr\/hizmetlerimiz\/celik-imalat\/\">\u00c7elik \u0130malat<\/a><\/li>\r\n    <li><a href=\"\/tr\/hizmetlerimiz\/elektromekanik-imalat-ve-montaj\/\">Elektromekanik \u0130malat ve Montaj<\/a><\/li>\r\n    <li><a href=\"\/tr\/hizmetlerimiz\/paks-peron-ayirici-kapi-sistemleri\/\">PAKS \u2013 Peron Ay\u0131r\u0131c\u0131 Kap\u0131 Sistemleri<\/a><\/li>\r\n    <li><a href=\"\/tr\/hizmetlerimiz\/segment-tesisleri\/\">Segment Tesisleri<\/a><\/li>\r\n  <\/ul>\r\n<\/div>\r\n\r\n<style>\r\n.service-menu {\r\n  background-color: #1E2F5C; \/* Koyu mavi arka plan *\/\r\n  padding: 32px;\r\n  border-radius: 12px;\r\n}\r\n\r\n.menu-title {\r\n  color: #ffffff;\r\n  font-size: 20px;\r\n  font-weight: 600;\r\n  margin-bottom: 16px;\r\n  letter-spacing: 0.5px;\r\n}\r\n\r\n.service-list {\r\n  list-style: none;\r\n  margin: 0;\r\n  padding: 0;\r\n}\r\n\r\n.service-list li {\r\n  margin-bottom: 10px;\r\n}\r\n\r\n.service-list a {\r\n  color: #ffffff;\r\n  text-decoration: none;\r\n  font-weight: 500;\r\n  font-size: 16px;\r\n  transition: all 0.25s ease;\r\n  display: inline-block;\r\n}\r\n\r\n.service-list a:hover {\r\n  color: #ff6d1e; \/* Turuncu hover rengi *\/\r\n  transform: translateX(4px);\r\n}\r\n<\/style><\/div><\/aside>\t\t\t<\/div>\n\t\t<\/div>\n\t\t\t\t\t\t<\/div>\n\t\t\t\t<\/div>\n\t\t\t\t<div class=\"elementor-element elementor-element-3b2de36 sc_height_medium sc_fly_static elementor-widget elementor-widget-spacer\" data-id=\"3b2de36\" data-element_type=\"widget\" data-e-type=\"widget\" data-widget_type=\"spacer.default\">\n\t\t\t\t<div class=\"elementor-widget-container\">\n\t\t\t\t\t\t\t<div class=\"elementor-spacer\">\n\t\t\t<div class=\"elementor-spacer-inner\"><\/div>\n\t\t<\/div>\n\t\t\t\t\t\t<\/div>\n\t\t\t\t<\/div>\n\t\t\t\t\t<\/div>\n\t\t<\/div>\n\t\t\t\t\t<\/div>\n\t\t<\/section>\n\t\t\t\t<\/div>\n\t\t","protected":false},"excerpt":{"rendered":"<p>Page (post) title &nbsp; Tasar\u0131m \/ M\u00fchendislik Dudullu \u2013 Bostanc\u0131 Metro Projesinde (kurplu istasyonlar d\u00e2hil), PAKS tasar\u0131m\u0131, m\u00fchendisli\u011fi ve kalite dok\u00fcmantasyonu i\u00e7in teknik dan\u0131\u015fmanl\u0131k hizmeti sa\u011flad\u0131k. Organizasyonu y\u00f6netimi ve m\u00fc\u015fteri,&hellip;<\/p>\n","protected":false},"author":1,"featured_media":0,"parent":21015,"menu_order":0,"comment_status":"closed","ping_status":"closed","template":"","meta":{"footnotes":""},"class_list":["post-21527","page","type-page","status-publish","hentry"],"_links":{"self":[{"href":"https:\/\/miraliseng.com\/tr\/wp-json\/wp\/v2\/pages\/21527","targetHints":{"allow":["GET"]}}],"collection":[{"href":"https:\/\/miraliseng.com\/tr\/wp-json\/wp\/v2\/pages"}],"about":[{"href":"https:\/\/miraliseng.com\/tr\/wp-json\/wp\/v2\/types\/page"}],"author":[{"embeddable":true,"href":"https:\/\/miraliseng.com\/tr\/wp-json\/wp\/v2\/users\/1"}],"replies":[{"embeddable":true,"href":"https:\/\/miraliseng.com\/tr\/wp-json\/wp\/v2\/comments?post=21527"}],"version-history":[{"count":12,"href":"https:\/\/miraliseng.com\/tr\/wp-json\/wp\/v2\/pages\/21527\/revisions"}],"predecessor-version":[{"id":21879,"href":"https:\/\/miraliseng.com\/tr\/wp-json\/wp\/v2\/pages\/21527\/revisions\/21879"}],"up":[{"embeddable":true,"href":"https:\/\/miraliseng.com\/tr\/wp-json\/wp\/v2\/pages\/21015"}],"wp:attachment":[{"href":"https:\/\/miraliseng.com\/tr\/wp-json\/wp\/v2\/media?parent=21527"}],"curies":[{"name":"wp","href":"https:\/\/api.w.org\/{rel}","templated":true}]}}