{"id":21532,"date":"2025-10-23T15:32:28","date_gmt":"2025-10-23T12:32:28","guid":{"rendered":"https:\/\/miralis.adburbs.com\/?page_id=21532"},"modified":"2025-10-23T15:51:17","modified_gmt":"2025-10-23T12:51:17","slug":"segment-tesisleri","status":"publish","type":"page","link":"https:\/\/miraliseng.com\/tr\/hizmetlerimiz\/segment-tesisleri\/","title":{"rendered":"Segment Tesisleri"},"content":{"rendered":"\t\t<div data-elementor-type=\"wp-page\" data-elementor-id=\"21532\" class=\"elementor elementor-21532\">\n\t\t\t\t\t\t<section class=\"elementor-section elementor-top-section elementor-element elementor-element-10030ee elementor-section-full_width elementor-section-content-middle sc_layouts_row sc_layouts_row_type_compact scheme_dark elementor-section-height-default elementor-section-height-default sc_fly_static\" data-id=\"10030ee\" data-element_type=\"section\" data-e-type=\"section\" data-settings=\"{&quot;background_background&quot;:&quot;classic&quot;}\">\n\t\t\t\t\t\t\t<div class=\"elementor-background-overlay\"><\/div>\n\t\t\t\t\t\t\t<div class=\"elementor-container elementor-column-gap-no\">\n\t\t\t\t\t<div class=\"elementor-column elementor-col-100 elementor-top-column elementor-element elementor-element-b36b0d0 sc_content_align_inherit sc_layouts_column_icons_position_left sc_fly_static\" data-id=\"b36b0d0\" data-element_type=\"column\" data-e-type=\"column\">\n\t\t\t<div class=\"elementor-widget-wrap elementor-element-populated\">\n\t\t\t\t\t\t<section class=\"elementor-section elementor-inner-section elementor-element elementor-element-dd9870f elementor-section-boxed elementor-section-height-default elementor-section-height-default sc_fly_static\" data-id=\"dd9870f\" data-element_type=\"section\" data-e-type=\"section\">\n\t\t\t\t\t\t<div class=\"elementor-container elementor-column-gap-extended\">\n\t\t\t\t\t<div class=\"elementor-column elementor-col-100 elementor-inner-column elementor-element elementor-element-8d7e29c sc_content_align_inherit sc_layouts_column_icons_position_left sc_fly_static\" data-id=\"8d7e29c\" data-element_type=\"column\" data-e-type=\"column\">\n\t\t\t<div class=\"elementor-widget-wrap elementor-element-populated\">\n\t\t\t\t\t\t<div class=\"elementor-element elementor-element-d63aaf0 sc_fly_static elementor-widget elementor-widget-spacer\" data-id=\"d63aaf0\" data-element_type=\"widget\" data-e-type=\"widget\" data-widget_type=\"spacer.default\">\n\t\t\t\t<div class=\"elementor-widget-container\">\n\t\t\t\t\t\t\t<div class=\"elementor-spacer\">\n\t\t\t<div class=\"elementor-spacer-inner\"><\/div>\n\t\t<\/div>\n\t\t\t\t\t\t<\/div>\n\t\t\t\t<\/div>\n\t\t\t\t<div class=\"elementor-element elementor-element-224a14f sc_fly_static elementor-widget elementor-widget-trx_sc_layouts_title\" data-id=\"224a14f\" data-element_type=\"widget\" data-e-type=\"widget\" data-widget_type=\"trx_sc_layouts_title.default\">\n\t\t\t\t<div class=\"elementor-widget-container\">\n\t\t\t\t\t<div class=\"sc_layouts_title sc_align_center with_content without_image without_tint\" ><div class=\"sc_layouts_title_content\"><div class=\"sc_layouts_title_title\"><h1 class=\"sc_layouts_title_caption\">Segment Tesisleri<\/h1><\/div><\/div><\/div>\t\t\t\t<\/div>\n\t\t\t\t<\/div>\n\t\t\t\t<div class=\"elementor-element elementor-element-520ed14 sc_fly_static elementor-widget elementor-widget-spacer\" data-id=\"520ed14\" data-element_type=\"widget\" data-e-type=\"widget\" data-widget_type=\"spacer.default\">\n\t\t\t\t<div class=\"elementor-widget-container\">\n\t\t\t\t\t\t\t<div class=\"elementor-spacer\">\n\t\t\t<div class=\"elementor-spacer-inner\"><\/div>\n\t\t<\/div>\n\t\t\t\t\t\t<\/div>\n\t\t\t\t<\/div>\n\t\t\t\t<div class=\"elementor-element elementor-element-35672a8 elementor-view-default sc_fly_static elementor-widget elementor-widget-icon\" data-id=\"35672a8\" data-element_type=\"widget\" data-e-type=\"widget\" data-widget_type=\"icon.default\">\n\t\t\t\t<div class=\"elementor-widget-container\">\n\t\t\t\t\t\t\t<div class=\"elementor-icon-wrapper\">\n\t\t\t<div class=\"elementor-icon\">\n\t\t\t<svg xmlns=\"http:\/\/www.w3.org\/2000\/svg\" width=\"14.626\" height=\"8.639\" viewBox=\"0 0 14.626 8.639\"><g id=\"down-arrow\" transform=\"translate(0 -70.698)\"><g id=\"Group_8820\" data-name=\"Group 8820\" transform=\"translate(0 100.698)\"><path id=\"Path_6507\" data-name=\"Path 6507\" d=\"M14.392,101.42l-.479-.482a.8.8,0,0,0-1.132,0L7.316,106.4l-5.472-5.472a.8.8,0,0,0-1.132,0l-.479.479a.8.8,0,0,0,0,1.131l6.515,6.538a.818.818,0,0,0,.567.257h0a.818.818,0,0,0,.566-.257l6.508-6.52a.808.808,0,0,0,.234-.571A.8.8,0,0,0,14.392,101.42Z\" transform=\"translate(0 -130.698)\"><\/path><\/g><\/g><\/svg>\t\t\t<\/div>\n\t\t<\/div>\n\t\t\t\t\t\t<\/div>\n\t\t\t\t<\/div>\n\t\t\t\t<div class=\"elementor-element elementor-element-d079756 sc_height_huge sc_fly_static elementor-widget elementor-widget-spacer\" data-id=\"d079756\" data-element_type=\"widget\" data-e-type=\"widget\" data-widget_type=\"spacer.default\">\n\t\t\t\t<div class=\"elementor-widget-container\">\n\t\t\t\t\t\t\t<div class=\"elementor-spacer\">\n\t\t\t<div class=\"elementor-spacer-inner\"><\/div>\n\t\t<\/div>\n\t\t\t\t\t\t<\/div>\n\t\t\t\t<\/div>\n\t\t\t\t\t<\/div>\n\t\t<\/div>\n\t\t\t\t\t<\/div>\n\t\t<\/section>\n\t\t\t\t\t<\/div>\n\t\t<\/div>\n\t\t\t\t\t<\/div>\n\t\t<\/section>\n\t\t\t\t<section class=\"elementor-section elementor-top-section elementor-element elementor-element-14e8278 elementor-section-boxed elementor-section-height-default elementor-section-height-default sc_fly_static\" data-id=\"14e8278\" data-element_type=\"section\" data-e-type=\"section\">\n\t\t\t\t\t\t<div class=\"elementor-container elementor-column-gap-extended\">\n\t\t\t\t\t<div class=\"elementor-column elementor-col-50 elementor-top-column elementor-element elementor-element-218e7b5 sc_content_align_inherit sc_layouts_column_icons_position_left sc_fly_static\" data-id=\"218e7b5\" data-element_type=\"column\" data-e-type=\"column\">\n\t\t\t<div class=\"elementor-widget-wrap elementor-element-populated\">\n\t\t\t\t\t\t<div class=\"elementor-element elementor-element-2372302 sc_height_medium sc_fly_static elementor-widget elementor-widget-spacer\" data-id=\"2372302\" data-element_type=\"widget\" data-e-type=\"widget\" data-widget_type=\"spacer.default\">\n\t\t\t\t<div class=\"elementor-widget-container\">\n\t\t\t\t\t\t\t<div class=\"elementor-spacer\">\n\t\t\t<div class=\"elementor-spacer-inner\"><\/div>\n\t\t<\/div>\n\t\t\t\t\t\t<\/div>\n\t\t\t\t<\/div>\n\t\t\t\t<div class=\"elementor-element elementor-element-0600a4a sc_fly_static elementor-widget elementor-widget-text-editor\" data-id=\"0600a4a\" data-element_type=\"widget\" data-e-type=\"widget\" data-widget_type=\"text-editor.default\">\n\t\t\t\t<div class=\"elementor-widget-container\">\n\t\t\t\t\t\t\t\t\t<p class=\"s4\">Tasar\u0131m, \u00fcretim, kurulum segmentlerin tam zaman\u0131nda tedarik edilmesi, kesintisiz t\u00fcnel a\u00e7ma operasyonlar\u0131 i\u00e7in \u00f6nemli bir \u00f6n ko\u015fuldur. \u00dcretim d\u00f6ng\u00fclerini hesapl\u0131yor, optimum \u00fcretim konseptleri geli\u015ftiriyor ve g\u00fcvenilir bir lojistik sistemi kuruyoruz.<\/p><p class=\"s4\">Projeye \u00f6zel yerle\u015fim d\u00fczenine sahip segment \u00fcretim tesislerine ek olarak, ilgili t\u00fcm kaynak ve ekipmanlar\u0131n teslimat\u0131n\u0131 ve kurulumunu yap\u0131yoruz.<\/p>\t\t\t\t\t\t\t\t<\/div>\n\t\t\t\t<\/div>\n\t\t\t\t<div class=\"elementor-element elementor-element-66c2a8e sc_height_medium sc_fly_static elementor-widget elementor-widget-spacer\" data-id=\"66c2a8e\" data-element_type=\"widget\" data-e-type=\"widget\" data-widget_type=\"spacer.default\">\n\t\t\t\t<div class=\"elementor-widget-container\">\n\t\t\t\t\t\t\t<div class=\"elementor-spacer\">\n\t\t\t<div class=\"elementor-spacer-inner\"><\/div>\n\t\t<\/div>\n\t\t\t\t\t\t<\/div>\n\t\t\t\t<\/div>\n\t\t\t\t\t<\/div>\n\t\t<\/div>\n\t\t\t\t<div class=\"elementor-column elementor-col-50 elementor-top-column elementor-element elementor-element-141e074 sc_content_align_inherit sc_layouts_column_icons_position_left sc_fly_static\" data-id=\"141e074\" data-element_type=\"column\" data-e-type=\"column\">\n\t\t\t<div class=\"elementor-widget-wrap elementor-element-populated\">\n\t\t\t\t\t\t<div class=\"elementor-element elementor-element-f610c0e sc_height_medium sc_fly_static elementor-widget elementor-widget-spacer\" data-id=\"f610c0e\" data-element_type=\"widget\" data-e-type=\"widget\" data-widget_type=\"spacer.default\">\n\t\t\t\t<div class=\"elementor-widget-container\">\n\t\t\t\t\t\t\t<div class=\"elementor-spacer\">\n\t\t\t<div class=\"elementor-spacer-inner\"><\/div>\n\t\t<\/div>\n\t\t\t\t\t\t<\/div>\n\t\t\t\t<\/div>\n\t\t\t\t<div class=\"sidebar elementor-element elementor-element-69f9b69 sc_fly_static elementor-widget elementor-widget-trx_sc_layouts_widgets\" data-id=\"69f9b69\" data-element_type=\"widget\" data-e-type=\"widget\" data-widget_type=\"trx_sc_layouts_widgets.default\">\n\t\t\t\t<div class=\"elementor-widget-container\">\n\t\t\t\t\t<div class=\"sc_layouts_widgets widget_area\" ><div class=\"sc_layouts_widgets_inner widget_area_inner\"><aside class=\"widget_text widget widget_custom_html\"><div class=\"textwidget custom-html-widget\"><div class=\"service-menu\">\r\n  <h3 class=\"menu-title\">Hizmetlerimiz<\/h3>\r\n  <ul class=\"service-list\">\r\n    <li><a href=\"\/tr\/hizmetlerimiz\/celik-imalat\/\">\u00c7elik \u0130malat<\/a><\/li>\r\n    <li><a href=\"\/tr\/hizmetlerimiz\/elektromekanik-imalat-ve-montaj\/\">Elektromekanik \u0130malat ve Montaj<\/a><\/li>\r\n    <li><a href=\"\/tr\/hizmetlerimiz\/paks-peron-ayirici-kapi-sistemleri\/\">PAKS \u2013 Peron Ay\u0131r\u0131c\u0131 Kap\u0131 Sistemleri<\/a><\/li>\r\n    <li><a href=\"\/tr\/hizmetlerimiz\/segment-tesisleri\/\">Segment Tesisleri<\/a><\/li>\r\n  <\/ul>\r\n<\/div>\r\n\r\n<style>\r\n.service-menu {\r\n  background-color: #1E2F5C; \/* Koyu mavi arka plan *\/\r\n  padding: 32px;\r\n  border-radius: 12px;\r\n}\r\n\r\n.menu-title {\r\n  color: #ffffff;\r\n  font-size: 20px;\r\n  font-weight: 600;\r\n  margin-bottom: 16px;\r\n  letter-spacing: 0.5px;\r\n}\r\n\r\n.service-list {\r\n  list-style: none;\r\n  margin: 0;\r\n  padding: 0;\r\n}\r\n\r\n.service-list li {\r\n  margin-bottom: 10px;\r\n}\r\n\r\n.service-list a {\r\n  color: #ffffff;\r\n  text-decoration: none;\r\n  font-weight: 500;\r\n  font-size: 16px;\r\n  transition: all 0.25s ease;\r\n  display: inline-block;\r\n}\r\n\r\n.service-list a:hover {\r\n  color: #ff6d1e; \/* Turuncu hover rengi *\/\r\n  transform: translateX(4px);\r\n}\r\n<\/style><\/div><\/aside>\t\t\t<\/div>\n\t\t<\/div>\n\t\t\t\t\t\t<\/div>\n\t\t\t\t<\/div>\n\t\t\t\t<div class=\"elementor-element elementor-element-3b2de36 sc_height_medium sc_fly_static elementor-widget elementor-widget-spacer\" data-id=\"3b2de36\" data-element_type=\"widget\" data-e-type=\"widget\" data-widget_type=\"spacer.default\">\n\t\t\t\t<div class=\"elementor-widget-container\">\n\t\t\t\t\t\t\t<div class=\"elementor-spacer\">\n\t\t\t<div class=\"elementor-spacer-inner\"><\/div>\n\t\t<\/div>\n\t\t\t\t\t\t<\/div>\n\t\t\t\t<\/div>\n\t\t\t\t\t<\/div>\n\t\t<\/div>\n\t\t\t\t\t<\/div>\n\t\t<\/section>\n\t\t\t\t<\/div>\n\t\t","protected":false},"excerpt":{"rendered":"<p>Page (post) title Tasar\u0131m, \u00fcretim, kurulum segmentlerin tam zaman\u0131nda tedarik edilmesi, kesintisiz t\u00fcnel a\u00e7ma operasyonlar\u0131 i\u00e7in \u00f6nemli bir \u00f6n ko\u015fuldur. \u00dcretim d\u00f6ng\u00fclerini hesapl\u0131yor, optimum \u00fcretim konseptleri geli\u015ftiriyor ve g\u00fcvenilir bir&hellip;<\/p>\n","protected":false},"author":1,"featured_media":0,"parent":21015,"menu_order":0,"comment_status":"closed","ping_status":"closed","template":"","meta":{"footnotes":""},"class_list":["post-21532","page","type-page","status-publish","hentry"],"_links":{"self":[{"href":"https:\/\/miraliseng.com\/tr\/wp-json\/wp\/v2\/pages\/21532","targetHints":{"allow":["GET"]}}],"collection":[{"href":"https:\/\/miraliseng.com\/tr\/wp-json\/wp\/v2\/pages"}],"about":[{"href":"https:\/\/miraliseng.com\/tr\/wp-json\/wp\/v2\/types\/page"}],"author":[{"embeddable":true,"href":"https:\/\/miraliseng.com\/tr\/wp-json\/wp\/v2\/users\/1"}],"replies":[{"embeddable":true,"href":"https:\/\/miraliseng.com\/tr\/wp-json\/wp\/v2\/comments?post=21532"}],"version-history":[{"count":11,"href":"https:\/\/miraliseng.com\/tr\/wp-json\/wp\/v2\/pages\/21532\/revisions"}],"predecessor-version":[{"id":21885,"href":"https:\/\/miraliseng.com\/tr\/wp-json\/wp\/v2\/pages\/21532\/revisions\/21885"}],"up":[{"embeddable":true,"href":"https:\/\/miraliseng.com\/tr\/wp-json\/wp\/v2\/pages\/21015"}],"wp:attachment":[{"href":"https:\/\/miraliseng.com\/tr\/wp-json\/wp\/v2\/media?parent=21532"}],"curies":[{"name":"wp","href":"https:\/\/api.w.org\/{rel}","templated":true}]}}