{"id":3738,"date":"2021-01-26T12:04:13","date_gmt":"2021-01-26T12:04:13","guid":{"rendered":"https:\/\/miralis.adburbs.com\/?page_id=3738"},"modified":"2025-11-28T21:25:16","modified_gmt":"2025-11-28T18:25:16","slug":"hakkimizda","status":"publish","type":"page","link":"https:\/\/miraliseng.com\/tr\/hakkimizda\/","title":{"rendered":"Hakk\u0131m\u0131zda"},"content":{"rendered":"\t\t<div data-elementor-type=\"wp-page\" data-elementor-id=\"3738\" class=\"elementor elementor-3738\">\n\t\t\t\t\t\t<section class=\"elementor-section elementor-top-section elementor-element elementor-element-a279675 elementor-section-full_width elementor-section-content-middle sc_layouts_row sc_layouts_row_type_compact scheme_dark elementor-section-height-default elementor-section-height-default sc_fly_static\" data-id=\"a279675\" data-element_type=\"section\" data-e-type=\"section\" data-settings=\"{&quot;background_background&quot;:&quot;classic&quot;}\">\n\t\t\t\t\t\t\t<div class=\"elementor-background-overlay\"><\/div>\n\t\t\t\t\t\t\t<div class=\"elementor-container elementor-column-gap-no\">\n\t\t\t\t\t<div class=\"elementor-column elementor-col-100 elementor-top-column elementor-element elementor-element-621e7b6 sc_content_align_inherit sc_layouts_column_icons_position_left sc_fly_static\" data-id=\"621e7b6\" data-element_type=\"column\" data-e-type=\"column\">\n\t\t\t<div class=\"elementor-widget-wrap elementor-element-populated\">\n\t\t\t\t\t\t<section class=\"elementor-section elementor-inner-section elementor-element elementor-element-ff61a09 elementor-section-boxed elementor-section-height-default elementor-section-height-default sc_fly_static\" data-id=\"ff61a09\" data-element_type=\"section\" data-e-type=\"section\">\n\t\t\t\t\t\t<div class=\"elementor-container elementor-column-gap-extended\">\n\t\t\t\t\t<div class=\"elementor-column elementor-col-100 elementor-inner-column elementor-element elementor-element-3f73714 sc_content_align_inherit sc_layouts_column_icons_position_left sc_fly_static\" data-id=\"3f73714\" data-element_type=\"column\" data-e-type=\"column\">\n\t\t\t<div class=\"elementor-widget-wrap elementor-element-populated\">\n\t\t\t\t\t\t<div class=\"elementor-element elementor-element-4dae7b1 sc_fly_static elementor-widget elementor-widget-spacer\" data-id=\"4dae7b1\" data-element_type=\"widget\" data-e-type=\"widget\" data-widget_type=\"spacer.default\">\n\t\t\t\t<div class=\"elementor-widget-container\">\n\t\t\t\t\t\t\t<div class=\"elementor-spacer\">\n\t\t\t<div class=\"elementor-spacer-inner\"><\/div>\n\t\t<\/div>\n\t\t\t\t\t\t<\/div>\n\t\t\t\t<\/div>\n\t\t\t\t<div class=\"elementor-element elementor-element-886057f sc_fly_static elementor-widget elementor-widget-trx_sc_layouts_title\" data-id=\"886057f\" data-element_type=\"widget\" data-e-type=\"widget\" data-widget_type=\"trx_sc_layouts_title.default\">\n\t\t\t\t<div class=\"elementor-widget-container\">\n\t\t\t\t\t<div class=\"sc_layouts_title sc_align_center with_content without_image without_tint\" ><div class=\"sc_layouts_title_content\"><div class=\"sc_layouts_title_title\"><h1 class=\"sc_layouts_title_caption\">Hakk\u0131m\u0131zda<\/h1><\/div><\/div><\/div>\t\t\t\t<\/div>\n\t\t\t\t<\/div>\n\t\t\t\t<div class=\"elementor-element elementor-element-c550a00 sc_fly_static elementor-widget elementor-widget-spacer\" data-id=\"c550a00\" data-element_type=\"widget\" data-e-type=\"widget\" data-widget_type=\"spacer.default\">\n\t\t\t\t<div class=\"elementor-widget-container\">\n\t\t\t\t\t\t\t<div class=\"elementor-spacer\">\n\t\t\t<div class=\"elementor-spacer-inner\"><\/div>\n\t\t<\/div>\n\t\t\t\t\t\t<\/div>\n\t\t\t\t<\/div>\n\t\t\t\t<div class=\"elementor-element elementor-element-314418f elementor-view-default sc_fly_static elementor-widget elementor-widget-icon\" data-id=\"314418f\" data-element_type=\"widget\" data-e-type=\"widget\" data-widget_type=\"icon.default\">\n\t\t\t\t<div class=\"elementor-widget-container\">\n\t\t\t\t\t\t\t<div class=\"elementor-icon-wrapper\">\n\t\t\t<div class=\"elementor-icon\">\n\t\t\t<svg xmlns=\"http:\/\/www.w3.org\/2000\/svg\" width=\"14.626\" height=\"8.639\" viewBox=\"0 0 14.626 8.639\"><g id=\"down-arrow\" transform=\"translate(0 -70.698)\"><g id=\"Group_8820\" data-name=\"Group 8820\" transform=\"translate(0 100.698)\"><path id=\"Path_6507\" data-name=\"Path 6507\" d=\"M14.392,101.42l-.479-.482a.8.8,0,0,0-1.132,0L7.316,106.4l-5.472-5.472a.8.8,0,0,0-1.132,0l-.479.479a.8.8,0,0,0,0,1.131l6.515,6.538a.818.818,0,0,0,.567.257h0a.818.818,0,0,0,.566-.257l6.508-6.52a.808.808,0,0,0,.234-.571A.8.8,0,0,0,14.392,101.42Z\" transform=\"translate(0 -130.698)\"><\/path><\/g><\/g><\/svg>\t\t\t<\/div>\n\t\t<\/div>\n\t\t\t\t\t\t<\/div>\n\t\t\t\t<\/div>\n\t\t\t\t<div class=\"elementor-element elementor-element-3f27599 sc_height_huge sc_fly_static elementor-widget elementor-widget-spacer\" data-id=\"3f27599\" data-element_type=\"widget\" data-e-type=\"widget\" data-widget_type=\"spacer.default\">\n\t\t\t\t<div class=\"elementor-widget-container\">\n\t\t\t\t\t\t\t<div class=\"elementor-spacer\">\n\t\t\t<div class=\"elementor-spacer-inner\"><\/div>\n\t\t<\/div>\n\t\t\t\t\t\t<\/div>\n\t\t\t\t<\/div>\n\t\t\t\t\t<\/div>\n\t\t<\/div>\n\t\t\t\t\t<\/div>\n\t\t<\/section>\n\t\t\t\t\t<\/div>\n\t\t<\/div>\n\t\t\t\t\t<\/div>\n\t\t<\/section>\n\t\t\t\t<section class=\"elementor-section elementor-top-section elementor-element elementor-element-fba7329 sc_layouts_hide_on_mobile scheme_default elementor-section-boxed elementor-section-height-default elementor-section-height-default sc_fly_static\" data-id=\"fba7329\" data-element_type=\"section\" data-e-type=\"section\" data-settings=\"{&quot;background_background&quot;:&quot;classic&quot;}\">\n\t\t\t\t\t\t<div class=\"elementor-container elementor-column-gap-extended\">\n\t\t\t\t\t<div class=\"elementor-column elementor-col-100 elementor-top-column elementor-element elementor-element-b63ab04 sc_content_align_inherit sc_layouts_column_icons_position_left sc_fly_static\" data-id=\"b63ab04\" data-element_type=\"column\" data-e-type=\"column\">\n\t\t\t<div class=\"elementor-widget-wrap elementor-element-populated\">\n\t\t\t\t\t\t<div class=\"elementor-element elementor-element-6fbd024 sc_height_medium sc_fly_static elementor-widget elementor-widget-spacer\" data-id=\"6fbd024\" data-element_type=\"widget\" data-e-type=\"widget\" data-widget_type=\"spacer.default\">\n\t\t\t\t<div class=\"elementor-widget-container\">\n\t\t\t\t\t\t\t<div class=\"elementor-spacer\">\n\t\t\t<div class=\"elementor-spacer-inner\"><\/div>\n\t\t<\/div>\n\t\t\t\t\t\t<\/div>\n\t\t\t\t<\/div>\n\t\t\t\t\t<\/div>\n\t\t<\/div>\n\t\t\t\t\t<\/div>\n\t\t<\/section>\n\t\t\t\t<section class=\"elementor-section elementor-top-section elementor-element elementor-element-a4b3cd2 elementor-section-full_width elementor-section-content-middle scheme_default elementor-section-height-default elementor-section-height-default sc_fly_static\" data-id=\"a4b3cd2\" data-element_type=\"section\" data-e-type=\"section\" data-settings=\"{&quot;background_background&quot;:&quot;classic&quot;}\">\n\t\t\t\t\t\t<div class=\"elementor-container elementor-column-gap-no\">\n\t\t\t\t\t<div class=\"elementor-column elementor-col-50 elementor-top-column elementor-element elementor-element-6eb7912 sc_content_align_inherit sc_layouts_column_icons_position_left sc_fly_static\" data-id=\"6eb7912\" data-element_type=\"column\" data-e-type=\"column\" data-settings=\"{&quot;background_background&quot;:&quot;classic&quot;}\">\n\t\t\t<div class=\"elementor-widget-wrap elementor-element-populated\">\n\t\t\t\t\t\t<div class=\"elementor-element elementor-element-4db0fb0 sc_fly_static elementor-widget elementor-widget-spacer\" data-id=\"4db0fb0\" data-element_type=\"widget\" data-e-type=\"widget\" data-widget_type=\"spacer.default\">\n\t\t\t\t<div class=\"elementor-widget-container\">\n\t\t\t\t\t\t\t<div class=\"elementor-spacer\">\n\t\t\t<div class=\"elementor-spacer-inner\"><\/div>\n\t\t<\/div>\n\t\t\t\t\t\t<\/div>\n\t\t\t\t<\/div>\n\t\t\t\t\t<\/div>\n\t\t<\/div>\n\t\t\t\t<div class=\"elementor-column elementor-col-50 elementor-top-column elementor-element elementor-element-8abcbb5 sc-mobile_inner_width_none sc_content_align_inherit sc_layouts_column_icons_position_left sc_fly_static\" data-id=\"8abcbb5\" data-element_type=\"column\" data-e-type=\"column\">\n\t\t\t<div class=\"elementor-widget-wrap elementor-element-populated\">\n\t\t\t\t\t\t<section class=\"elementor-section elementor-inner-section elementor-element elementor-element-9fe9a1e elementor-section-boxed elementor-section-height-default elementor-section-height-default sc_fly_static\" data-id=\"9fe9a1e\" data-element_type=\"section\" data-e-type=\"section\">\n\t\t\t\t\t\t<div class=\"elementor-container elementor-column-gap-no\">\n\t\t\t\t\t<div class=\"elementor-column elementor-col-100 elementor-inner-column elementor-element elementor-element-1d52a8c sc_inner_width_1_2 sc-tablet_inner_width_none sc_content_align_inherit sc_layouts_column_icons_position_left sc_fly_static\" data-id=\"1d52a8c\" data-element_type=\"column\" data-e-type=\"column\">\n\t\t\t<div class=\"elementor-widget-wrap elementor-element-populated\">\n\t\t\t\t\t\t<div class=\"elementor-element elementor-element-0bd5282 sc_height_large sc_fly_static elementor-widget elementor-widget-spacer\" data-id=\"0bd5282\" data-element_type=\"widget\" data-e-type=\"widget\" data-widget_type=\"spacer.default\">\n\t\t\t\t<div class=\"elementor-widget-container\">\n\t\t\t\t\t\t\t<div class=\"elementor-spacer\">\n\t\t\t<div class=\"elementor-spacer-inner\"><\/div>\n\t\t<\/div>\n\t\t\t\t\t\t<\/div>\n\t\t\t\t<\/div>\n\t\t\t\t<div class=\"elementor-element elementor-element-2a1070e sc_fly_static elementor-widget elementor-widget-html\" data-id=\"2a1070e\" data-element_type=\"widget\" data-e-type=\"widget\" data-widget_type=\"html.default\">\n\t\t\t\t<div class=\"elementor-widget-container\">\n\t\t\t\t\t<style>\n\/* === HAKKIMIZDA (Kompakt s\u00fcr\u00fcm) === *\/\n.about-section {\n  max-width: 1000px;\n  margin: 0 auto;                    \/* \u00dcst\/alt bo\u015fluk yok *\/\n  padding: 36px 28px;                \/* Kompakt i\u00e7 bo\u015fluk *\/\n  background: linear-gradient(180deg, #0b2b5e 0%, #143d8d 100%);\n  color: #fff;\n  border-radius: 24px;\n  box-shadow: 0 12px 30px rgba(0,0,0,.14);\n  position: relative;\n  overflow: hidden;\n}\n\n\/* Sol turuncu aks *\/\n.about-section::before{\n  content:\"\";\n  position:absolute; inset:0 auto 0 0;\n  width:6px; background:#FF6D1F;\n  border-radius:6px 0 0 6px;\n}\n\n\/* Ba\u015fl\u0131k ve metin *\/\n.about-section h2{\n  margin:0 0 12px 0;                 \/* K\u0131sa aral\u0131k *\/\n  font-size:1.8rem; font-weight:700; color:#fff;\n}\n.about-section p{\n  margin:0;\n  font-size:1.05rem; line-height:1.75; color:rgba(255,255,255,.9);\n}\n\n\/* Hafif giri\u015f animasyonu (iste\u011fe ba\u011fl\u0131, kompakt) *\/\n@keyframes fadeInUp{from{opacity:0;transform:translateY(18px)}to{opacity:1;transform:translateY(0)}}\n.about-section{animation:fadeInUp .6s ease both}\n\n\/* Responsive *\/\n@media (max-width:768px){\n  .about-section{ padding:24px 18px; }\n  .about-section h2{ font-size:1.5rem; margin-bottom:10px; }\n  .about-section p{ font-size:1rem; line-height:1.7; }\n}\n<\/style>\n\n<section class=\"about-section\">\n  <h2>Hakk\u0131m\u0131zda<\/h2>\n  <p>\n    Miralis M\u00fchendislik, Ankara merkezli bir m\u00fchendislik firmas\u0131 olup, elektromekanik alan\u0131n\u0131n yan\u0131 s\u0131ra elektronik, elektrik, mekanik ve ince i\u015fler ile yap\u0131sal \u00e7elik \u00fcretim ve montaj\u0131 alanlar\u0131nda da faaliyet g\u00f6stermektedir. Estetik ve teknik gereklilikleri bir arada sunarak ayd\u0131nlatma montaj\u0131nda \u00e7\u00f6z\u00fcm odakl\u0131 yakla\u015f\u0131mlar sergilerken, mekanik i\u015flerde titizlikle detaylar\u0131 ele almakta ve yap\u0131sal \u00e7elikte dayan\u0131ml\u0131 ve uzun \u00f6m\u00fcrl\u00fc \u00e7\u00f6z\u00fcmler sunmaktad\u0131r. Miralis, sekt\u00f6rdeki deneyimi ve kalite anlay\u0131\u015f\u0131yla g\u00fcvenilir bir i\u015f orta\u011f\u0131 olarak tan\u0131nmaktad\u0131r.\n  <\/p>\n<\/section>\t\t\t\t<\/div>\n\t\t\t\t<\/div>\n\t\t\t\t<div class=\"elementor-element elementor-element-946254c sc_height_large sc_fly_static elementor-widget elementor-widget-spacer\" data-id=\"946254c\" data-element_type=\"widget\" data-e-type=\"widget\" data-widget_type=\"spacer.default\">\n\t\t\t\t<div class=\"elementor-widget-container\">\n\t\t\t\t\t\t\t<div class=\"elementor-spacer\">\n\t\t\t<div class=\"elementor-spacer-inner\"><\/div>\n\t\t<\/div>\n\t\t\t\t\t\t<\/div>\n\t\t\t\t<\/div>\n\t\t\t\t<div class=\"elementor-element elementor-element-e3304ca sc_fly_static elementor-widget elementor-widget-html\" data-id=\"e3304ca\" data-element_type=\"widget\" data-e-type=\"widget\" data-widget_type=\"html.default\">\n\t\t\t\t<div class=\"elementor-widget-container\">\n\t\t\t\t\t<a href=\"\/tr\/iletisim\" class=\"btn-primary\">Bizimle \u0130leti\u015fime Ge\u00e7in<\/a>\t\t\t\t<\/div>\n\t\t\t\t<\/div>\n\t\t\t\t<div class=\"elementor-element elementor-element-1745e26 sc_fly_static elementor-widget elementor-widget-spacer\" data-id=\"1745e26\" data-element_type=\"widget\" data-e-type=\"widget\" data-widget_type=\"spacer.default\">\n\t\t\t\t<div class=\"elementor-widget-container\">\n\t\t\t\t\t\t\t<div class=\"elementor-spacer\">\n\t\t\t<div class=\"elementor-spacer-inner\"><\/div>\n\t\t<\/div>\n\t\t\t\t\t\t<\/div>\n\t\t\t\t<\/div>\n\t\t\t\t\t<\/div>\n\t\t<\/div>\n\t\t\t\t\t<\/div>\n\t\t<\/section>\n\t\t\t\t\t<\/div>\n\t\t<\/div>\n\t\t\t\t\t<\/div>\n\t\t<\/section>\n\t\t\t\t<section class=\"elementor-section elementor-top-section elementor-element elementor-element-64aeda7 scheme_default elementor-section-boxed elementor-section-height-default elementor-section-height-default sc_fly_static\" data-id=\"64aeda7\" data-element_type=\"section\" data-e-type=\"section\" data-settings=\"{&quot;background_background&quot;:&quot;classic&quot;}\">\n\t\t\t\t\t\t<div class=\"elementor-container elementor-column-gap-extended\">\n\t\t\t\t\t<div data-animation-type=\"block\" class=\"elementor-column elementor-col-100 elementor-top-column elementor-element elementor-element-1f27c2a sc_layouts_column_align_center sc_layouts_column sc_content_align_inherit sc_layouts_column_icons_position_left animation_type_block sc_fly_static elementor-invisible\" data-id=\"1f27c2a\" data-element_type=\"column\" data-e-type=\"column\" data-settings=\"{&quot;animation&quot;:&quot;fuse-fadeinup&quot;}\">\n\t\t\t<div class=\"elementor-widget-wrap elementor-element-populated\">\n\t\t\t\t\t\t<div class=\"elementor-element elementor-element-0cdfb6e sc_height_medium sc_fly_static elementor-widget elementor-widget-spacer\" data-id=\"0cdfb6e\" data-element_type=\"widget\" data-e-type=\"widget\" data-widget_type=\"spacer.default\">\n\t\t\t\t<div class=\"elementor-widget-container\">\n\t\t\t\t\t\t\t<div class=\"elementor-spacer\">\n\t\t\t<div class=\"elementor-spacer-inner\"><\/div>\n\t\t<\/div>\n\t\t\t\t\t\t<\/div>\n\t\t\t\t<\/div>\n\t\t\t\t<div class=\"elementor-element elementor-element-a121846 sc_fly_static elementor-widget elementor-widget-html\" data-id=\"a121846\" data-element_type=\"widget\" data-e-type=\"widget\" data-widget_type=\"html.default\">\n\t\t\t\t<div class=\"elementor-widget-container\">\n\t\t\t\t\t<section class=\"hero-section\">\n  <!-- Sol taraf -->\n  <div class=\"hero-content\">\n    <!-- Logo rozeti -->\n    <div class=\"hero-logo\">\n      <img decoding=\"async\" src=\"\/wp-content\/uploads\/2025\/09\/miralis-logo.png\" alt=\"Miralis M\u00fchendislik\">\n    <\/div>\n\n    <h2 class=\"hero-title\">Keep Calm <br><span>We Are Here!<\/span><\/h2>\n    <p class=\"hero-desc\">\n      Miralis M\u00fchendislik olarak, elektromekanikten yap\u0131sal \u00e7eli\u011fe uzanan \u00e7ok disiplinli\n      uzmanl\u0131\u011f\u0131m\u0131zla projelerinizi u\u00e7tan uca y\u00f6netiyor; kalite, emniyet ve s\u00fcrd\u00fcr\u00fclebilirlik\n      standartlar\u0131n\u0131 her ad\u0131mda g\u00fcvence alt\u0131na al\u0131yoruz.\n    <\/p>\n    <div class=\"hero-buttons\">\n      <a href=\"\/tr\/iletisim\/\" class=\"btn-primary\">Bizimle \u0130leti\u015fime Ge\u00e7in<\/a>\n      <a href=\"\/tr\/projelerimiz\/\" class=\"btn-outline\">Projelerimizi \u0130nceleyin<\/a>\n    <\/div>\n  <\/div>\n\n  <!-- Sa\u011f taraf: 4 kutu (1.si g\u00f6rsel) -->\n  <div class=\"hero-stats\">\n    <!-- 1) G\u00f6rsel kutu -->\n    <div class=\"stat-card image-card\">\n      <img decoding=\"async\" src=\"\/wp-content\/uploads\/2025\/10\/about-us-1.jpg\" alt=\"Miralis \u2014 saha ve ekip \u00e7al\u0131\u015fmas\u0131\">\n    <\/div>\n\n    <!-- 2) \u0130statistik -->\n    <div class=\"stat-card\">\n      <div class=\"stat-number\">740+<\/div>\n      <div class=\"stat-label\">Tamamlanan Proje<\/div>\n    <\/div>\n\n    <!-- 3) \u0130statistik -->\n    <div class=\"stat-card\">\n      <div class=\"stat-number\">65+<\/div>\n      <div class=\"stat-label\">Referans<\/div>\n    <\/div>\n\n    <!-- 4) \u0130statistik -->\n    <div class=\"stat-card\">\n      <div class=\"stat-number\">35+<\/div>\n      <div class=\"stat-label\">\u00dclke<\/div>\n    <\/div>\n  <\/div>\n<\/section>\t\t\t\t<\/div>\n\t\t\t\t<\/div>\n\t\t\t\t<div class=\"elementor-element elementor-element-0739240 sc_height_medium sc_fly_static elementor-widget elementor-widget-spacer\" data-id=\"0739240\" data-element_type=\"widget\" data-e-type=\"widget\" data-widget_type=\"spacer.default\">\n\t\t\t\t<div class=\"elementor-widget-container\">\n\t\t\t\t\t\t\t<div class=\"elementor-spacer\">\n\t\t\t<div class=\"elementor-spacer-inner\"><\/div>\n\t\t<\/div>\n\t\t\t\t\t\t<\/div>\n\t\t\t\t<\/div>\n\t\t\t\t\t<\/div>\n\t\t<\/div>\n\t\t\t\t\t<\/div>\n\t\t<\/section>\n\t\t\t\t<\/div>\n\t\t","protected":false},"excerpt":{"rendered":"<p>Page (post) title Hakk\u0131m\u0131zda Miralis M\u00fchendislik, Ankara merkezli bir m\u00fchendislik firmas\u0131 olup, elektromekanik alan\u0131n\u0131n yan\u0131 s\u0131ra elektronik, elektrik, mekanik ve ince i\u015fler ile yap\u0131sal \u00e7elik \u00fcretim ve montaj\u0131 alanlar\u0131nda da&hellip;<\/p>\n","protected":false},"author":1,"featured_media":0,"parent":0,"menu_order":0,"comment_status":"closed","ping_status":"closed","template":"","meta":{"footnotes":""},"class_list":["post-3738","page","type-page","status-publish","hentry"],"_links":{"self":[{"href":"https:\/\/miraliseng.com\/tr\/wp-json\/wp\/v2\/pages\/3738","targetHints":{"allow":["GET"]}}],"collection":[{"href":"https:\/\/miraliseng.com\/tr\/wp-json\/wp\/v2\/pages"}],"about":[{"href":"https:\/\/miraliseng.com\/tr\/wp-json\/wp\/v2\/types\/page"}],"author":[{"embeddable":true,"href":"https:\/\/miraliseng.com\/tr\/wp-json\/wp\/v2\/users\/1"}],"replies":[{"embeddable":true,"href":"https:\/\/miraliseng.com\/tr\/wp-json\/wp\/v2\/comments?post=3738"}],"version-history":[{"count":63,"href":"https:\/\/miraliseng.com\/tr\/wp-json\/wp\/v2\/pages\/3738\/revisions"}],"predecessor-version":[{"id":22013,"href":"https:\/\/miraliseng.com\/tr\/wp-json\/wp\/v2\/pages\/3738\/revisions\/22013"}],"wp:attachment":[{"href":"https:\/\/miraliseng.com\/tr\/wp-json\/wp\/v2\/media?parent=3738"}],"curies":[{"name":"wp","href":"https:\/\/api.w.org\/{rel}","templated":true}]}}